{"id":147488,"date":"2021-01-15T10:55:23","date_gmt":"2021-01-15T10:55:23","guid":{"rendered":"https:\/\/codengine3.ch\/?product=import-placeholder-for-207483"},"modified":"2021-06-18T17:33:57","modified_gmt":"2021-06-18T15:33:57","slug":"tessin-die-schoensten-badeplaetze-an-seen-fluessen-und-wasserfaellen","status":"publish","type":"product","link":"https:\/\/pizbube.ch\/en\/shop\/tessin-die-schoensten-badeplaetze-an-seen-fluessen-und-wasserfaellen\/","title":{"rendered":"TESSIN &#8211; Die sch\u00f6nsten Badepl\u00e4tze an Seen, Fl\u00fcssen und Wasserf\u00e4llen"},"content":{"rendered":"<p>Dieses Buch f\u00fchrt Abenteurerinnen, Wasserratten und Geniesser jeden Alters an<br \/>\nspektakul\u00e4r sch\u00f6ne Orte am Wasser. Darunter sind viele, die kaum jemand kennt.<\/p>\n<p>120 Badepl\u00e4tze mit ihren t\u00fcrkisblauen Becken, dramatisch geschliffenen Felsen,<br \/>\nstiebenden Wasserf\u00e4llen und lauschigen Sandstr\u00e4nden werden in Bild und Text<br \/>\npr\u00e4sentiert. Sie sind alle in h\u00f6chstens einer Stunde zu Fuss ab \u00d6V-Haltestelle<br \/>\noder Parkplatz erreichbar.<\/p>\n<p>Dank Karten, Koordinaten und genauen Be-schreibungen des Zugangs erreicht man<br \/>\nsie auf dem einfachsten Weg. Viele Tipps zur Sicherheit und Hinweise auf<br \/>\nsympathische Grotti, Gelaterias und Wochenm\u00e4rkte komplettieren den F\u00fchrer.<\/p>\n<p>1. Auflage, 2020<br \/>\nKlappenbroschur, 14,8 \u00d7 20 cm, 272 Seiten<br \/>\n\u00fcber 300 Abbildungen<\/p>","protected":false},"excerpt":{"rendered":"<p>Dieses Buch f\u00fchrt Abenteurerinnen, Wasserratten und Geniesser jeden Alters an spektakul\u00e4r sch\u00f6ne Orte am Wasser. Darunter sind viele, die kaum jemand kennt. 120 Badepl\u00e4tze mit ihren t\u00fcrkisblauen Becken, dramatisch geschliffenen Felsen, stiebenden Wasserf\u00e4llen und lauschigen Sandstr\u00e4nden werden in Bild und Text pr\u00e4sentiert. Sie sind alle in h\u00f6chstens einer Stunde zu Fuss ab \u00d6V-Haltestelle oder Parkplatz [&#8230;]\n","protected":false},"featured_media":157646,"template":"","meta":[],"product_brand":[],"product_cat":[21542],"product_tag":[],"class_list":{"0":"post-147488","1":"product","2":"type-product","3":"status-publish","4":"has-post-thumbnail","6":"product_cat-sachbuecher-dokumentationen","7":"pa_autor-eberle","8":"pa_erscheinungsjahr-21558","9":"pa_region-schweiz","10":"pa_sprache-de","12":"first","13":"instock","14":"taxable","15":"shipping-taxable","16":"purchasable","17":"product-type-simple"},"_links":{"self":[{"href":"https:\/\/pizbube.ch\/en\/wp-json\/wp\/v2\/product\/147488","targetHints":{"allow":["GET"]}}],"collection":[{"href":"https:\/\/pizbube.ch\/en\/wp-json\/wp\/v2\/product"}],"about":[{"href":"https:\/\/pizbube.ch\/en\/wp-json\/wp\/v2\/types\/product"}],"wp:featuredmedia":[{"embeddable":true,"href":"https:\/\/pizbube.ch\/en\/wp-json\/wp\/v2\/media\/157646"}],"wp:attachment":[{"href":"https:\/\/pizbube.ch\/en\/wp-json\/wp\/v2\/media?parent=147488"}],"wp:term":[{"taxonomy":"product_brand","embeddable":true,"href":"https:\/\/pizbube.ch\/en\/wp-json\/wp\/v2\/product_brand?post=147488"},{"taxonomy":"product_cat","embeddable":true,"href":"https:\/\/pizbube.ch\/en\/wp-json\/wp\/v2\/product_cat?post=147488"},{"taxonomy":"product_tag","embeddable":true,"href":"https:\/\/pizbube.ch\/en\/wp-json\/wp\/v2\/product_tag?post=147488"}],"curies":[{"name":"wp","href":"https:\/\/api.w.org\/{rel}","templated":true}]}}