{"id":147489,"date":"2021-01-15T10:55:23","date_gmt":"2021-01-15T10:55:23","guid":{"rendered":"https:\/\/codengine3.ch\/?product=import-placeholder-for-200219"},"modified":"2025-09-22T13:37:44","modified_gmt":"2025-09-22T11:37:44","slug":"schnee-eine-liebeserklaerung-an-den-winter","status":"publish","type":"product","link":"https:\/\/pizbube.ch\/en\/shop\/schnee-eine-liebeserklaerung-an-den-winter\/","title":{"rendered":"Schnee &#8211; Eine Liebeserkl\u00e4rung an den Winter"},"content":{"rendered":"<p>Skifahren, Schneeballschlachten oder in wattiges Weiss getauchte<br \/>\nWinterlandschaften &#8211; Schnee fasziniert Klein und Gross immer wieder von Neuem.<br \/>\nEs ist ein Naturph\u00e4nomen, zu dem jeder und jede ein Verh\u00e4ltnis, Gef\u00fchle,<br \/>\nErinnerungen hat. Selbst seine Abwesenheit besch\u00e4ftigt uns &#8211; dies nicht<br \/>\nzuletzt auch in Hinblick auf die gr\u00f6sseren Dimensionen von Klimawandel und<br \/>\nschwindendem Permafrost.<\/p>\n<p>Eine Vielzahl von Sportarten w\u00e4re ohne Schnee nicht denkbar, ganze<br \/>\nTourismuszweige ohne ihn gef\u00e4hrdet. Er ist Risiko und Ressource zugleich. Mit<br \/>\ndiesen und vielen weiteren Aspekten besch\u00e4ftigt sich dieses Buch. Neben den<br \/>\nFakten wird versucht, der Faszination dieses besonderen, verg\u00e4nglichen Stoffes<br \/>\nauf die Spur zu kommen.<\/p>\n<p>Physik und Chemie k\u00f6nnen uns vielleicht helfen, die Natur zu verstehen. Was<br \/>\nsie aber f\u00fcr uns bedeutet, kann man in diesem sinnlichen Buch \u00fcber Schnee<br \/>\nerfahren. Ausgehend von pers\u00f6nlichen Erlebnissen f\u00fchrt uns der Autor an<br \/>\nbesondere Orte, die ohne Schnee nicht denkbar w\u00e4ren.<\/p>","protected":false},"excerpt":{"rendered":"<p>Skifahren, Schneeballschlachten oder in wattiges Weiss getauchte Winterlandschaften &#8211; Schnee fasziniert Klein und Gross immer wieder von Neuem. Es ist ein Naturph\u00e4nomen, zu dem jeder und jede ein Verh\u00e4ltnis, Gef\u00fchle, Erinnerungen hat. Selbst seine Abwesenheit besch\u00e4ftigt uns &#8211; dies nicht zuletzt auch in Hinblick auf die gr\u00f6sseren Dimensionen von Klimawandel und schwindendem Permafrost. Eine Vielzahl [&#8230;]\n","protected":false},"featured_media":26238,"template":"","meta":[],"product_brand":[],"product_cat":[21542],"product_tag":[],"class_list":{"0":"post-147489","1":"product","2":"type-product","3":"status-publish","4":"has-post-thumbnail","6":"product_cat-sachbuecher-dokumentationen","7":"pa_autor-schophaus","8":"pa_erscheinungsjahr-21586","9":"pa_region-schweiz","10":"pa_sprache-de","12":"first","13":"outofstock","14":"taxable","15":"shipping-taxable","16":"purchasable","17":"product-type-simple"},"_links":{"self":[{"href":"https:\/\/pizbube.ch\/en\/wp-json\/wp\/v2\/product\/147489","targetHints":{"allow":["GET"]}}],"collection":[{"href":"https:\/\/pizbube.ch\/en\/wp-json\/wp\/v2\/product"}],"about":[{"href":"https:\/\/pizbube.ch\/en\/wp-json\/wp\/v2\/types\/product"}],"wp:featuredmedia":[{"embeddable":true,"href":"https:\/\/pizbube.ch\/en\/wp-json\/wp\/v2\/media\/26238"}],"wp:attachment":[{"href":"https:\/\/pizbube.ch\/en\/wp-json\/wp\/v2\/media?parent=147489"}],"wp:term":[{"taxonomy":"product_brand","embeddable":true,"href":"https:\/\/pizbube.ch\/en\/wp-json\/wp\/v2\/product_brand?post=147489"},{"taxonomy":"product_cat","embeddable":true,"href":"https:\/\/pizbube.ch\/en\/wp-json\/wp\/v2\/product_cat?post=147489"},{"taxonomy":"product_tag","embeddable":true,"href":"https:\/\/pizbube.ch\/en\/wp-json\/wp\/v2\/product_tag?post=147489"}],"curies":[{"name":"wp","href":"https:\/\/api.w.org\/{rel}","templated":true}]}}