{"id":147490,"date":"2021-01-15T10:55:23","date_gmt":"2021-01-15T10:55:23","guid":{"rendered":"https:\/\/codengine3.ch\/?product=import-placeholder-for-206035"},"modified":"2021-01-15T14:45:53","modified_gmt":"2021-01-15T14:45:53","slug":"das-buch-vom-schnee","status":"publish","type":"product","link":"https:\/\/pizbube.ch\/en\/shop\/das-buch-vom-schnee\/","title":{"rendered":"Das Buch vom Schnee"},"content":{"rendered":"<p>Schnee \u00fcbt eine seltsame Faszination aus. Er steht f\u00fcr Sch\u00f6nheit und Reinheit,<br \/>\nweckt Kindheitserinnerungen, man kann jede Menge Spa\u00df mit ihm haben &#8211; aber er<br \/>\nwird auch mit Einsamkeit und Tod assoziiert.  <\/p>\n<p>Der Journalist Charlie English, seit seiner Kindheit ein besessener Fan der<br \/>\nwei\u00dfen Flocken, macht sich in DAS BUCH VOM SCHNEE auf die Suche nach dem<br \/>\nSchnee der Welt. Er will herausfinden, wie die Menschen in den<br \/>\nunterschiedlichen Regionen mit Schnee leben, wozu sie ihn nutzen und welche<br \/>\nBedeutung er f\u00fcr sie hat. English reist an die entlegensten Orte: auf Baffin<br \/>\nIsland lernt er, einen Iglu zu bauen, er folgt den Spuren der Romantiker in<br \/>\nden Alpen, besucht die gef\u00e4hrlichsten Lawinent\u00e4ler und ger\u00e4t auf der haute<br \/>\nroute in der Schweiz an seine Grenzen.  <\/p>\n<p>Auf seiner Expedition begegnet er nicht nur Abenteurern und Einsiedlern,<br \/>\nsondern er besucht auch zahlreiche Wissenschaftler und erz\u00e4hlt die Geschichte<br \/>\nder Schneeforschung. Zudem hat er intensiv recherchiert und gibt dem Leser ein<br \/>\nBrevier an historischen und wissenschaftlichen Fakten an die Hand. DAS BUCH<br \/>\nVOM SCHNEE ist eine inspirierende Mischung aus Loblied, Geschichte und<br \/>\nReisebericht mit einem einzigen Protagonisten: Schnee.  <\/p>","protected":false},"excerpt":{"rendered":"<p>Schnee \u00fcbt eine seltsame Faszination aus. Er steht f\u00fcr Sch\u00f6nheit und Reinheit, weckt Kindheitserinnerungen, man kann jede Menge Spa\u00df mit ihm haben &#8211; aber er wird auch mit Einsamkeit und Tod assoziiert. Der Journalist Charlie English, seit seiner Kindheit ein besessener Fan der wei\u00dfen Flocken, macht sich in DAS BUCH VOM SCHNEE auf die Suche [&#8230;]\n","protected":false},"featured_media":34926,"template":"","meta":[],"product_brand":[],"product_cat":[21629],"product_tag":[],"class_list":{"0":"post-147490","1":"product","2":"type-product","3":"status-publish","4":"has-post-thumbnail","6":"product_cat-belletristik","7":"pa_autor-english","8":"pa_erscheinungsjahr-21693","9":"pa_region-deutschland","10":"pa_sprache-de","12":"first","13":"instock","14":"taxable","15":"shipping-taxable","16":"purchasable","17":"product-type-simple"},"_links":{"self":[{"href":"https:\/\/pizbube.ch\/en\/wp-json\/wp\/v2\/product\/147490","targetHints":{"allow":["GET"]}}],"collection":[{"href":"https:\/\/pizbube.ch\/en\/wp-json\/wp\/v2\/product"}],"about":[{"href":"https:\/\/pizbube.ch\/en\/wp-json\/wp\/v2\/types\/product"}],"wp:featuredmedia":[{"embeddable":true,"href":"https:\/\/pizbube.ch\/en\/wp-json\/wp\/v2\/media\/34926"}],"wp:attachment":[{"href":"https:\/\/pizbube.ch\/en\/wp-json\/wp\/v2\/media?parent=147490"}],"wp:term":[{"taxonomy":"product_brand","embeddable":true,"href":"https:\/\/pizbube.ch\/en\/wp-json\/wp\/v2\/product_brand?post=147490"},{"taxonomy":"product_cat","embeddable":true,"href":"https:\/\/pizbube.ch\/en\/wp-json\/wp\/v2\/product_cat?post=147490"},{"taxonomy":"product_tag","embeddable":true,"href":"https:\/\/pizbube.ch\/en\/wp-json\/wp\/v2\/product_tag?post=147490"}],"curies":[{"name":"wp","href":"https:\/\/api.w.org\/{rel}","templated":true}]}}