{"id":147493,"date":"2021-01-15T10:55:23","date_gmt":"2021-01-15T10:55:23","guid":{"rendered":"https:\/\/codengine3.ch\/?product=import-placeholder-for-207521"},"modified":"2021-01-15T16:04:14","modified_gmt":"2021-01-15T16:04:14","slug":"schneegeschichten","status":"publish","type":"product","link":"https:\/\/pizbube.ch\/en\/shop\/schneegeschichten\/","title":{"rendered":"Schneegeschichten"},"content":{"rendered":"<p>Unterwegs zum verg\u00e4nglichen Gl\u00fcck<\/p>\n<p>Geschichten, spannende Reportagen vom Schnee und vom Winter. In Deutschland,<br \/>\n\u00d6sterreich, der Schweiz. Und auch noch anderswo.<\/p>\n<p>In der Hitze der indischen Gro\u00dfstadt Mumbai fragt ihn Mister Pramod: \u00bbTell me,<br \/>\nmy friend: Was ist eigentlich Schnee?\u00ab Johannes Schweikle ist auf die Reise<br \/>\ngegangen, um diesem wundersamen Stoff nachzusp\u00fcren. Herausgekommen ist ein<br \/>\nLesebuch mit Reportagen und Portr\u00e4ts. Sie erz\u00e4hlen von originellen Menschen<br \/>\naus der Eis- und Winterwelt: vom Erfinder des Skilifts im Schwarzwald, von den<br \/>\nHelfern beim Abfahrtslauf in Kitzb\u00fchel. In Gr\u00f6nland begibt sich der Autor auf<br \/>\ndie Spuren von Fridtjof Nansen, der auf dem Umweg \u00fcber die Arktis die Ski zu<br \/>\nuns gebracht hat.<\/p>\n<p>In der Schweiz befragt er einen Schneeforscher \u00fcber die Zukunft des Winters.<br \/>\nIn Norwegen muss er eine Nacht in einer Schneeh\u00f6hle \u00fcberstehen. In den<br \/>\nDolomiten besichtigt er die aberwitzigen \u00dcberreste des Winterkrieges im<br \/>\nHochgebirge. Facettenreich zeigt dieses Buch, wie sich Widerspr\u00fcche unserer<br \/>\nZeit gewisserma\u00dfen im Schnee abbilden. Jedes Jahr erhoffen wir uns einen<br \/>\nR\u00fcckweg in das Gl\u00fcck der Kindheit und w\u00fcnschen uns wei\u00dfe Weihnachten. Aber der<br \/>\nAsphalt auf den Stra\u00dfen soll bitte schwarz und trocken bleiben. Und f\u00fcr den<br \/>\nSkiurlaub wird der Kunstschnee im Dreischichtbetrieb produziert.<\/p>\n<p>Fr\u00e4ulein Smilla mag ein au\u00dferordentliches Gef\u00fchl f\u00fcr Schnee gehabt haben.<br \/>\nJohannes Schweikle indes beweist beim Thema Schnee sein au\u00dfergew\u00f6hnliches<br \/>\nGef\u00fchl f\u00fcr Sprache. Mit knappen, aber \u00fcberaus ausdrucksstarken S\u00e4tzen zieht er<br \/>\neinen in seine Geschichten hinein. Es geht nur vorw\u00e4rts, wie bei einer<br \/>\nPolarexpedition, auf der es keine Umkehr gibt. Ein Lesevergn\u00fcgen der<br \/>\nbesonderen Art!<\/p>","protected":false},"excerpt":{"rendered":"<p>Unterwegs zum verg\u00e4nglichen Gl\u00fcck Geschichten, spannende Reportagen vom Schnee und vom Winter. In Deutschland, \u00d6sterreich, der Schweiz. Und auch noch anderswo. In der Hitze der indischen Gro\u00dfstadt Mumbai fragt ihn Mister Pramod: \u00bbTell me, my friend: Was ist eigentlich Schnee?\u00ab Johannes Schweikle ist auf die Reise gegangen, um diesem wundersamen Stoff nachzusp\u00fcren. Herausgekommen ist ein [&#8230;]\n","protected":false},"featured_media":37707,"template":"","meta":[],"product_brand":[],"product_cat":[21629],"product_tag":[],"class_list":{"0":"post-147493","1":"product","2":"type-product","3":"status-publish","4":"has-post-thumbnail","6":"product_cat-belletristik","7":"pa_autor-schweikle","8":"pa_erscheinungsjahr-21597","9":"pa_region-deutschland","10":"pa_sprache-de","12":"first","13":"instock","14":"taxable","15":"shipping-taxable","16":"purchasable","17":"product-type-simple"},"_links":{"self":[{"href":"https:\/\/pizbube.ch\/en\/wp-json\/wp\/v2\/product\/147493","targetHints":{"allow":["GET"]}}],"collection":[{"href":"https:\/\/pizbube.ch\/en\/wp-json\/wp\/v2\/product"}],"about":[{"href":"https:\/\/pizbube.ch\/en\/wp-json\/wp\/v2\/types\/product"}],"wp:featuredmedia":[{"embeddable":true,"href":"https:\/\/pizbube.ch\/en\/wp-json\/wp\/v2\/media\/37707"}],"wp:attachment":[{"href":"https:\/\/pizbube.ch\/en\/wp-json\/wp\/v2\/media?parent=147493"}],"wp:term":[{"taxonomy":"product_brand","embeddable":true,"href":"https:\/\/pizbube.ch\/en\/wp-json\/wp\/v2\/product_brand?post=147493"},{"taxonomy":"product_cat","embeddable":true,"href":"https:\/\/pizbube.ch\/en\/wp-json\/wp\/v2\/product_cat?post=147493"},{"taxonomy":"product_tag","embeddable":true,"href":"https:\/\/pizbube.ch\/en\/wp-json\/wp\/v2\/product_tag?post=147493"}],"curies":[{"name":"wp","href":"https:\/\/api.w.org\/{rel}","templated":true}]}}