{"id":147494,"date":"2021-01-15T10:55:23","date_gmt":"2021-01-15T10:55:23","guid":{"rendered":"https:\/\/codengine3.ch\/?product=import-placeholder-for-200220"},"modified":"2021-01-15T10:55:28","modified_gmt":"2021-01-15T10:55:28","slug":"patrick-edlinger","status":"publish","type":"product","link":"https:\/\/pizbube.ch\/en\/shop\/patrick-edlinger\/","title":{"rendered":"Patrick Edlinger"},"content":{"rendered":"<p>Voici le livre tel que Patrick Edlinger l`avait imagin\u00e9. Voici le livre tel<br \/>\nque nous l`avons concr\u00e9tis\u00e9. \u00c0 mi-chemin entre la biographie et<br \/>\nl`autobiographie, Jean-Michel Asselin compose un portrait \u00e0 hauteur d`homme,<br \/>\nce g\u00e9ant au sommet de son art.<\/p>\n<p>Le livre que vous tenez dans les mains est une autobiographie. Patrick l\u2019a<br \/>\n\u00e9crite, je lui ai juste pr\u00eat\u00e9 mes doigts. Comme dans certaines fissures, les<br \/>\nsiens \u00e9taient trop forts, trop gros pour courir sur les touches d\u2019un clavier.<br \/>\nIl me disait et j\u2019\u00e9crivais, c\u2019est aussi simple que cela. Ce sont ses mots, ses<br \/>\nsouvenirs, ses pens\u00e9es, ses faits et gestes, ses emportements, ses r\u00eaves, ses<br \/>\ndifficult\u00e9s, ses gloires, sa vie. Il voulait ce livre, il l\u2019a travaill\u00e9 avec<br \/>\nsoin, avec passion. Il cl\u00f4turait un grand chapitre de sa vie pour mieux en<br \/>\nouvrir d\u2019autres.<\/p>\n<p>Format : 23 x 23 cm; 320 pages et plus de 250 photos couleur et noir &#038; blanc<\/p>","protected":false},"excerpt":{"rendered":"<ul>\n<li><a href=\"https:\/\/youtu.be\/Jj1-58EfWpo\" target=\"_blank\" rel=\"noopener\">Video: PATRICK EDLINGER<\/a><\/li>\n<\/ul>","protected":false},"featured_media":26257,"template":"","meta":[],"product_brand":[],"product_cat":[21542],"product_tag":[],"class_list":{"0":"post-147494","1":"product","2":"type-product","3":"status-publish","4":"has-post-thumbnail","6":"product_cat-sachbuecher-dokumentationen","7":"pa_autor-asselin-edlinger","8":"pa_erscheinungsjahr-21568","9":"pa_region-frankreich","10":"pa_sprache-fr","12":"first","13":"instock","14":"taxable","15":"shipping-taxable","16":"purchasable","17":"product-type-simple"},"_links":{"self":[{"href":"https:\/\/pizbube.ch\/en\/wp-json\/wp\/v2\/product\/147494","targetHints":{"allow":["GET"]}}],"collection":[{"href":"https:\/\/pizbube.ch\/en\/wp-json\/wp\/v2\/product"}],"about":[{"href":"https:\/\/pizbube.ch\/en\/wp-json\/wp\/v2\/types\/product"}],"wp:featuredmedia":[{"embeddable":true,"href":"https:\/\/pizbube.ch\/en\/wp-json\/wp\/v2\/media\/26257"}],"wp:attachment":[{"href":"https:\/\/pizbube.ch\/en\/wp-json\/wp\/v2\/media?parent=147494"}],"wp:term":[{"taxonomy":"product_brand","embeddable":true,"href":"https:\/\/pizbube.ch\/en\/wp-json\/wp\/v2\/product_brand?post=147494"},{"taxonomy":"product_cat","embeddable":true,"href":"https:\/\/pizbube.ch\/en\/wp-json\/wp\/v2\/product_cat?post=147494"},{"taxonomy":"product_tag","embeddable":true,"href":"https:\/\/pizbube.ch\/en\/wp-json\/wp\/v2\/product_tag?post=147494"}],"curies":[{"name":"wp","href":"https:\/\/api.w.org\/{rel}","templated":true}]}}