{"id":147495,"date":"2021-01-15T10:55:23","date_gmt":"2021-01-15T10:55:23","guid":{"rendered":"https:\/\/codengine3.ch\/?product=import-placeholder-for-205556"},"modified":"2021-01-15T14:42:11","modified_gmt":"2021-01-15T14:42:11","slug":"berhault-dvd","status":"publish","type":"product","link":"https:\/\/pizbube.ch\/en\/shop\/berhault-dvd\/","title":{"rendered":"Berhault DVD"},"content":{"rendered":"<p>Le film hommage de Patrick Berhault.<br \/>\nAvec Patrick Edlinger et Philippe Magnin.  <\/p>\n<p>Durant ses trente ans de `carri\u00e8re`, Patrick Berhault a collectionn\u00e9 les<br \/>\nr\u00e9alisations originales, les premi\u00e8res spectaculaires et les entreprises<br \/>\nd`envergure, tout en imposant son humanit\u00e9, son humilit\u00e9 et son \u00e9thique.  <\/p>\n<p>Personnage hors norme, il \u00e9tait en quelque sorte unique. Un v\u00e9ritable artiste<br \/>\nde la verticale dont la disparition en 2004 sur les pentes du Dom a boulevers\u00e9<br \/>\nla collectivit\u00e9 montagnarde.  <\/p>\n<p>Au-del\u00e0 de la trace, magnifique qu`il a laiss\u00e9e, sait-on qui \u00e9tait vraiment<br \/>\nPatrick Berhault, h\u00e9ros adoub\u00e9 et v\u00e9n\u00e9r\u00e9 de plusieurs g\u00e9n\u00e9rations d`alpinistes<br \/>\net de grimpeurs, amateurs comme professionnels &#8211; Et pourquoi faisait-il<br \/>\nl`unanimit\u00e9, ou presque, dans un milieu o\u00f9 mesquineries et jalousies sont<br \/>\nmonnaie courante &#8211;<br \/>\nC`est \u00e0 ces interrogations que r\u00e9pond en filigrane ce portrait intimiste d`un<br \/>\nhomme rare. Patrick Edlinger, son ami de toujours, Laurent Chevallier, le<br \/>\nr\u00e9alisateur de ses premiers films, et Philippe Magnin, son dernier compagnon<br \/>\nde cord\u00e9e, nous guident dans l`univers, public et plus secret de Berhault. Des<br \/>\nt\u00e9moignages exceptionnels qui nous aident \u00e0 mieux comprendre la personnalit\u00e9,<br \/>\nles engagements et les choix de cet alpiniste hors norme.  <\/p>\n<p>Un film de Gilles Chappaz &#038; Rapha\u00ebl Lassabli\u00e8re; Dur\u00e9e: 1h09 + Bonus 43`<\/p>","protected":false},"excerpt":{"rendered":"<p>Le film hommage de Patrick Berhault. Avec Patrick Edlinger et Philippe Magnin. Durant ses trente ans de `carri\u00e8re`, Patrick Berhault a collectionn\u00e9 les r\u00e9alisations originales, les premi\u00e8res spectaculaires et les entreprises d`envergure, tout en imposant son humanit\u00e9, son humilit\u00e9 et son \u00e9thique. Personnage hors norme, il \u00e9tait en quelque sorte unique. Un v\u00e9ritable artiste de [&#8230;]\n","protected":false},"featured_media":34308,"template":"","meta":[],"product_brand":[],"product_cat":[21628],"product_tag":[],"class_list":{"0":"post-147495","1":"product","2":"type-product","3":"status-publish","4":"has-post-thumbnail","6":"product_cat-video-dvd-multimedia","7":"pa_autor-chappaz","8":"pa_erscheinungsjahr-21591","9":"pa_region-frankreich","10":"pa_sprache-fr","12":"first","13":"instock","14":"taxable","15":"shipping-taxable","16":"purchasable","17":"product-type-simple"},"_links":{"self":[{"href":"https:\/\/pizbube.ch\/en\/wp-json\/wp\/v2\/product\/147495","targetHints":{"allow":["GET"]}}],"collection":[{"href":"https:\/\/pizbube.ch\/en\/wp-json\/wp\/v2\/product"}],"about":[{"href":"https:\/\/pizbube.ch\/en\/wp-json\/wp\/v2\/types\/product"}],"wp:featuredmedia":[{"embeddable":true,"href":"https:\/\/pizbube.ch\/en\/wp-json\/wp\/v2\/media\/34308"}],"wp:attachment":[{"href":"https:\/\/pizbube.ch\/en\/wp-json\/wp\/v2\/media?parent=147495"}],"wp:term":[{"taxonomy":"product_brand","embeddable":true,"href":"https:\/\/pizbube.ch\/en\/wp-json\/wp\/v2\/product_brand?post=147495"},{"taxonomy":"product_cat","embeddable":true,"href":"https:\/\/pizbube.ch\/en\/wp-json\/wp\/v2\/product_cat?post=147495"},{"taxonomy":"product_tag","embeddable":true,"href":"https:\/\/pizbube.ch\/en\/wp-json\/wp\/v2\/product_tag?post=147495"}],"curies":[{"name":"wp","href":"https:\/\/api.w.org\/{rel}","templated":true}]}}