{"id":147496,"date":"2021-01-15T10:55:23","date_gmt":"2021-01-15T10:55:23","guid":{"rendered":"https:\/\/codengine3.ch\/?product=import-placeholder-for-206007"},"modified":"2026-04-10T10:50:58","modified_gmt":"2026-04-10T08:50:58","slug":"patrick-berhault-coffret-2-dvd-la-cordee-de-reve-sur-le-fil-des-4000","status":"publish","type":"product","link":"https:\/\/pizbube.ch\/en\/shop\/patrick-berhault-coffret-2-dvd-la-cordee-de-reve-sur-le-fil-des-4000\/","title":{"rendered":"Patrick Berhault Coffret 2 DVD: La cord\u00e9e de r\u00eave \/ Sur le fil des 4000"},"content":{"rendered":"<p>Deux DVD en hommage \u00e0 Patrick Berhault:<br \/>\n&#8211; La cord\u00e9e de r\u00eave<br \/>\n&#8211; Sur le fil des 4000.<br \/>\n2 films, 120 minutes.<\/p>\n<p>Sur le fil des 4000<br \/>\nLa cord\u00e9e Berhault-Magnin voyage \u00e0 travers les Alpes pour gravir, dans la<br \/>\nfoul\u00e9e, les 82 sommets de plus de 4000 m\u00e8tres.<\/p>\n<p>La Cord\u00e9e de R\u00eave<br \/>\nUn voyage unique de la Slov\u00e9nie \u00e0 la plage de Menton, 167 jours \u00e0 travers les<br \/>\nAlpes.<br \/>\nAvec Patrick Berhault, Patrick Edlinger et Philippe Magnin.<\/p>","protected":false},"excerpt":{"rendered":"<ul>\n<li><a href=\"https:\/\/youtu.be\/YL7WMtG0d-c\" target=\"_blank\" rel=\"noopener\">Video: Patrick Berhault &#8211; Sur Le Fil Des 4000<\/a><\/li>\n<\/ul>","protected":false},"featured_media":34890,"template":"","meta":[],"product_brand":[],"product_cat":[21628],"product_tag":[],"class_list":{"0":"post-147496","1":"product","2":"type-product","3":"status-publish","4":"has-post-thumbnail","6":"product_cat-video-dvd-multimedia","7":"pa_autor-chappaz","8":"pa_erscheinungsjahr-21693","9":"pa_region-frankreich","10":"pa_sprache-fr","12":"first","13":"outofstock","14":"taxable","15":"shipping-taxable","16":"purchasable","17":"product-type-simple"},"_links":{"self":[{"href":"https:\/\/pizbube.ch\/en\/wp-json\/wp\/v2\/product\/147496","targetHints":{"allow":["GET"]}}],"collection":[{"href":"https:\/\/pizbube.ch\/en\/wp-json\/wp\/v2\/product"}],"about":[{"href":"https:\/\/pizbube.ch\/en\/wp-json\/wp\/v2\/types\/product"}],"wp:featuredmedia":[{"embeddable":true,"href":"https:\/\/pizbube.ch\/en\/wp-json\/wp\/v2\/media\/34890"}],"wp:attachment":[{"href":"https:\/\/pizbube.ch\/en\/wp-json\/wp\/v2\/media?parent=147496"}],"wp:term":[{"taxonomy":"product_brand","embeddable":true,"href":"https:\/\/pizbube.ch\/en\/wp-json\/wp\/v2\/product_brand?post=147496"},{"taxonomy":"product_cat","embeddable":true,"href":"https:\/\/pizbube.ch\/en\/wp-json\/wp\/v2\/product_cat?post=147496"},{"taxonomy":"product_tag","embeddable":true,"href":"https:\/\/pizbube.ch\/en\/wp-json\/wp\/v2\/product_tag?post=147496"}],"curies":[{"name":"wp","href":"https:\/\/api.w.org\/{rel}","templated":true}]}}