{"id":147509,"date":"2021-01-15T10:55:24","date_gmt":"2021-01-15T10:55:24","guid":{"rendered":"https:\/\/codengine3.ch\/?product=import-placeholder-for-208294"},"modified":"2024-11-29T11:44:21","modified_gmt":"2024-11-29T10:44:21","slug":"kanton-tessin-hohe-waende","status":"publish","type":"product","link":"https:\/\/pizbube.ch\/en\/shop\/kanton-tessin-hohe-waende\/","title":{"rendered":"KANTON TESSIN &#8211; Hohe W\u00e4nde"},"content":{"rendered":"<p>Mit diesem F\u00fchrer, der sich den modernen Mehrseill\u00e4ngen- und Trad-Routen<br \/>\nwidmet, ist das Angebot an Kletterf\u00fchrern zum Kanton Tessin komplett.<\/p>\n<p>Neben interessanten Kletterg\u00e4rten gibt es im Tessin auch traumhafte lange<br \/>\nRouten in einem Granit, der zu den besten der Alpen z\u00e4hlt. Das milde Klima und<br \/>\ndie abwechslungsreiche Kletterei ziehen zudem zahlreiche Kletterer aus den<br \/>\nRegionen n\u00f6rdlich der Alpen an.<\/p>\n<p>Diese erweiterte Auflage wurden von den gleichen Autoren verfasst und auf den<br \/>\nneusten Stand gebracht, die auch den F\u00fchrer &#171;Varese und Kanton Tessin \u2013<br \/>\nKletterg\u00e4rten&#187; geschrieben haben. Sie geh\u00f6ren zu den Protagonisten dieser<br \/>\nW\u00e4nde, wo sie verschiedene, mitunter auch sehr schwierige Routen erschlossen<br \/>\nund wiederholt haben.<\/p>\n<p>Durch die Zusammenarbeit mit den lokalen Kletterern konnten sie die neusten<br \/>\nund oftmals noch unver\u00f6ffentlichten Informationen sammeln, die zur<br \/>\ngr\u00f6\u00dftm\u00f6glichen Vollst\u00e4ndigkeit dieses F\u00fchrers beitragen. Dazu kommen noch<br \/>\nErz\u00e4hlungen zu den pers\u00f6nlichen Erlebnissen unserer Autoren in den W\u00e4nden des<br \/>\nTessins und Interviews mit den wichtigsten Kletterern dieser Gegend.<\/p>","protected":false},"excerpt":{"rendered":"<p>Mit diesem F\u00fchrer, der sich den modernen Mehrseill\u00e4ngen- und Trad-Routen widmet, ist das Angebot an Kletterf\u00fchrern zum Kanton Tessin komplett. Neben interessanten Kletterg\u00e4rten gibt es im Tessin auch traumhafte lange Routen in einem Granit, der zu den besten der Alpen z\u00e4hlt. Das milde Klima und die abwechslungsreiche Kletterei ziehen zudem zahlreiche Kletterer aus den Regionen [&#8230;]\n","protected":false},"featured_media":156744,"template":"","meta":[],"product_brand":[],"product_cat":[21539],"product_tag":[],"class_list":{"0":"post-147509","1":"product","2":"type-product","3":"status-publish","4":"has-post-thumbnail","6":"product_cat-fuehrerliteratur-sportklettern-bouldern","7":"pa_autor-della-bordella-mazzuccelli","8":"pa_erscheinungsjahr-21571","9":"pa_region-schweiz","10":"pa_sprache-de","12":"first","13":"onbackorder","14":"taxable","15":"shipping-taxable","16":"purchasable","17":"product-type-simple"},"_links":{"self":[{"href":"https:\/\/pizbube.ch\/en\/wp-json\/wp\/v2\/product\/147509","targetHints":{"allow":["GET"]}}],"collection":[{"href":"https:\/\/pizbube.ch\/en\/wp-json\/wp\/v2\/product"}],"about":[{"href":"https:\/\/pizbube.ch\/en\/wp-json\/wp\/v2\/types\/product"}],"wp:featuredmedia":[{"embeddable":true,"href":"https:\/\/pizbube.ch\/en\/wp-json\/wp\/v2\/media\/156744"}],"wp:attachment":[{"href":"https:\/\/pizbube.ch\/en\/wp-json\/wp\/v2\/media?parent=147509"}],"wp:term":[{"taxonomy":"product_brand","embeddable":true,"href":"https:\/\/pizbube.ch\/en\/wp-json\/wp\/v2\/product_brand?post=147509"},{"taxonomy":"product_cat","embeddable":true,"href":"https:\/\/pizbube.ch\/en\/wp-json\/wp\/v2\/product_cat?post=147509"},{"taxonomy":"product_tag","embeddable":true,"href":"https:\/\/pizbube.ch\/en\/wp-json\/wp\/v2\/product_tag?post=147509"}],"curies":[{"name":"wp","href":"https:\/\/api.w.org\/{rel}","templated":true}]}}