{"id":147510,"date":"2021-01-15T10:55:24","date_gmt":"2021-01-15T10:55:24","guid":{"rendered":"https:\/\/codengine3.ch\/?product=import-placeholder-for-200223"},"modified":"2021-11-02T15:15:57","modified_gmt":"2021-11-02T14:15:57","slug":"eisgipfel-und-felsgrate-tourenfuehrer-oberes-pitztal","status":"publish","type":"product","link":"https:\/\/pizbube.ch\/en\/shop\/eisgipfel-und-felsgrate-tourenfuehrer-oberes-pitztal\/","title":{"rendered":"Eisgipfel und Felsgrate -Tourenf\u00fchrer Oberes Pitztal"},"content":{"rendered":"<p>Tourenf\u00fchrer Oberes Pitztal: rund um die Braunschweiger H\u00fctte<\/p>\n<p>Eisgipfel und Felsgrate beschreibt die einmalige Alpenlandschaft des oberen<br \/>\nPitztals um die Wildspitze, dem mit 3768 Metern h\u00f6chsten Berg von Nordtirol<br \/>\nund des zweith\u00f6chsten Berges von ganz \u00d6sterreich.<\/p>\n<p>Hier, in einem ausgedehnten Tourengebiet rund um die Braunschweiger H\u00fctte des<br \/>\nDAV gibt es Unternehmungen f\u00fcr jeden Geschmack:<\/p>\n<p>Gletscher- und Hochtouren<br \/>\nWanderungen<br \/>\nMehrsseill\u00e4ngenrouten<br \/>\nSportkletterrouten<br \/>\nEisklettern<br \/>\nSki- und Schneeschuhtouren<\/p>\n<p>Sowohl die einfachen Gipfelanstiege als auch ambitionierte<br \/>\nMehrseill\u00e4ngentouren werden im Buch beschrieben. F\u00fcr den Quickie am Abend gibt<br \/>\nes nat\u00fcrlich auch noch die Zwei-Seill\u00e4ngentour direkt \u00fcber der H\u00fctte.<br \/>\nDie Firn- und Eisrinnen sorgen f\u00fcr lecker Eis im Sommer wie im Winter. Nur f\u00fcr<br \/>\nden Winter sind die aufgef\u00fchrten Ski- und Schneeschuhtouren.<\/p>\n<p>Tal und Hochlage beherbergen 5 Kletterg\u00e4rten, in denen alle<br \/>\nSchwierigkeitsgrade vertreten sind.<\/p>\n<p>208 Seiten, durchgehend farbig<br \/>\nFototopos und Fotoanstiegsskizzen<\/p>","protected":false},"excerpt":{"rendered":"<ul>\n<li><a href=\"https:\/\/youtu.be\/iBIDCfWb6bc\" target=\"_blank\" rel=\"noopener\">Video: Bergsport-Vielfalt rund um die Braunschweiger H\u00fctte im oberen Pitztal<\/a><\/li>\n<\/ul>","protected":false},"featured_media":159491,"template":"","meta":[],"product_brand":[],"product_cat":[21544],"product_tag":[],"class_list":{"0":"post-147510","1":"product","2":"type-product","3":"status-publish","4":"has-post-thumbnail","6":"product_cat-fuehrerliteratur-alpin-sommer","7":"pa_autor-maluck","8":"pa_erscheinungsjahr-21597","9":"pa_region-oesterreich","10":"pa_sprache-de","12":"first","13":"instock","14":"taxable","15":"shipping-taxable","16":"purchasable","17":"product-type-simple"},"_links":{"self":[{"href":"https:\/\/pizbube.ch\/en\/wp-json\/wp\/v2\/product\/147510","targetHints":{"allow":["GET"]}}],"collection":[{"href":"https:\/\/pizbube.ch\/en\/wp-json\/wp\/v2\/product"}],"about":[{"href":"https:\/\/pizbube.ch\/en\/wp-json\/wp\/v2\/types\/product"}],"wp:featuredmedia":[{"embeddable":true,"href":"https:\/\/pizbube.ch\/en\/wp-json\/wp\/v2\/media\/159491"}],"wp:attachment":[{"href":"https:\/\/pizbube.ch\/en\/wp-json\/wp\/v2\/media?parent=147510"}],"wp:term":[{"taxonomy":"product_brand","embeddable":true,"href":"https:\/\/pizbube.ch\/en\/wp-json\/wp\/v2\/product_brand?post=147510"},{"taxonomy":"product_cat","embeddable":true,"href":"https:\/\/pizbube.ch\/en\/wp-json\/wp\/v2\/product_cat?post=147510"},{"taxonomy":"product_tag","embeddable":true,"href":"https:\/\/pizbube.ch\/en\/wp-json\/wp\/v2\/product_tag?post=147510"}],"curies":[{"name":"wp","href":"https:\/\/api.w.org\/{rel}","templated":true}]}}