{"id":147511,"date":"2021-01-15T10:55:24","date_gmt":"2021-01-15T10:55:24","guid":{"rendered":"https:\/\/codengine3.ch\/?product=import-placeholder-for-204395"},"modified":"2025-01-15T15:44:48","modified_gmt":"2025-01-15T14:44:48","slug":"oetztal-silvretta-skitourenfuehrer-pitztal-kaunertal-oberinntal-paznaun","status":"publish","type":"product","link":"https:\/\/pizbube.ch\/en\/shop\/oetztal-silvretta-skitourenfuehrer-pitztal-kaunertal-oberinntal-paznaun\/","title":{"rendered":"\u00d6tztal &#8211; Silvretta Skitourenf\u00fchrer,  Pitztal &#8211; Kaunertal &#8211; Oberinntal &#8211; Paznaun"},"content":{"rendered":"<p>52 Skitouren Pitztal &#8211; Kaunertal &#8211; Oberinntal &#8211; Paznaun<\/p>\n<p>Das \u00d6tztal und die Silvretta bieten ein hervorragendes Gebiet f\u00fcr<br \/>\nSkitourengeher. Der Rother Skitourenf\u00fchrer \u00bb\u00d6tztal \u2013 Silvretta\u00ab beinhaltet vor<br \/>\nallem das Tiroler Oberland, also die westliche H\u00e4lfte Tirols ab Innsbruck.<br \/>\nEinen Schwerpunkt bilden Skitouren in den \u00d6tztaler Alpen, vor allem aus dem<br \/>\n\u00d6tztal, Pitztal und Kaunertal. Gro\u00dfartige Ziele in den Stubaier Alpen erg\u00e4nzen<br \/>\ndas Angebot. Von der Silvretta ist der Tiroler Teil \u2013 mit Heidelberger und<br \/>\nJamtalh\u00fctte \u2013 beschrieben. Dar\u00fcber hinaus werden auch einige besonders<br \/>\nreizvolle Ziele in der Samnaun- und Verwallgruppe sowie in den Nordtiroler<br \/>\nKalkalpen vorgestellt.<\/p>\n<p>Rudolf und Siegrun Weiss, hervorragende Kenner dieser Region, haben die 50<br \/>\nsch\u00f6nsten Touren ausgew\u00e4hlt. Allein 30 der Touren f\u00fchren sogar auf<br \/>\nDreitausender, mitunter auf ausgedehnten Gletscher und oft auf langen Touren.<br \/>\nHier kommt der erfahrene Skibergsteiger voll auf seine Kosten. Doch auch<br \/>\nGenie\u00dfer und Tourengeher, die nur einige Male in der Saison zu den Fellen<br \/>\ngreifen, finden eine Vielzahl an reizvollen Tourenvorschl\u00e4gen.<\/p>\n<p>Genaue Anstiegsbeschreibungen und Tourenk\u00e4rtchen mit eingetragenem<br \/>\nRoutenverlauf erleichtern die Planung der Touren sowie die Orientierung am<br \/>\nBerg. Tourensteckbriefe liefern wichtige Hinweise zu Talorten und<br \/>\nAusgangspunkten, H\u00f6henunterschieden und Gehzeiten, Anforderungen,<br \/>\nLawinengef\u00e4hrdung und Hangausrichtung, g\u00fcnstiger Jahreszeit, Varianten und<br \/>\nEinkehrm\u00f6glichkeiten. Das Buch enth\u00e4lt zudem Tipps f\u00fcr sicheres und<br \/>\nnaturvertr\u00e4gliches Verhalten beim Tourengehen. Auch Kapazit\u00e4ten und<br \/>\n\u00d6ffnungszeiten der relevanten H\u00fcttenst\u00fctzpunkte sind aufgef\u00fchrt, sodass dieser<br \/>\nSkitourenf\u00fchrer ein unverzichtbarer Begleiter bei der Erkundung des Tiroler<br \/>\nOberlands ist.<\/p>\n<p>146 Seiten mit 60 Farbabbildungen<br \/>\n50 Tourenk\u00e4rtchen im Ma\u00dfstab 1:50.000, eine \u00dcbersichtskarte<br \/>\n4. aktual. Auflage 2024<\/p>","protected":false},"excerpt":{"rendered":"<p>52 Skitouren Pitztal &#8211; Kaunertal &#8211; Oberinntal &#8211; Paznaun Das \u00d6tztal und die Silvretta bieten ein hervorragendes Gebiet f\u00fcr Skitourengeher. Der Rother Skitourenf\u00fchrer \u00bb\u00d6tztal \u2013 Silvretta\u00ab beinhaltet vor allem das Tiroler Oberland, also die westliche H\u00e4lfte Tirols ab Innsbruck. Einen Schwerpunkt bilden Skitouren in den \u00d6tztaler Alpen, vor allem aus dem \u00d6tztal, Pitztal und Kaunertal. [&#8230;]\n","protected":false},"featured_media":171532,"template":"","meta":[],"product_brand":[],"product_cat":[21540],"product_tag":[],"class_list":{"0":"post-147511","1":"product","2":"type-product","3":"status-publish","4":"has-post-thumbnail","6":"product_cat-fuehrerliteratur-alpin-winter","7":"pa_autor-weiss","8":"pa_erscheinungsjahr-27339","9":"pa_region-oesterreich","10":"pa_sprache-de","12":"first","13":"instock","14":"taxable","15":"shipping-taxable","16":"purchasable","17":"product-type-simple"},"_links":{"self":[{"href":"https:\/\/pizbube.ch\/en\/wp-json\/wp\/v2\/product\/147511","targetHints":{"allow":["GET"]}}],"collection":[{"href":"https:\/\/pizbube.ch\/en\/wp-json\/wp\/v2\/product"}],"about":[{"href":"https:\/\/pizbube.ch\/en\/wp-json\/wp\/v2\/types\/product"}],"wp:featuredmedia":[{"embeddable":true,"href":"https:\/\/pizbube.ch\/en\/wp-json\/wp\/v2\/media\/171532"}],"wp:attachment":[{"href":"https:\/\/pizbube.ch\/en\/wp-json\/wp\/v2\/media?parent=147511"}],"wp:term":[{"taxonomy":"product_brand","embeddable":true,"href":"https:\/\/pizbube.ch\/en\/wp-json\/wp\/v2\/product_brand?post=147511"},{"taxonomy":"product_cat","embeddable":true,"href":"https:\/\/pizbube.ch\/en\/wp-json\/wp\/v2\/product_cat?post=147511"},{"taxonomy":"product_tag","embeddable":true,"href":"https:\/\/pizbube.ch\/en\/wp-json\/wp\/v2\/product_tag?post=147511"}],"curies":[{"name":"wp","href":"https:\/\/api.w.org\/{rel}","templated":true}]}}