{"id":147513,"date":"2021-01-15T10:55:24","date_gmt":"2021-01-15T10:55:24","guid":{"rendered":"https:\/\/codengine3.ch\/?product=import-placeholder-for-203542"},"modified":"2021-01-15T14:24:15","modified_gmt":"2021-01-15T14:24:15","slug":"les-pulls-rouges-la-legende-des-moniteurs-de-ski","status":"publish","type":"product","link":"https:\/\/pizbube.ch\/en\/shop\/les-pulls-rouges-la-legende-des-moniteurs-de-ski\/","title":{"rendered":"Les pulls rouges &#8211; La l\u00e9gende des moniteurs de ski"},"content":{"rendered":"<p>La l\u00e9gende des moniteurs de ski est une travers\u00e9e du si\u00e8cle aux c\u00f4t\u00e9s de ceux<br \/>\nqui ont m\u00e9tamorphos\u00e9 la montagne et le tourisme d&#8217;hiver, ces pionniers qui ont<br \/>\ncru que la neige et les pentes n&#8217;\u00e9taient pas des obstacles&#8230;<br \/>\nCet ouvrage consacre une \u00e9pop\u00e9e sportive, technique et avant tout humaine que<br \/>\nGilles Chappaz \u00e9voque gr\u00e2ce aux t\u00e9moignages exceptionnels des anciens. C&#8217;est<br \/>\naussi un album souvenir \u00e9mouvant dans lequel figurent les grands du ski ainsi<br \/>\nque tous ces pulls rouges qui ont fait du ski fran\u00e7ais une r\u00e9f\u00e9rence<br \/>\ninternationale<\/p>","protected":false},"excerpt":{"rendered":"<p>La l\u00e9gende des moniteurs de ski est une travers\u00e9e du si\u00e8cle aux c\u00f4t\u00e9s de ceux qui ont m\u00e9tamorphos\u00e9 la montagne et le tourisme d&#8217;hiver, ces pionniers qui ont cru que la neige et les pentes n&#8217;\u00e9taient pas des obstacles&#8230; Cet ouvrage consacre une \u00e9pop\u00e9e sportive, technique et avant tout humaine que Gilles Chappaz \u00e9voque gr\u00e2ce [&#8230;]\n","protected":false},"featured_media":31175,"template":"","meta":[],"product_brand":[],"product_cat":[21542],"product_tag":[],"class_list":{"0":"post-147513","1":"product","2":"type-product","3":"status-publish","4":"has-post-thumbnail","6":"product_cat-sachbuecher-dokumentationen","7":"pa_autor-chappaz","8":"pa_erscheinungsjahr-21920","9":"pa_region-frankreich","10":"pa_sprache-fr","12":"first","13":"outofstock","14":"taxable","15":"shipping-taxable","16":"purchasable","17":"product-type-simple"},"_links":{"self":[{"href":"https:\/\/pizbube.ch\/en\/wp-json\/wp\/v2\/product\/147513","targetHints":{"allow":["GET"]}}],"collection":[{"href":"https:\/\/pizbube.ch\/en\/wp-json\/wp\/v2\/product"}],"about":[{"href":"https:\/\/pizbube.ch\/en\/wp-json\/wp\/v2\/types\/product"}],"wp:featuredmedia":[{"embeddable":true,"href":"https:\/\/pizbube.ch\/en\/wp-json\/wp\/v2\/media\/31175"}],"wp:attachment":[{"href":"https:\/\/pizbube.ch\/en\/wp-json\/wp\/v2\/media?parent=147513"}],"wp:term":[{"taxonomy":"product_brand","embeddable":true,"href":"https:\/\/pizbube.ch\/en\/wp-json\/wp\/v2\/product_brand?post=147513"},{"taxonomy":"product_cat","embeddable":true,"href":"https:\/\/pizbube.ch\/en\/wp-json\/wp\/v2\/product_cat?post=147513"},{"taxonomy":"product_tag","embeddable":true,"href":"https:\/\/pizbube.ch\/en\/wp-json\/wp\/v2\/product_tag?post=147513"}],"curies":[{"name":"wp","href":"https:\/\/api.w.org\/{rel}","templated":true}]}}