{"id":147514,"date":"2021-01-15T10:55:24","date_gmt":"2021-01-15T10:55:24","guid":{"rendered":"https:\/\/codengine3.ch\/?product=import-placeholder-for-208328"},"modified":"2024-03-19T08:38:47","modified_gmt":"2024-03-19T07:38:47","slug":"plans-des-pistes","status":"publish","type":"product","link":"https:\/\/pizbube.ch\/en\/shop\/plans-des-pistes\/","title":{"rendered":"Plans des pistes"},"content":{"rendered":"<p>Les domaines skiables de France dessin\u00e9s par Pierre Novat<\/p>\n<p>Un ouvrage unique pour tous les amoureux de ski, de montagne et d&#8217;\u0153uvres<br \/>\ngraphiques.<\/p>\n<p>Tout skieur a eu entre ses mains un plan des pistes sign\u00e9 Pierre Novat. Quels<br \/>\nque soient le domaine skiable, la diversit\u00e9 des versants, la complexit\u00e9 des<br \/>\ntrac\u00e9s, Pierre Novat a r\u00e9volutionn\u00e9 le mode de repr\u00e9sentation de la montagne<br \/>\nafin que chacun se r\u00e9p\u00e8re sans souci de piste en piste. Au-del\u00e0 de leur<br \/>\nfonction pratique, ces d\u00e9pliants rec\u00e8lent une v\u00e9ritable \u0153uvre artistique que<br \/>\nce livre vous propose de d\u00e9couvrir ou red\u00e9couvrir.<\/p>\n<p>De la pratique \u00e0 l&#8217;art ou de l&#8217;art \u00e0 la pratique, il est difficile de choisir<br \/>\n: la pratique a autoris\u00e9 la cr\u00e9ation de cette \u0153uvre, et l&#8217;\u0153uvre permet de<br \/>\npratiquer\u2026 Ici, art et pratique ne font qu&#8217;un.<\/p>\n<p>Des prises de vues en h\u00e9licopt\u00e8re aux plans finaux, en passant par les dessins<br \/>\nau crayon, le d\u00e9but de l&#8217;ouvrage est consacr\u00e9 \u00e0 l&#8217;histoire de cette cr\u00e9ation<br \/>\net aux techniques adopt\u00e9es. Ensuite, sont reproduits une soixantaine de plans<br \/>\nparmi plus de 250 r\u00e9alis\u00e9s par Pierre Novat en 35 ans de carri\u00e8re<br \/>\nprofessionnelle. Au fil de ce parcours graphique, Laurent Belluard nous en<br \/>\npropose une lecture originale, en nous plongeant dans l&#8217;histoire des stations,<br \/>\nleur naissance, leur d\u00e9veloppement, les enjeux\u2026<\/p>\n<p>La mise en sc\u00e8ne graphique fid\u00e8le \u00e0 l&#8217;\u0153uvre de Pierre Novat ainsi que les huit<br \/>\nreproductions grand format sous forme de d\u00e9pliants trois volets agr\u00e9mentent<br \/>\nl&#8217;ensemble, le tout \u00e9tant compl\u00e9t\u00e9 par un catalogue des \u0153uvres.<\/p>","protected":false},"excerpt":{"rendered":"<p>Les domaines skiables de France dessin\u00e9s par Pierre Novat Un ouvrage unique pour tous les amoureux de ski, de montagne et d&#8217;\u0153uvres graphiques. Tout skieur a eu entre ses mains un plan des pistes sign\u00e9 Pierre Novat. Quels que soient le domaine skiable, la diversit\u00e9 des versants, la complexit\u00e9 des trac\u00e9s, Pierre Novat a r\u00e9volutionn\u00e9 [&#8230;]\n","protected":false},"featured_media":40008,"template":"","meta":[],"product_brand":[],"product_cat":[21542],"product_tag":[],"class_list":{"0":"post-147514","1":"product","2":"type-product","3":"status-publish","4":"has-post-thumbnail","6":"product_cat-sachbuecher-dokumentationen","7":"pa_autor-novat","8":"pa_erscheinungsjahr-21568","9":"pa_region-frankreich","10":"pa_sprache-fr","12":"first","13":"outofstock","14":"taxable","15":"shipping-taxable","16":"purchasable","17":"product-type-simple"},"_links":{"self":[{"href":"https:\/\/pizbube.ch\/en\/wp-json\/wp\/v2\/product\/147514","targetHints":{"allow":["GET"]}}],"collection":[{"href":"https:\/\/pizbube.ch\/en\/wp-json\/wp\/v2\/product"}],"about":[{"href":"https:\/\/pizbube.ch\/en\/wp-json\/wp\/v2\/types\/product"}],"wp:featuredmedia":[{"embeddable":true,"href":"https:\/\/pizbube.ch\/en\/wp-json\/wp\/v2\/media\/40008"}],"wp:attachment":[{"href":"https:\/\/pizbube.ch\/en\/wp-json\/wp\/v2\/media?parent=147514"}],"wp:term":[{"taxonomy":"product_brand","embeddable":true,"href":"https:\/\/pizbube.ch\/en\/wp-json\/wp\/v2\/product_brand?post=147514"},{"taxonomy":"product_cat","embeddable":true,"href":"https:\/\/pizbube.ch\/en\/wp-json\/wp\/v2\/product_cat?post=147514"},{"taxonomy":"product_tag","embeddable":true,"href":"https:\/\/pizbube.ch\/en\/wp-json\/wp\/v2\/product_tag?post=147514"}],"curies":[{"name":"wp","href":"https:\/\/api.w.org\/{rel}","templated":true}]}}