{"id":147515,"date":"2021-01-15T10:55:24","date_gmt":"2021-01-15T10:55:24","guid":{"rendered":"https:\/\/codengine3.ch\/?product=import-placeholder-for-200422"},"modified":"2021-01-15T10:57:25","modified_gmt":"2021-01-15T10:57:25","slug":"schnee-sonne-und-stars","status":"publish","type":"product","link":"https:\/\/pizbube.ch\/en\/shop\/schnee-sonne-und-stars\/","title":{"rendered":"Schnee, Sonne und Stars"},"content":{"rendered":"<p>\nWie der Wintertourismus von St. Moritz aus die Alpen erobert hat<\/p>\n<p>Die winterlichen Berge sind ein riesiges Freizeitparadies. Hochmoderne<br \/>\nBergbahnen und Lifte bef\u00f6rdern jeden Tag Tausende Wintersportler auf die<br \/>\nGipfel. Der alpine Wintersport ist eine wichtige Wirtschaftsbranche &#8211; und ein<br \/>\nElement schweizerischer Identifikation. Die Geschichte beginnt im Winter<br \/>\n1864\/65, als St. Moritz und Davos als erste Orte in den Alpen Winterg\u00e4ste<br \/>\nbeherbergen. Die Suche nach gesunder Bergluft ist es, die vorab Deutsche und<br \/>\nEngl\u00e4nder in die noch unerschlossenen Berge zieht. Ihre Abenteuerlust und der<br \/>\neinheimische Unternehmergeist pr\u00e4gen die Entwicklung des jungen<br \/>\nWintertourismus, der bald viele andere Orte und benachbarte L\u00e4nder erfasst. Zu<br \/>\nn\u00e4chst ein Tummelplatz der Reichen und Sch\u00f6nen, wird der Wintersport zur<br \/>\nVolksbewegung.<\/p>\n<p>Mit diesem Buch wird diese grosse Geschichte erstmals zusammenh\u00e4ngend &#8211; und<br \/>\nreich illustriert &#8211; erz\u00e4hlt. Mit Beitr\u00e4gen von Ursula Bauer, Peter Jegen, Adi<br \/>\nK\u00e4lin, Max Keller, Christof K\u00fcbler, Roland K\u00fcng, Sepp Renggli<\/p>\n<p>Die Geschichte des alpinen Wintertourismus beginnt im Winter 1864\/1865, als<br \/>\nSt. Moritz und Davos als erste Orte in den Alpen Winterg\u00e4ste beherbergten.<br \/>\nSeither ist der Wintersport zu einer bedeutenden Wirtschaftsbranche<br \/>\nangewachsen \u2013 und zum Element schweizerischer Identifikation.<\/p>\n<p>Die Suche nach gesunder Bergluft ist es, die vorab Deutsche und Engl\u00e4nder in<br \/>\ndie noch unerschlossenen Berge zieht. Ihre Abenteuerlust und der einheimische<br \/>\nUnternehmergeist pr\u00e4gen die Entwicklung des jungen Wintertourismus, der bald<br \/>\nviele andere Orte und benachbarte L\u00e4nder erfasst. Zun\u00e4chst ein Tummelplatz der<br \/>\nReichen und Sch\u00f6nen, wird der Wintersport zur Volksbewegung. Mit diesem Buch<br \/>\nwird diese grosse Geschichte erstmals zusammenh\u00e4ngend \u2013 und reich illustriert<br \/>\n\u2013 erz\u00e4hlt.<\/p>\n<p>Mit Beitr\u00e4gen von Ursula Bauer, Samuel Burgener, Peter Jegen, Adi K\u00e4lin, Max<br \/>\nKeller, Christof K\u00fcbler, Roland K\u00fcng, Sepp Renggli und einem Vorwort von Adolf<br \/>\nOgi sowie einem Nachwort von David Moran.  <\/p>","protected":false},"excerpt":{"rendered":"<p>Wie der Wintertourismus von St. Moritz aus die Alpen erobert hat Die winterlichen Berge sind ein riesiges Freizeitparadies. Hochmoderne Bergbahnen und Lifte bef\u00f6rdern jeden Tag Tausende Wintersportler auf die Gipfel. Der alpine Wintersport ist eine wichtige Wirtschaftsbranche &#8211; und ein Element schweizerischer Identifikation. Die Geschichte beginnt im Winter 1864\/65, als St. Moritz und Davos als [&#8230;]\n","protected":false},"featured_media":26866,"template":"","meta":[],"product_brand":[],"product_cat":[21542],"product_tag":[],"class_list":{"0":"post-147515","1":"product","2":"type-product","3":"status-publish","4":"has-post-thumbnail","6":"product_cat-sachbuecher-dokumentationen","7":"pa_autor-luetscher","8":"pa_erscheinungsjahr-21550","9":"pa_region-schweiz","10":"pa_sprache-de","12":"first","13":"instock","14":"taxable","15":"shipping-taxable","16":"purchasable","17":"product-type-simple"},"_links":{"self":[{"href":"https:\/\/pizbube.ch\/en\/wp-json\/wp\/v2\/product\/147515","targetHints":{"allow":["GET"]}}],"collection":[{"href":"https:\/\/pizbube.ch\/en\/wp-json\/wp\/v2\/product"}],"about":[{"href":"https:\/\/pizbube.ch\/en\/wp-json\/wp\/v2\/types\/product"}],"wp:featuredmedia":[{"embeddable":true,"href":"https:\/\/pizbube.ch\/en\/wp-json\/wp\/v2\/media\/26866"}],"wp:attachment":[{"href":"https:\/\/pizbube.ch\/en\/wp-json\/wp\/v2\/media?parent=147515"}],"wp:term":[{"taxonomy":"product_brand","embeddable":true,"href":"https:\/\/pizbube.ch\/en\/wp-json\/wp\/v2\/product_brand?post=147515"},{"taxonomy":"product_cat","embeddable":true,"href":"https:\/\/pizbube.ch\/en\/wp-json\/wp\/v2\/product_cat?post=147515"},{"taxonomy":"product_tag","embeddable":true,"href":"https:\/\/pizbube.ch\/en\/wp-json\/wp\/v2\/product_tag?post=147515"}],"curies":[{"name":"wp","href":"https:\/\/api.w.org\/{rel}","templated":true}]}}