{"id":147516,"date":"2021-01-15T10:55:24","date_gmt":"2021-01-15T10:55:24","guid":{"rendered":"https:\/\/codengine3.ch\/?product=import-placeholder-for-208371"},"modified":"2021-01-15T17:53:14","modified_gmt":"2021-01-15T17:53:14","slug":"le-tourisme-pour-metier-lalpe-50","status":"publish","type":"product","link":"https:\/\/pizbube.ch\/en\/shop\/le-tourisme-pour-metier-lalpe-50\/","title":{"rendered":"Le tourisme pour m\u00e9tier &#8211; L&#8217;Alpe 50"},"content":{"rendered":"<p>Dans les Alpes, l\u2019ing\u00e9niosit\u00e9 des hommes se conjugue depuis toujours au g\u00e9nie<br \/>\ndes lieux pour mettre en \u0153uvre des savoir-faire et des outils sp\u00e9cifiques \u00e0 la<br \/>\npente et aux conditions climatiques. Alliant les ressources de la montagne et<br \/>\nses contraintes, les Alpins ont ainsi d\u00e9velopp\u00e9 des m\u00e9tiers propres \u00e0 leur<br \/>\nenvironnement et \u00e0 leur mode de vie.<\/p>\n<p>Utilisant la force de l\u2019eau et la richesse en minerais, ils ont \u00e9t\u00e9<br \/>\ntaillandiers bien avant que la sid\u00e9rurgie ne s\u2019installe dans certaines<br \/>\nvall\u00e9es. Ils ont invent\u00e9 les m\u00e9tiers d\u2019alpagiste et de fromager tandis que les<br \/>\ncharpentiers imaginaient des techniques particuli\u00e8res \u00e0 leur habitat. Avec<br \/>\nl\u2019arriv\u00e9e de l\u2019industrie et du tourisme, ils se sont fait mineurs, foreurs de<br \/>\ntunnels, constructeurs de barrages et de remont\u00e9es m\u00e9caniques, paysagistes,<br \/>\nallant jusqu\u2019\u00e0 imaginer des formations sp\u00e9ciales, \u00e0 l\u2019instar de celle de<br \/>\nl\u2019\u00c9cole des mines de Peisey-Nancroix (Savoie).<br \/>\nPour r\u00e9pondre aux besoins d\u2019une client\u00e8le attir\u00e9e par l\u2019alpinisme puis par le<br \/>\nski, ils sont devenus guides, moniteurs, pisteurs ou gardiens de refuge,<br \/>\npr\u00e9visionnistes m\u00e9t\u00e9o, bref, pluriactifs. Et, surtout, ils ont con\u00e7u du<br \/>\nmat\u00e9riel et des v\u00eatements adapt\u00e9s \u00e0 ces nouveaux sports de montagne. Un<br \/>\nportrait sensible d\u2019hommes et de femmes qui, hier comme aujourd\u2019hui (et m\u00eame<br \/>\ndemain), ont toujours su tirer profit de leur environnement.<\/p>","protected":false},"excerpt":{"rendered":"<p>Dans les Alpes, l\u2019ing\u00e9niosit\u00e9 des hommes se conjugue depuis toujours au g\u00e9nie des lieux pour mettre en \u0153uvre des savoir-faire et des outils sp\u00e9cifiques \u00e0 la pente et aux conditions climatiques. Alliant les ressources de la montagne et ses contraintes, les Alpins ont ainsi d\u00e9velopp\u00e9 des m\u00e9tiers propres \u00e0 leur environnement et \u00e0 leur mode [&#8230;]\n","protected":false},"featured_media":41148,"template":"","meta":[],"product_brand":[],"product_cat":[21541],"product_tag":[],"class_list":{"0":"post-147516","1":"product","2":"type-product","3":"status-publish","4":"has-post-thumbnail","6":"product_cat-zeitschriften","7":"pa_autor-musee-dauphinois-glenat","8":"pa_erscheinungsjahr-21830","9":"pa_region-frankreich","10":"pa_sprache-fr","12":"first","13":"instock","14":"taxable","15":"shipping-taxable","16":"purchasable","17":"product-type-simple"},"_links":{"self":[{"href":"https:\/\/pizbube.ch\/en\/wp-json\/wp\/v2\/product\/147516","targetHints":{"allow":["GET"]}}],"collection":[{"href":"https:\/\/pizbube.ch\/en\/wp-json\/wp\/v2\/product"}],"about":[{"href":"https:\/\/pizbube.ch\/en\/wp-json\/wp\/v2\/types\/product"}],"wp:featuredmedia":[{"embeddable":true,"href":"https:\/\/pizbube.ch\/en\/wp-json\/wp\/v2\/media\/41148"}],"wp:attachment":[{"href":"https:\/\/pizbube.ch\/en\/wp-json\/wp\/v2\/media?parent=147516"}],"wp:term":[{"taxonomy":"product_brand","embeddable":true,"href":"https:\/\/pizbube.ch\/en\/wp-json\/wp\/v2\/product_brand?post=147516"},{"taxonomy":"product_cat","embeddable":true,"href":"https:\/\/pizbube.ch\/en\/wp-json\/wp\/v2\/product_cat?post=147516"},{"taxonomy":"product_tag","embeddable":true,"href":"https:\/\/pizbube.ch\/en\/wp-json\/wp\/v2\/product_tag?post=147516"}],"curies":[{"name":"wp","href":"https:\/\/api.w.org\/{rel}","templated":true}]}}