{"id":147519,"date":"2021-01-15T10:55:24","date_gmt":"2021-01-15T10:55:24","guid":{"rendered":"https:\/\/codengine3.ch\/?product=import-placeholder-for-200292"},"modified":"2023-01-27T17:02:54","modified_gmt":"2023-01-27T16:02:54","slug":"emanuel-gyger-und-arnold-klopfenstein-pioniere-der-skifotografie","status":"publish","type":"product","link":"https:\/\/pizbube.ch\/en\/shop\/emanuel-gyger-und-arnold-klopfenstein-pioniere-der-skifotografie\/","title":{"rendered":"Emanuel Gyger und Arnold Klopfenstein &#8211; Pioniere der Skifotografie"},"content":{"rendered":"<p>Die Schweizer Emanuel Gyger (1886\u20131951) und Arnold Klopfenstein (1896\u20131961)<br \/>\nschufen in den 1920er und 1930er Jahren spektakul\u00e4re Skifotos, die f\u00fcr ihre<br \/>\nZeit einzigartig und wegweisend waren.<\/p>\n<p>Die Bilder zeigen unber\u00fchrte Schneelandschaften, ein virtuoses Spiel mit Licht<br \/>\nund Schatten, Pulverschneewolken, eine ausgefeilte Bildkomposition und ein<br \/>\natemberaubendes Gesp\u00fcr f\u00fcr den richtigen Augenblick.<\/p>\n<p>Die Schweizer Fotografen Emanuel Gyger (1886\u2013 1951) und Arnold Klopfenstein<br \/>\n(1896\u20131961) aus dem Wintersportort Adelboden im Berner Oberland sind fu\u0308r ihre<br \/>\nausdrucksstarken Gebirgsaufnahmen bekannt. Sie hinterlie\u00dfen u\u0308ber 10.000<br \/>\nLandschaftsfotografien mit einem Schwerpunkt auf alpinen Schnee- und<br \/>\nWinterwelten. Auf ihren Expeditionen durchs Hochgebirge entstanden dabei auch<br \/>\netwa 250 Skifotografien, die zu ihren Lebzeiten ein Nebenwerk darstellten,<br \/>\naber ru\u0308ckblickend als ihr ku\u0308nstlerisches Hauptwerk zu betrachten sind. In<br \/>\nden 1920er und 1930er Jahren perfektionierten Gyger und Klopfenstein mit der<br \/>\nSkifotografie ein damals noch junges Genre.<\/p>\n<p>Der Fotoband zeigt eine Auswahl der besten Fotos des Fotografenduos. Er ist<br \/>\nals Duplex-Druck im Offsetdruckverfahren produziert.<\/p>\n<p>Hardcover, 22,2 x 29,2 cm, Fadenheftung, 140 Seiten<\/p>","protected":false},"excerpt":{"rendered":"<p>Die Schweizer Emanuel Gyger (1886\u20131951) und Arnold Klopfenstein (1896\u20131961) schufen in den 1920er und 1930er Jahren spektakul\u00e4re Skifotos, die f\u00fcr ihre Zeit einzigartig und wegweisend waren. Die Bilder zeigen unber\u00fchrte Schneelandschaften, ein virtuoses Spiel mit Licht und Schatten, Pulverschneewolken, eine ausgefeilte Bildkomposition und ein atemberaubendes Gesp\u00fcr f\u00fcr den richtigen Augenblick. Die Schweizer Fotografen Emanuel Gyger [&#8230;]\n","protected":false},"featured_media":26474,"template":"","meta":[],"product_brand":[],"product_cat":[21580],"product_tag":[],"class_list":{"0":"post-147519","1":"product","2":"type-product","3":"status-publish","4":"has-post-thumbnail","6":"product_cat-kunst-kultur","7":"pa_autor-mueller-jentsch-hrsg","8":"pa_erscheinungsjahr-21558","9":"pa_region-schweiz","10":"pa_sprache-de","12":"first","13":"outofstock","14":"taxable","15":"shipping-taxable","16":"purchasable","17":"product-type-simple"},"_links":{"self":[{"href":"https:\/\/pizbube.ch\/en\/wp-json\/wp\/v2\/product\/147519","targetHints":{"allow":["GET"]}}],"collection":[{"href":"https:\/\/pizbube.ch\/en\/wp-json\/wp\/v2\/product"}],"about":[{"href":"https:\/\/pizbube.ch\/en\/wp-json\/wp\/v2\/types\/product"}],"wp:featuredmedia":[{"embeddable":true,"href":"https:\/\/pizbube.ch\/en\/wp-json\/wp\/v2\/media\/26474"}],"wp:attachment":[{"href":"https:\/\/pizbube.ch\/en\/wp-json\/wp\/v2\/media?parent=147519"}],"wp:term":[{"taxonomy":"product_brand","embeddable":true,"href":"https:\/\/pizbube.ch\/en\/wp-json\/wp\/v2\/product_brand?post=147519"},{"taxonomy":"product_cat","embeddable":true,"href":"https:\/\/pizbube.ch\/en\/wp-json\/wp\/v2\/product_cat?post=147519"},{"taxonomy":"product_tag","embeddable":true,"href":"https:\/\/pizbube.ch\/en\/wp-json\/wp\/v2\/product_tag?post=147519"}],"curies":[{"name":"wp","href":"https:\/\/api.w.org\/{rel}","templated":true}]}}