{"id":147520,"date":"2021-01-15T10:55:24","date_gmt":"2021-01-15T10:55:24","guid":{"rendered":"https:\/\/codengine3.ch\/?product=import-placeholder-for-207645"},"modified":"2024-01-22T09:17:05","modified_gmt":"2024-01-22T08:17:05","slug":"gebrauchsanweisung-fuers-skifahren","status":"publish","type":"product","link":"https:\/\/pizbube.ch\/en\/shop\/gebrauchsanweisung-fuers-skifahren\/","title":{"rendered":"Gebrauchsanweisung f\u00fcrs Skifahren"},"content":{"rendered":"<p>Eine literarische Liebeserkl\u00e4rung ganz in Wei\u00df<\/p>\n<p>Ob Arlberg, Feldberg oder Holmenkollen: Viele Orte r\u00fchmen sich, die Wiege des<br \/>\nSkisports zu sein \u2013 und alle haben irgendwie recht. Die Autorin, die auf Ski<br \/>\nsteht, seit sie laufen lernte, schwingt, bis der Powder stiebt, und die<br \/>\nK\u00f6nigsdisziplin aller Langl\u00e4ufe absolvierte, den schwedischen Vasalauf,<br \/>\nerkundet die Geheimnisse rund um das \u00e4lteste Fortbewegungsmittel der<br \/>\nMenschheit.<\/p>\n<p>Sie erz\u00e4hlt von Schlangenschw\u00fcngen, Tail-Grabs und Schlittschuhschritt, vom<br \/>\nUmkanten und Aufschwimmen und geht der Frage nach, warum Champagnerpowder<br \/>\nk\u00e4lter als Skiwasser ist und wo Kaspresskn\u00f6del und Kaiserschmarrn am besten<br \/>\nschmecken. Dabei begegnet sie Pistens\u00e4uen, Freeridern und Flachlandtirolern<br \/>\nund verr\u00e4t, wie die Farbe ins Skiwachs und die Rille in die Laufsohle kommt,<br \/>\nwarum Ski geb\u00fcgelt werden und wie die Zukunft des wei\u00dfen Sports aussehen<br \/>\nk\u00f6nnte.<\/p>","protected":false},"excerpt":{"rendered":"<p>Eine literarische Liebeserkl\u00e4rung ganz in Wei\u00df Ob Arlberg, Feldberg oder Holmenkollen: Viele Orte r\u00fchmen sich, die Wiege des Skisports zu sein \u2013 und alle haben irgendwie recht. Die Autorin, die auf Ski steht, seit sie laufen lernte, schwingt, bis der Powder stiebt, und die K\u00f6nigsdisziplin aller Langl\u00e4ufe absolvierte, den schwedischen Vasalauf, erkundet die Geheimnisse rund [&#8230;]\n","protected":false},"featured_media":38029,"template":"","meta":[],"product_brand":[],"product_cat":[21629],"product_tag":[],"class_list":{"0":"post-147520","1":"product","2":"type-product","3":"status-publish","4":"has-post-thumbnail","6":"product_cat-belletristik","7":"pa_autor-ravic-strubel","8":"pa_erscheinungsjahr-21571","9":"pa_region-deutschland","10":"pa_sprache-de","12":"first","13":"outofstock","14":"taxable","15":"shipping-taxable","16":"purchasable","17":"product-type-simple"},"_links":{"self":[{"href":"https:\/\/pizbube.ch\/en\/wp-json\/wp\/v2\/product\/147520","targetHints":{"allow":["GET"]}}],"collection":[{"href":"https:\/\/pizbube.ch\/en\/wp-json\/wp\/v2\/product"}],"about":[{"href":"https:\/\/pizbube.ch\/en\/wp-json\/wp\/v2\/types\/product"}],"wp:featuredmedia":[{"embeddable":true,"href":"https:\/\/pizbube.ch\/en\/wp-json\/wp\/v2\/media\/38029"}],"wp:attachment":[{"href":"https:\/\/pizbube.ch\/en\/wp-json\/wp\/v2\/media?parent=147520"}],"wp:term":[{"taxonomy":"product_brand","embeddable":true,"href":"https:\/\/pizbube.ch\/en\/wp-json\/wp\/v2\/product_brand?post=147520"},{"taxonomy":"product_cat","embeddable":true,"href":"https:\/\/pizbube.ch\/en\/wp-json\/wp\/v2\/product_cat?post=147520"},{"taxonomy":"product_tag","embeddable":true,"href":"https:\/\/pizbube.ch\/en\/wp-json\/wp\/v2\/product_tag?post=147520"}],"curies":[{"name":"wp","href":"https:\/\/api.w.org\/{rel}","templated":true}]}}