{"id":147523,"date":"2021-01-15T10:55:30","date_gmt":"2021-01-15T10:55:30","guid":{"rendered":"https:\/\/codengine3.ch\/?product=import-placeholder-for-208346"},"modified":"2024-04-11T09:57:04","modified_gmt":"2024-04-11T07:57:04","slug":"molise-rock","status":"publish","type":"product","link":"https:\/\/pizbube.ch\/en\/shop\/molise-rock\/","title":{"rendered":"MOLISE rock"},"content":{"rendered":"<p>Da Frosolone alla Rocca di Oratino &#8211; Vie sportive, trad e multipitch<\/p>\n<p>\u201cIl Molise non esiste\u201d, un motto che ha iniziato a circolare in internet<br \/>\nqualche tempo fa, ha portato un po\u2019 di visibilit\u00e0 a questa piccola regione,<br \/>\ntagliata fuori dalle maggiori arterie di comunicazione e che, grazie a questo<br \/>\nsuo isolamento, \u00e8 ancora tutta da scoprire. Il suo fascino maggiore \u00e8 proprio<br \/>\nin questo isolamento, che ha permesso di mantenere le tradizionali attivit\u00e0<br \/>\nlavorative e artigianali dell\u2019uomo in stretto contatto con un territorio fatto<br \/>\nper due terzi di colline e montagne.<\/p>\n<p>Sono questi i segreti che hanno attirato i primi arrampicatori romani fin<br \/>\ndagli anni \u201980 verso la bellezza e l\u2019imponenza dei blocchi calcarei della<br \/>\nfalesia di Morgia Quadra a Frosolone: questa resta la falesia pi\u00f9 conosciuta,<br \/>\nrinomata e apprezzata della regione e del centrosud. Accanto a questo punto di<br \/>\nriferimento sono nati, negli anni, tanti altri siti di scalata un po\u2019 in tutta<br \/>\nla regione.<\/p>\n<p>Questa non \u00e8 una guida di tutte le falesie della regione, bens\u00ec una selezione<br \/>\ndi queste. Selezione dettata dalla bellezza dei siti, dal loro valore storico,<br \/>\nambientale e di legame con il territorio circostante, dalla loro<br \/>\naccessibilit\u00e0, nonch\u00e9 della volont\u00e0 dei chiodatori di rendere pubblico il<br \/>\nproprio lavoro.<\/p>","protected":false},"excerpt":{"rendered":"<p>Da Frosolone alla Rocca di Oratino &#8211; Vie sportive, trad e multipitch \u201cIl Molise non esiste\u201d, un motto che ha iniziato a circolare in internet qualche tempo fa, ha portato un po\u2019 di visibilit\u00e0 a questa piccola regione, tagliata fuori dalle maggiori arterie di comunicazione e che, grazie a questo suo isolamento, \u00e8 ancora tutta [&#8230;]\n","protected":false},"featured_media":169354,"template":"","meta":[],"product_brand":[],"product_cat":[21539],"product_tag":[],"class_list":{"0":"post-147523","1":"product","2":"type-product","3":"status-publish","4":"has-post-thumbnail","6":"product_cat-fuehrerliteratur-sportklettern-bouldern","7":"pa_autor-radassao-quaranta","8":"pa_erscheinungsjahr-21558","9":"pa_region-italien","10":"pa_sprache-it","12":"first","13":"instock","14":"taxable","15":"shipping-taxable","16":"purchasable","17":"product-type-simple"},"_links":{"self":[{"href":"https:\/\/pizbube.ch\/en\/wp-json\/wp\/v2\/product\/147523","targetHints":{"allow":["GET"]}}],"collection":[{"href":"https:\/\/pizbube.ch\/en\/wp-json\/wp\/v2\/product"}],"about":[{"href":"https:\/\/pizbube.ch\/en\/wp-json\/wp\/v2\/types\/product"}],"wp:featuredmedia":[{"embeddable":true,"href":"https:\/\/pizbube.ch\/en\/wp-json\/wp\/v2\/media\/169354"}],"wp:attachment":[{"href":"https:\/\/pizbube.ch\/en\/wp-json\/wp\/v2\/media?parent=147523"}],"wp:term":[{"taxonomy":"product_brand","embeddable":true,"href":"https:\/\/pizbube.ch\/en\/wp-json\/wp\/v2\/product_brand?post=147523"},{"taxonomy":"product_cat","embeddable":true,"href":"https:\/\/pizbube.ch\/en\/wp-json\/wp\/v2\/product_cat?post=147523"},{"taxonomy":"product_tag","embeddable":true,"href":"https:\/\/pizbube.ch\/en\/wp-json\/wp\/v2\/product_tag?post=147523"}],"curies":[{"name":"wp","href":"https:\/\/api.w.org\/{rel}","templated":true}]}}