{"id":147528,"date":"2021-01-15T10:55:30","date_gmt":"2021-01-15T10:55:30","guid":{"rendered":"https:\/\/codengine3.ch\/?product=import-placeholder-for-204904"},"modified":"2024-04-16T11:03:42","modified_gmt":"2024-04-16T09:03:42","slug":"marken-adriakueste","status":"publish","type":"product","link":"https:\/\/pizbube.ch\/en\/shop\/marken-adriakueste\/","title":{"rendered":"Marken &#8211; Adriak\u00fcste"},"content":{"rendered":"<p>Ravenna &#8211; Rimini &#8211; Urbino &#8211; Ancona &#8211; Monti Sibillini<\/p>\n<p><span class=\"value\">Jenseits des schmalen K\u00fcstenstreifens an der Adria, den besonders Badeurlauber sch\u00e4tzen, erstreckt sich eine der vielf\u00e4ltigsten Wanderlandschaften Italiens. Die Marken haben viel von ihrem urspr\u00fcnglichen, rauen Charakter bewahrt. Sie sind ein Geheimtipp f\u00fcr Wanderer, die die Einsamkeit suchen. Der Rother Wanderf\u00fchrer \u00bbMarken \u2013 Adriak\u00fcste\u00ab stellt 52 abwechslungsreiche Wanderungen in den Gebieten Ravenna, Rimini, Urbino, Ancona und Monti Sibillini vor.<\/span><\/p>\n<p>In den Marken und in der Romagna &#8211; so die Namen des Gebiets, das hier beschrieben wird &#8211; finden sich das ebene, von Kan\u00e4len durchzogene Podelta, liebliche H\u00fcgellandschaften, die bizarren Schluchten der Gessi Bolognesi und das K\u00fcstengebirge Monte Conero. Im Westen geht das von Kastanien- und Buchenw\u00e4ldern bedeckte, von tiefen Schluchten durchzogene Vorgebirge langsam in den zentralen Apennin \u00fcber. Alpine Touren sind in den bis auf 2500 Meter ansteigenden Monti Sibillini und in den s\u00fcdlich angrenzenden Monti della Laga m\u00f6glich. Das Hinterland der Adria hat seine Urspr\u00fcnglichkeit bewahrt, so ist die Gegend noch ein Geheimtipp f\u00fcr Wanderer, die Stille und Beschaulichkeit suchen.<\/p>\n<p>Die vorgestellten Touren bieten f\u00fcr jeden Anspruch das Richtige. Es bleibt auch Zeit, die Sehensw\u00fcrdigkeiten am Weg, wie r\u00f6mische Ausgrabungen, malerische St\u00e4dtchen, Kl\u00f6ster, Burgen und Schl\u00f6sser, zu besichtigen. Jede Tour wird mit einer zuverl\u00e4ssigen Wegbeschreibung, einem Wanderk\u00e4rtchen mit eingetragenem Routenverlauf und einem aussagekr\u00e4ftigen H\u00f6henprofil vorgestellt. Viele Tipps und Hinweise, beispielsweise zu Einkehrm\u00f6glichkeiten und Badepl\u00e4tzen, runden die Touren ab. Nicht nur die farbige Schwierigkeitsbewertung, sondern auch eine Liste der Top-Touren erleichtert die Tourenauswahl. GPS-Tracks stehen zum Download bereit.<\/p>\n<p>4., vollst\u00e4ndig \u00fcberarbeitete Auflage 2023<br \/>\n184 Seiten,<br \/>\n54 H\u00f6henprofile, 54 Wanderk\u00e4rtchen im Ma\u00dfstab 1:50.000 und 1:75.000, zwei \u00dcbersichtskarten im Ma\u00dfstab 1:700.000 und 1:2.500.000<\/p>","protected":false},"excerpt":{"rendered":"<p>Ravenna &#8211; Rimini &#8211; Urbino &#8211; Ancona &#8211; Monti Sibillini Jenseits des schmalen K\u00fcstenstreifens an der Adria, den besonders Badeurlauber sch\u00e4tzen, erstreckt sich eine der vielf\u00e4ltigsten Wanderlandschaften Italiens. Die Marken haben viel von ihrem urspr\u00fcnglichen, rauen Charakter bewahrt. Sie sind ein Geheimtipp f\u00fcr Wanderer, die die Einsamkeit suchen. Der Rother Wanderf\u00fchrer \u00bbMarken \u2013 Adriak\u00fcste\u00ab stellt [&#8230;]\n","protected":false},"featured_media":172494,"template":"","meta":[],"product_brand":[],"product_cat":[21605],"product_tag":[],"class_list":{"0":"post-147528","1":"product","2":"type-product","3":"status-publish","4":"has-post-thumbnail","6":"product_cat-wanderfuehrer-trekking","7":"pa_autor-frank","8":"pa_erscheinungsjahr-27129","9":"pa_region-italien","10":"pa_sprache-de","12":"first","13":"instock","14":"taxable","15":"shipping-taxable","16":"purchasable","17":"product-type-simple"},"_links":{"self":[{"href":"https:\/\/pizbube.ch\/en\/wp-json\/wp\/v2\/product\/147528","targetHints":{"allow":["GET"]}}],"collection":[{"href":"https:\/\/pizbube.ch\/en\/wp-json\/wp\/v2\/product"}],"about":[{"href":"https:\/\/pizbube.ch\/en\/wp-json\/wp\/v2\/types\/product"}],"wp:featuredmedia":[{"embeddable":true,"href":"https:\/\/pizbube.ch\/en\/wp-json\/wp\/v2\/media\/172494"}],"wp:attachment":[{"href":"https:\/\/pizbube.ch\/en\/wp-json\/wp\/v2\/media?parent=147528"}],"wp:term":[{"taxonomy":"product_brand","embeddable":true,"href":"https:\/\/pizbube.ch\/en\/wp-json\/wp\/v2\/product_brand?post=147528"},{"taxonomy":"product_cat","embeddable":true,"href":"https:\/\/pizbube.ch\/en\/wp-json\/wp\/v2\/product_cat?post=147528"},{"taxonomy":"product_tag","embeddable":true,"href":"https:\/\/pizbube.ch\/en\/wp-json\/wp\/v2\/product_tag?post=147528"}],"curies":[{"name":"wp","href":"https:\/\/api.w.org\/{rel}","templated":true}]}}