{"id":147532,"date":"2021-01-15T10:55:31","date_gmt":"2021-01-15T10:55:31","guid":{"rendered":"https:\/\/codengine3.ch\/?product=import-placeholder-for-200226"},"modified":"2021-01-15T10:55:34","modified_gmt":"2021-01-15T10:55:34","slug":"die-grosse-welt-kommt-in-die-berge-die-entstehung-des-tourismus-im-berner-oberland","status":"publish","type":"product","link":"https:\/\/pizbube.ch\/en\/shop\/die-grosse-welt-kommt-in-die-berge-die-entstehung-des-tourismus-im-berner-oberland\/","title":{"rendered":"Die grosse Welt kommt in die Berge &#8211; Die Entstehung des Tourismus im Berner Oberland"},"content":{"rendered":"<p>\nBis in die Renaissance galten die Berge als Symbole einer \u00fcberm\u00e4chtigen Natur.<br \/>\nIm 18. Jahrhundert dann verfl\u00fcchtigte sich diese Furcht und es setzte eine<br \/>\nregelrechte Schw\u00e4rmerei, eine Begeisterung f\u00fcr die Sch\u00f6nheit der arkadischen<br \/>\nAlpen ein. Das 19. Jahrhundert wertete diesen Topos um und machte ihn zu einem<br \/>\nbl\u00fchenden Wirtschaftszweig, der auch im 21. Jahrhundert nichts von seiner<br \/>\nBedeutung verloren hat.  <\/p>\n<p>Der aus der Spiezer Tagung 2018 hervorgegangene Band n\u00e4hert sich diesen<br \/>\nunterschiedlichen Betrachtungsweisen: Er beleuchtet die geistesgeschichtlichen<br \/>\nHintergr\u00fcnde, die verschiedenen Aktivit\u00e4ten wie Alpinismus oder<br \/>\nB\u00e4dertourismus, die immense Bedeutung der Engl\u00e4nder als Forscher, Pioniere,<br \/>\nAlpinisten und Touristen und schliesslich die technischen Bereiche wie die<br \/>\nErschliessung der Alpen durch neue Verkehrswege und -techniken (Dampfschiff,<br \/>\nEisenbahn) oder die prachtvollen Hotelbauten.<\/p>","protected":false},"excerpt":{"rendered":"<p>Bis in die Renaissance galten die Berge als Symbole einer \u00fcberm\u00e4chtigen Natur. Im 18. Jahrhundert dann verfl\u00fcchtigte sich diese Furcht und es setzte eine regelrechte Schw\u00e4rmerei, eine Begeisterung f\u00fcr die Sch\u00f6nheit der arkadischen Alpen ein. Das 19. Jahrhundert wertete diesen Topos um und machte ihn zu einem bl\u00fchenden Wirtschaftszweig, der auch im 21. Jahrhundert nichts [&#8230;]\n","protected":false},"featured_media":26264,"template":"","meta":[],"product_brand":[],"product_cat":[21580],"product_tag":[],"class_list":{"0":"post-147532","1":"product","2":"type-product","3":"status-publish","4":"has-post-thumbnail","6":"product_cat-kunst-kultur","7":"pa_autor-huessy-reichen","8":"pa_erscheinungsjahr-21586","9":"pa_region-schweiz","10":"pa_sprache-de","12":"first","13":"instock","14":"taxable","15":"shipping-taxable","16":"purchasable","17":"product-type-simple"},"_links":{"self":[{"href":"https:\/\/pizbube.ch\/en\/wp-json\/wp\/v2\/product\/147532","targetHints":{"allow":["GET"]}}],"collection":[{"href":"https:\/\/pizbube.ch\/en\/wp-json\/wp\/v2\/product"}],"about":[{"href":"https:\/\/pizbube.ch\/en\/wp-json\/wp\/v2\/types\/product"}],"wp:featuredmedia":[{"embeddable":true,"href":"https:\/\/pizbube.ch\/en\/wp-json\/wp\/v2\/media\/26264"}],"wp:attachment":[{"href":"https:\/\/pizbube.ch\/en\/wp-json\/wp\/v2\/media?parent=147532"}],"wp:term":[{"taxonomy":"product_brand","embeddable":true,"href":"https:\/\/pizbube.ch\/en\/wp-json\/wp\/v2\/product_brand?post=147532"},{"taxonomy":"product_cat","embeddable":true,"href":"https:\/\/pizbube.ch\/en\/wp-json\/wp\/v2\/product_cat?post=147532"},{"taxonomy":"product_tag","embeddable":true,"href":"https:\/\/pizbube.ch\/en\/wp-json\/wp\/v2\/product_tag?post=147532"}],"curies":[{"name":"wp","href":"https:\/\/api.w.org\/{rel}","templated":true}]}}