{"id":147533,"date":"2021-01-15T10:55:31","date_gmt":"2021-01-15T10:55:31","guid":{"rendered":"https:\/\/codengine3.ch\/?product=import-placeholder-for-201430"},"modified":"2021-01-15T12:01:33","modified_gmt":"2021-01-15T12:01:33","slug":"wetterhornaufzug-die-erste-luftseilbahn-der-schweiz","status":"publish","type":"product","link":"https:\/\/pizbube.ch\/en\/shop\/wetterhornaufzug-die-erste-luftseilbahn-der-schweiz\/","title":{"rendered":"Wetterhornaufzug &#8211; Die erste Luftseilbahn der Schweiz"},"content":{"rendered":"<p>Faszinierende Dokumentation \u00fcber die erste Seilbahn der Schweiz von<br \/>\nGrindelwanld aufs Wetterhorn (mit vielen Bildern und Pl\u00e4nen).  <\/p>\n<p>Der Wetterhornaufzug war die erste Luftseilbahn der Welt. Nach einer<br \/>\nvierj\u00e4hrigen Bauzeit wurde der Aufzug 1908 in Betrieb genommen. Urspr\u00fcnglich<br \/>\nwar vorgesehen, vier Sektionen bis zum Gipfel zu errichten. Wegen des<br \/>\nAusbruchs des Ersten Weltkriegs kam aber 1914 bereits das Aus f\u00fcr die Bahn. In<br \/>\nden drei\u00dfiger Jahren wurden die Anlagen zum Teil abgebrochen.<\/p>\n<p>Heute erinnern noch die Ruinen der Tal- und Bergstation an die k\u00fchne<br \/>\nPioniertat. Beim Hotel Wetterhorn in Grindelwald steht ein Nachbau der Kabine<br \/>\nmit dem Laufwerk, w\u00e4hrend im Verkehrshaus noch ein Original-Laufwerk auf einer<br \/>\nKabinennachbildung zu sehen ist.<br \/>\n96 Seiten, viele historische und aktuelle Bilder, Format 16,5 x 23 cm;<br \/>\ngebunden.<\/p>","protected":false},"excerpt":{"rendered":"<p>Faszinierende Dokumentation \u00fcber die erste Seilbahn der Schweiz von Grindelwanld aufs Wetterhorn (mit vielen Bildern und Pl\u00e4nen). Der Wetterhornaufzug war die erste Luftseilbahn der Welt. Nach einer vierj\u00e4hrigen Bauzeit wurde der Aufzug 1908 in Betrieb genommen. Urspr\u00fcnglich war vorgesehen, vier Sektionen bis zum Gipfel zu errichten. Wegen des Ausbruchs des Ersten Weltkriegs kam aber 1914 [&#8230;]\n","protected":false},"featured_media":38703,"template":"","meta":[],"product_brand":[],"product_cat":[21542],"product_tag":[],"class_list":{"0":"post-147533","1":"product","2":"type-product","3":"status-publish","4":"has-post-thumbnail","6":"product_cat-sachbuecher-dokumentationen","7":"pa_autor-neuhaus","8":"pa_erscheinungsjahr-21550","9":"pa_region-schweiz","10":"pa_sprache-de","12":"first","13":"instock","14":"taxable","15":"shipping-taxable","16":"purchasable","17":"product-type-simple"},"_links":{"self":[{"href":"https:\/\/pizbube.ch\/en\/wp-json\/wp\/v2\/product\/147533","targetHints":{"allow":["GET"]}}],"collection":[{"href":"https:\/\/pizbube.ch\/en\/wp-json\/wp\/v2\/product"}],"about":[{"href":"https:\/\/pizbube.ch\/en\/wp-json\/wp\/v2\/types\/product"}],"wp:featuredmedia":[{"embeddable":true,"href":"https:\/\/pizbube.ch\/en\/wp-json\/wp\/v2\/media\/38703"}],"wp:attachment":[{"href":"https:\/\/pizbube.ch\/en\/wp-json\/wp\/v2\/media?parent=147533"}],"wp:term":[{"taxonomy":"product_brand","embeddable":true,"href":"https:\/\/pizbube.ch\/en\/wp-json\/wp\/v2\/product_brand?post=147533"},{"taxonomy":"product_cat","embeddable":true,"href":"https:\/\/pizbube.ch\/en\/wp-json\/wp\/v2\/product_cat?post=147533"},{"taxonomy":"product_tag","embeddable":true,"href":"https:\/\/pizbube.ch\/en\/wp-json\/wp\/v2\/product_tag?post=147533"}],"curies":[{"name":"wp","href":"https:\/\/api.w.org\/{rel}","templated":true}]}}