{"id":147534,"date":"2021-01-15T10:55:31","date_gmt":"2021-01-15T10:55:31","guid":{"rendered":"https:\/\/codengine3.ch\/?product=import-placeholder-for-203320"},"modified":"2026-01-13T10:05:09","modified_gmt":"2026-01-13T09:05:09","slug":"hotelpalaeste","status":"publish","type":"product","link":"https:\/\/pizbube.ch\/en\/shop\/hotelpalaeste\/","title":{"rendered":"Hotelpal\u00e4ste"},"content":{"rendered":"<p>Zwischen Traum und Wirklichkeit. Schweizer Tourismus und Hotelbau 1830-1920.<\/p>\n<p>Nach dem grossen Erfolg mit dem ersten Buch Hoteltr\u00e4ume zwischen Gletschern und Palmen legt der Architekturhistoriker Roland Fl\u00fcckiger nun den zweiten Teil seiner Geschichte des schweizerischen Hotelbaus zwischen 1830 und 1920 vor.<\/p>\n<p>Das Buch setzt sich in einem thematisch orientierten ersten Teil vor allem mit der Architektur der Hotelbauten auseinander, dargestellt an Wettbewerben und an typischen Grundrissen. Erg\u00e4nzt wird dieser Teil mit einer Geschichte der technischen Installationen.<\/p>\n<p>Der zweite Teil stellt drei weitere Tourismusregionen vor. Im Mittelpunkt steht dabei Graub\u00fcnden, das zwar sp\u00e4t, aber daf\u00fcr mit glanzvollen Bauten in die schweizerische Tourismusgeschichte eingegangen ist. Weiter portr\u00e4tiert der Autor die Hotelpal\u00e4ste an den Seen der S\u00fcdschweiz sowie die Hotelbauten am schweizerischen Bodenseeufer. Damit wird die Geschichte des schweizerischen Hotelbaus auch geografisch abgerundet.<\/p>\n<p>240 Seiten<br \/>\n242 sw Abbildungen und 6 Tabellen<br \/>\ngebunden mit Schutzumschlag<br \/>\n23 \u00d7 30 cm<br \/>\n2., erw. u. korr. Auflage 2003<\/p>","protected":false},"excerpt":{"rendered":"<p>Zwischen Traum und Wirklichkeit. Schweizer Tourismus und Hotelbau 1830-1920. Nach dem grossen Erfolg mit dem ersten Buch Hoteltr\u00e4ume zwischen Gletschern und Palmen legt der Architekturhistoriker Roland Fl\u00fcckiger nun den zweiten Teil seiner Geschichte des schweizerischen Hotelbaus zwischen 1830 und 1920 vor. Das Buch setzt sich in einem thematisch orientierten ersten Teil vor allem mit der [&#8230;]\n","protected":false},"featured_media":174391,"template":"","meta":[],"product_brand":[],"product_cat":[21580,21542],"product_tag":[],"class_list":{"0":"post-147534","1":"product","2":"type-product","3":"status-publish","4":"has-post-thumbnail","6":"product_cat-kunst-kultur","7":"product_cat-sachbuecher-dokumentationen","8":"pa_autor-flueckiger","9":"pa_erscheinungsjahr-22292","10":"pa_region-schweiz","11":"pa_sprache-de","13":"first","14":"outofstock","15":"taxable","16":"shipping-taxable","17":"purchasable","18":"product-type-simple"},"_links":{"self":[{"href":"https:\/\/pizbube.ch\/en\/wp-json\/wp\/v2\/product\/147534","targetHints":{"allow":["GET"]}}],"collection":[{"href":"https:\/\/pizbube.ch\/en\/wp-json\/wp\/v2\/product"}],"about":[{"href":"https:\/\/pizbube.ch\/en\/wp-json\/wp\/v2\/types\/product"}],"wp:featuredmedia":[{"embeddable":true,"href":"https:\/\/pizbube.ch\/en\/wp-json\/wp\/v2\/media\/174391"}],"wp:attachment":[{"href":"https:\/\/pizbube.ch\/en\/wp-json\/wp\/v2\/media?parent=147534"}],"wp:term":[{"taxonomy":"product_brand","embeddable":true,"href":"https:\/\/pizbube.ch\/en\/wp-json\/wp\/v2\/product_brand?post=147534"},{"taxonomy":"product_cat","embeddable":true,"href":"https:\/\/pizbube.ch\/en\/wp-json\/wp\/v2\/product_cat?post=147534"},{"taxonomy":"product_tag","embeddable":true,"href":"https:\/\/pizbube.ch\/en\/wp-json\/wp\/v2\/product_tag?post=147534"}],"curies":[{"name":"wp","href":"https:\/\/api.w.org\/{rel}","templated":true}]}}