{"id":147535,"date":"2021-01-15T10:55:31","date_gmt":"2021-01-15T10:55:31","guid":{"rendered":"https:\/\/codengine3.ch\/?product=import-placeholder-for-207921"},"modified":"2021-05-31T11:38:04","modified_gmt":"2021-05-31T09:38:04","slug":"miss-jemimas-journal-eine-reise-durch-die-alpen","status":"publish","type":"product","link":"https:\/\/pizbube.ch\/en\/shop\/miss-jemimas-journal-eine-reise-durch-die-alpen\/","title":{"rendered":"Miss Jemimas Journal &#8211; Eine Reise durch die Alpen"},"content":{"rendered":"<p>Im Jahr 1863 startet im englischen Yorkshire eine ungew\u00f6hnliche Reisegruppe<br \/>\naus vier jungen M\u00e4nnern und vier jungen Frauen zu einer Tour durch die<br \/>\nSchweizer Alpen. F\u00fchrer und Veranstalter ist kein Geringerer als Thomas Cook.<br \/>\nVon London geht es zun\u00e4chst nach Frankreich und von dort in die westlichen<br \/>\nAlpen, von Chamonix \u00fcbers Wallis ins Berner Oberland und von dort zur\u00fcck nach<br \/>\nParis. Mit Maultieren und Postkutschen sind die Reisenden unterwegs, zu Fu\u00df,<br \/>\nmit der Eisenbahn und dem Dampfschiff.<br \/>\nDie 31-j\u00e4hrige Miss Jemima Morrell f\u00fchrte \u00fcber diese abenteuerliche Reise ein<br \/>\nh\u00f6chst unterhaltsames Tagebuch, das nun zum ersten Mal ins Deutsche \u00fcbersetzt<br \/>\nwurde.<\/p>\n<p>\u00bbEs ist ein gro\u00dfer Irrtum zu glauben, dass das Reisen in der Schweiz eine so<br \/>\nschwierige<br \/>\nAngelegenheit sei, dass es nicht von Damen oder von Personen unternommen<br \/>\nwerden k\u00f6nne,<br \/>\ndie nicht au\u00dferordentliche starke physische oder psychische Kr\u00e4fte h\u00e4tten.\u00ab<br \/>\n&#8211; Thomas Cook \u2013<\/p>\n<p>Jemima Ann Morrell (1832-1909) wurde als \u00e4lteste Tochter eines Bankiers und<br \/>\nseiner Frau in eine wohlhabende Familie hineingeboren. Gemeinsam mit ihrem<br \/>\nj\u00fcngeren Bruder William und anderen Bekannten gr\u00fcndete sie als Erwachsene den<br \/>\n\u00bbUnited Alpine Club Junior\u00ab. Der Club unternahm kurz danach die erste<br \/>\nPauschalreise in die Schweizer Alpen.<br \/>\nJemima Morrell heiratete, bekam einen Sohn und starb im Alter von 77 Jahren.<br \/>\nIhr Reisebericht wurde erst Jahrzehnte nach ihrem Tod entdeckt.<\/p>\n<p>\u00dcbersetzt von Heike Steffen, Illustrationen von Stephanie F. Scholz<br \/>\n160 Seiten<\/p>","protected":false},"excerpt":{"rendered":"<p>Im Jahr 1863 startet im englischen Yorkshire eine ungew\u00f6hnliche Reisegruppe aus vier jungen M\u00e4nnern und vier jungen Frauen zu einer Tour durch die Schweizer Alpen. F\u00fchrer und Veranstalter ist kein Geringerer als Thomas Cook. Von London geht es zun\u00e4chst nach Frankreich und von dort in die westlichen Alpen, von Chamonix \u00fcbers Wallis ins Berner Oberland [&#8230;]\n","protected":false},"featured_media":38845,"template":"","meta":[],"product_brand":[],"product_cat":[21629],"product_tag":[],"class_list":{"0":"post-147535","1":"product","2":"type-product","3":"status-publish","4":"has-post-thumbnail","6":"product_cat-belletristik","7":"pa_autor-morell","8":"pa_erscheinungsjahr-21550","9":"pa_region-schweiz","10":"pa_sprache-de","12":"first","13":"outofstock","14":"taxable","15":"shipping-taxable","16":"purchasable","17":"product-type-simple"},"_links":{"self":[{"href":"https:\/\/pizbube.ch\/en\/wp-json\/wp\/v2\/product\/147535","targetHints":{"allow":["GET"]}}],"collection":[{"href":"https:\/\/pizbube.ch\/en\/wp-json\/wp\/v2\/product"}],"about":[{"href":"https:\/\/pizbube.ch\/en\/wp-json\/wp\/v2\/types\/product"}],"wp:featuredmedia":[{"embeddable":true,"href":"https:\/\/pizbube.ch\/en\/wp-json\/wp\/v2\/media\/38845"}],"wp:attachment":[{"href":"https:\/\/pizbube.ch\/en\/wp-json\/wp\/v2\/media?parent=147535"}],"wp:term":[{"taxonomy":"product_brand","embeddable":true,"href":"https:\/\/pizbube.ch\/en\/wp-json\/wp\/v2\/product_brand?post=147535"},{"taxonomy":"product_cat","embeddable":true,"href":"https:\/\/pizbube.ch\/en\/wp-json\/wp\/v2\/product_cat?post=147535"},{"taxonomy":"product_tag","embeddable":true,"href":"https:\/\/pizbube.ch\/en\/wp-json\/wp\/v2\/product_tag?post=147535"}],"curies":[{"name":"wp","href":"https:\/\/api.w.org\/{rel}","templated":true}]}}