{"id":147536,"date":"2021-01-15T10:55:31","date_gmt":"2021-01-15T10:55:31","guid":{"rendered":"https:\/\/codengine3.ch\/?product=import-placeholder-for-206381"},"modified":"2021-01-15T14:48:32","modified_gmt":"2021-01-15T14:48:32","slug":"zwischen-tradition-und-moderne","status":"publish","type":"product","link":"https:\/\/pizbube.ch\/en\/shop\/zwischen-tradition-und-moderne\/","title":{"rendered":"ZWISCHEN TRADITION UND MODERNE"},"content":{"rendered":"<p>LECH &#038; Z\u00dcRS AM ARLBERG 1920-1940<br \/>\nARCHITEKTUR &#8211; TECHNIK &#8211; KUNST &#8211; GRAFIK &#8211; FOTOGRAFIE &#8211; FILM  <\/p>\n<p>Nach \u00dcberwindung des Ersten Weltkriegs erfreuten sich die<br \/>\nFremdenverkehrsorte Lech und Z\u00fcrs steigender Beliebtheit. Der<br \/>\nSkisport hatte sich von einem Sport der Eliten zum Volkssport<br \/>\nentwickelt und damit einhergehend erfuhr die Region ihre erste<br \/>\ntouristische Bl\u00fctezeit. Touristen und somit auch moderne Einfl\u00fcsse<br \/>\nstr\u00f6mten in die bis dahin ausschlie\u00dflich von der Landwirtschaft<br \/>\ngepr\u00e4gte Tannbergregion. In diesem Biotop der b\u00e4uerlichen<br \/>\nDorfgemeinschaft trafen damit st\u00e4dtische Interessen und Bed\u00fcrfnisse<br \/>\nauf l\u00e4ndliche Traditionen und hinterlie\u00dfen die unterschiedlichsten<br \/>\nHandschriften. Die Ausstellung spannt einen Bogen vom<br \/>\nAusbau der Infrastruktur durch gro\u00dfe Hotelprojekte und<br \/>\nVergn\u00fcgungseinrichtungen,<br \/>\nder Erschlie\u00dfung der Skih\u00e4nge durch die<br \/>\nersten Skiliftanlagen \u00fcber die visuellen Strategien des Films, der<br \/>\nFotografie als auch der Tourismuswerbung durch Plakate und Prospekte<br \/>\nbis hin zu den Positionen der K\u00fcnstler im Auftrag einer<br \/>\naufstrebenden Region. Im Fokus stehen moderne Einfl\u00fcsse, die<br \/>\nneben der traditionellen Walserkultur gedeihen.  <\/p>\n<p>Katalog der Ausstellung im Museum Huber-Hus Lech am Arlberg<br \/>\n12. Dezember 2010 bis 28. April 2011  <\/p>","protected":false},"excerpt":{"rendered":"<p>LECH &#038; Z\u00dcRS AM ARLBERG 1920-1940 ARCHITEKTUR &#8211; TECHNIK &#8211; KUNST &#8211; GRAFIK &#8211; FOTOGRAFIE &#8211; FILM Nach \u00dcberwindung des Ersten Weltkriegs erfreuten sich die Fremdenverkehrsorte Lech und Z\u00fcrs steigender Beliebtheit. Der Skisport hatte sich von einem Sport der Eliten zum Volkssport entwickelt und damit einhergehend erfuhr die Region ihre erste touristische Bl\u00fctezeit. Touristen und [&#8230;]\n","protected":false},"featured_media":35399,"template":"","meta":[],"product_brand":[],"product_cat":[21580],"product_tag":[],"class_list":{"0":"post-147536","1":"product","2":"type-product","3":"status-publish","4":"has-post-thumbnail","6":"product_cat-kunst-kultur","7":"pa_autor-just-ortner","8":"pa_erscheinungsjahr-21830","9":"pa_region-oesterreich","10":"pa_sprache-de","12":"first","13":"instock","14":"taxable","15":"shipping-taxable","16":"purchasable","17":"product-type-simple"},"_links":{"self":[{"href":"https:\/\/pizbube.ch\/en\/wp-json\/wp\/v2\/product\/147536","targetHints":{"allow":["GET"]}}],"collection":[{"href":"https:\/\/pizbube.ch\/en\/wp-json\/wp\/v2\/product"}],"about":[{"href":"https:\/\/pizbube.ch\/en\/wp-json\/wp\/v2\/types\/product"}],"wp:featuredmedia":[{"embeddable":true,"href":"https:\/\/pizbube.ch\/en\/wp-json\/wp\/v2\/media\/35399"}],"wp:attachment":[{"href":"https:\/\/pizbube.ch\/en\/wp-json\/wp\/v2\/media?parent=147536"}],"wp:term":[{"taxonomy":"product_brand","embeddable":true,"href":"https:\/\/pizbube.ch\/en\/wp-json\/wp\/v2\/product_brand?post=147536"},{"taxonomy":"product_cat","embeddable":true,"href":"https:\/\/pizbube.ch\/en\/wp-json\/wp\/v2\/product_cat?post=147536"},{"taxonomy":"product_tag","embeddable":true,"href":"https:\/\/pizbube.ch\/en\/wp-json\/wp\/v2\/product_tag?post=147536"}],"curies":[{"name":"wp","href":"https:\/\/api.w.org\/{rel}","templated":true}]}}