{"id":147537,"date":"2021-01-15T10:55:31","date_gmt":"2021-01-15T10:55:31","guid":{"rendered":"https:\/\/codengine3.ch\/?product=import-placeholder-for-200227"},"modified":"2026-02-11T09:54:08","modified_gmt":"2026-02-11T08:54:08","slug":"alpeadriatrail","status":"publish","type":"product","link":"https:\/\/pizbube.ch\/en\/shop\/alpeadriatrail\/","title":{"rendered":"AlpeAdriaTrail"},"content":{"rendered":"<p>Vom Grossglockner nach Triest &#8211; 41 Etappen<\/p>\n<p><span class=\"value\">Der AlpeAdriaTrail ist eine genussvolle und erlebnisreiche Entdeckungsreise durch K\u00e4rnten, Slowenien und Friaul-Julisch Venetien. Am Fu\u00df des Gro\u00dfglockners nimmt der rund 650 Kilometer lange Weitwanderweg seinen Ausgang, verl\u00e4uft gem\u00fctlich durch die traumhafte Kulisse der K\u00e4rntner Berg- und Seenwelt, durchstreift die slowenischen Kalkalpen und f\u00fchrt \u00fcber die Weinberge Friauls an die Mittelmeerk\u00fcste bei Triest. Der Rother Wanderf\u00fchrer \u00bbAlpeAdriaTrail\u00ab stellt alle 41 Etappen vom Gro\u00dfglockner bis nach Triest vor.<\/span><\/p>\n<p>Ein abwechslungsreiches Programm wird auf dem AlpeAdriaTrail geboten: Wer das Gletschereis und die zahlreichen Dreitausender der Tauerngruppe sowie die sanften Kuppen der Nockberge hinter sich gelassen hat, den erwartet in Slowenien einer der naturbelassensten Fl\u00fcsse Mitteleuropas, die So a. Mit ihrem klaren T\u00fcrkisblau geleitet sie die Wanderer durch die beeindruckenden Kalkformationen des Triglav-Nationalparks. Schlie\u00dflich werden die Weinberge Norditaliens durchstreift. Nach rund 41 Etappen und 23.000 H\u00f6henmetern wartet der Sprung in die Fluten der Adria \u2013 ein unbeschreibliches Gef\u00fchl!<\/p>\n<p>Neben den landschaftlichen Sch\u00f6nheiten ist der Trail auch ein kulturelles und kulinarisches Erlebnis \u2013 der Wanderf\u00fchrer bietet ausf\u00fchrliche Informationen zu allen Sehensw\u00fcrdigkeiten und viele Tipps zu lohnenden Einkehrm\u00f6glichkeiten. Die einzelnen Etappen werden mit exakten Wegbeschreibungen, Kartenausschnitten mit eingezeichnetem Routenverlauf und aussagekr\u00e4ftigen H\u00f6henprofilen pr\u00e4sentiert. Infos zu Verkehrsmitteln und Einkaufsm\u00f6glichkeiten vereinfachen die Etappenplanung. GPS-Daten stehen zum Download bereit.<\/p>\n<p>Die Autoren Astrid Christ und Martin Marktl kennen die Region von Kindesbeinen an. Sie geh\u00f6rten 2012 zu den Ersten, die den Alpe Adria Trail in seiner Gesamtl\u00e4nge erwandert haben.<\/p>\n<p>5. Auflage 2023, 184 Seiten mit 111 Farbabbildungen; 41<br \/>\nH\u00f6henprofile, 41 Wanderk\u00e4rtchen im Ma\u00dfstab 1:75.000, zwei \u00dcbersichtskarten<\/p>","protected":false},"excerpt":{"rendered":"<p>Vom Grossglockner nach Triest &#8211; 41 Etappen Der AlpeAdriaTrail ist eine genussvolle und erlebnisreiche Entdeckungsreise durch K\u00e4rnten, Slowenien und Friaul-Julisch Venetien. Am Fu\u00df des Gro\u00dfglockners nimmt der rund 650 Kilometer lange Weitwanderweg seinen Ausgang, verl\u00e4uft gem\u00fctlich durch die traumhafte Kulisse der K\u00e4rntner Berg- und Seenwelt, durchstreift die slowenischen Kalkalpen und f\u00fchrt \u00fcber die Weinberge Friauls [&#8230;]\n","protected":false},"featured_media":183127,"template":"","meta":[],"product_brand":[],"product_cat":[21605],"product_tag":[27688],"class_list":{"0":"post-147537","1":"product","2":"type-product","3":"status-publish","4":"has-post-thumbnail","6":"product_cat-wanderfuehrer-trekking","7":"product_tag-alpe-adria-trail","8":"pa_autor-christ-marktl","9":"pa_erscheinungsjahr-27129","10":"pa_region-italien","11":"pa_sprache-de","13":"first","14":"instock","15":"taxable","16":"shipping-taxable","17":"purchasable","18":"product-type-simple"},"_links":{"self":[{"href":"https:\/\/pizbube.ch\/en\/wp-json\/wp\/v2\/product\/147537","targetHints":{"allow":["GET"]}}],"collection":[{"href":"https:\/\/pizbube.ch\/en\/wp-json\/wp\/v2\/product"}],"about":[{"href":"https:\/\/pizbube.ch\/en\/wp-json\/wp\/v2\/types\/product"}],"wp:featuredmedia":[{"embeddable":true,"href":"https:\/\/pizbube.ch\/en\/wp-json\/wp\/v2\/media\/183127"}],"wp:attachment":[{"href":"https:\/\/pizbube.ch\/en\/wp-json\/wp\/v2\/media?parent=147537"}],"wp:term":[{"taxonomy":"product_brand","embeddable":true,"href":"https:\/\/pizbube.ch\/en\/wp-json\/wp\/v2\/product_brand?post=147537"},{"taxonomy":"product_cat","embeddable":true,"href":"https:\/\/pizbube.ch\/en\/wp-json\/wp\/v2\/product_cat?post=147537"},{"taxonomy":"product_tag","embeddable":true,"href":"https:\/\/pizbube.ch\/en\/wp-json\/wp\/v2\/product_tag?post=147537"}],"curies":[{"name":"wp","href":"https:\/\/api.w.org\/{rel}","templated":true}]}}