{"id":147538,"date":"2021-01-15T10:55:31","date_gmt":"2021-01-15T10:55:31","guid":{"rendered":"https:\/\/codengine3.ch\/?product=import-placeholder-for-205350"},"modified":"2022-07-05T18:05:37","modified_gmt":"2022-07-05T16:05:37","slug":"friaul-julisch-venetien","status":"publish","type":"product","link":"https:\/\/pizbube.ch\/en\/shop\/friaul-julisch-venetien\/","title":{"rendered":"Friaul-Julisch Venetien"},"content":{"rendered":"<p>Von den Karnischen und Julischen Alpen zur Adria<br \/>\n52 Touren<\/p>\n<p>Friaul-Julisch Venetien &#8211; welch geheimnisvoller Zauber schwingt in diesen<br \/>\nWorten mit! Die im \u00e4u\u00dfersten Nordosten Italiens gelegene Region ist von einer<br \/>\neinzigartigen landschaftlichen Vielfalt gepr\u00e4gt: An der Grenze zu \u00d6sterreich<br \/>\nliegt die im Ersten Weltkrieg hart umk\u00e4mpfte Karnische Hauptkette, die in der<br \/>\nHohen Warte mit 2780 m gipfelt. Um den Oberlauf des Tagliamento, des letzten<br \/>\ngro\u00dfen Wildflusses der Alpen, erstreckt sich die Bergwelt der C\u00e1rnia mit den<br \/>\nalten deutschen Sprachinseln Zahre\/Sauris und Tischlwang\/Timau. Etwas weiter<br \/>\nwestlich, am Oberlauf des Piave und schon zur Region Veneto geh\u00f6rig, befindet<br \/>\nsich das liebliche Tal von Bladen\/Sappada.<\/p>\n<p>Im Dreieck zwischen der Tiefebene Friauls, dem Tagliamento und dem Piave<br \/>\nerheben sich die Friulanischen Dolomiten, die nach den Worten eines ihrer<br \/>\nersten Erschlie\u00dfer keinen Vergleich mit den eigentlichen Dolomiten zu scheuen<br \/>\nbrauchen. Schlie\u00dflich wurden in diesen neuen Rother Wanderf\u00fchrer noch die in<br \/>\nItalien liegenden Gebiete der Julischen Alpen, des G\u00f6rzer H\u00fcgellandes, auch<br \/>\nCollio genannt, und des Karstes von Triest aufgenommen.<\/p>\n<p>Die Auswahl der 52 Touren ber\u00fccksichtigt alle Anspr\u00fcche: Von mittelschweren<br \/>\nBergtouren bis zu kurzen, einfachen Wanderungen im Bereich der K\u00fcste, von<br \/>\nRundwegen um Seen und auf Almen bis zu naturhistorischen Pfaden reichen die<br \/>\nVorschl\u00e4ge.<br \/>\nDie ausf\u00fchrlichen Wegbeschreibungen, detaillierte Kartenausschnitte mit<br \/>\neingezeichnetem Routenverlauf sowie aussagekr\u00e4ftige H\u00f6henprofile mit<br \/>\neingetragenen Etappenpunkten und Einkehrm\u00f6glichkeiten machen alle<br \/>\nTourenvorschl\u00e4ge leicht und sicher nachvollziehbar. Abwechslungsreiche<br \/>\nFarbfotos und zahlreiche Tipps zu Sehensw\u00fcrdigkeiten laden zur Entdeckung der<br \/>\nRegion ein.<\/p>\n<p>176 Seiten mit 116 Farbabbildungen; 52 H\u00f6henprofile, 52 Wanderk\u00e4rtchen im<br \/>\nMa\u00dfstab 1:25.000 bis 1:100.000, eine \u00dcbersichtskarte<\/p>\n<p>4., aktualisierte Auflage 2022<\/p>","protected":false},"excerpt":{"rendered":"<p>Von den Karnischen und Julischen Alpen zur Adria 52 Touren Friaul-Julisch Venetien &#8211; welch geheimnisvoller Zauber schwingt in diesen Worten mit! Die im \u00e4u\u00dfersten Nordosten Italiens gelegene Region ist von einer einzigartigen landschaftlichen Vielfalt gepr\u00e4gt: An der Grenze zu \u00d6sterreich liegt die im Ersten Weltkrieg hart umk\u00e4mpfte Karnische Hauptkette, die in der Hohen Warte mit [&#8230;]\n","protected":false},"featured_media":161608,"template":"","meta":[],"product_brand":[],"product_cat":[21605],"product_tag":[],"class_list":{"0":"post-147538","1":"product","2":"type-product","3":"status-publish","4":"has-post-thumbnail","6":"product_cat-wanderfuehrer-trekking","7":"pa_autor-lang","8":"pa_erscheinungsjahr-27013","9":"pa_region-italien","10":"pa_sprache-de","12":"first","13":"instock","14":"taxable","15":"shipping-taxable","16":"purchasable","17":"product-type-simple"},"_links":{"self":[{"href":"https:\/\/pizbube.ch\/en\/wp-json\/wp\/v2\/product\/147538","targetHints":{"allow":["GET"]}}],"collection":[{"href":"https:\/\/pizbube.ch\/en\/wp-json\/wp\/v2\/product"}],"about":[{"href":"https:\/\/pizbube.ch\/en\/wp-json\/wp\/v2\/types\/product"}],"wp:featuredmedia":[{"embeddable":true,"href":"https:\/\/pizbube.ch\/en\/wp-json\/wp\/v2\/media\/161608"}],"wp:attachment":[{"href":"https:\/\/pizbube.ch\/en\/wp-json\/wp\/v2\/media?parent=147538"}],"wp:term":[{"taxonomy":"product_brand","embeddable":true,"href":"https:\/\/pizbube.ch\/en\/wp-json\/wp\/v2\/product_brand?post=147538"},{"taxonomy":"product_cat","embeddable":true,"href":"https:\/\/pizbube.ch\/en\/wp-json\/wp\/v2\/product_cat?post=147538"},{"taxonomy":"product_tag","embeddable":true,"href":"https:\/\/pizbube.ch\/en\/wp-json\/wp\/v2\/product_tag?post=147538"}],"curies":[{"name":"wp","href":"https:\/\/api.w.org\/{rel}","templated":true}]}}