{"id":147539,"date":"2021-01-15T10:55:31","date_gmt":"2021-01-15T10:55:31","guid":{"rendered":"https:\/\/codengine3.ch\/?product=import-placeholder-for-208622"},"modified":"2023-04-15T10:20:37","modified_gmt":"2023-04-15T08:20:37","slug":"slowenien-53-touren-zwischen-julischen-alpen-und-adriakueste","status":"publish","type":"product","link":"https:\/\/pizbube.ch\/en\/shop\/slowenien-53-touren-zwischen-julischen-alpen-und-adriakueste\/","title":{"rendered":"Slowenien &#8211; 53 Touren zwischen Julischen Alpen und Adriak\u00fcste"},"content":{"rendered":"<p>Vom Triglav Nationalpark in den Julischen Alpen \u00fcber die Karawanken bis zu den<br \/>\nschroffen Kalkfelsen der Steiner Alpen, von den sanften Mittelgebirgen in<br \/>\nZentralslowenien \u00fcber den geheimnisvollen Karst bis zum Meer &#8211; Slowenien<br \/>\nzeichnet sich durch eine sehr urspr\u00fcngliche, vielf\u00e4ltige und kontrastreiche<br \/>\nLandschaft aus. Steile Felsw\u00e4nde und liebliche Almwiesen, karge Karstplateaus<br \/>\nmit bunten Blumenpolstern, tiefe Schluchten und romantische Buchenw\u00e4lder, alte<br \/>\nAlmh\u00fctten und sanfte Weinberge, geheimnisvolle Seen und rauschende Wildfl\u00fcsse,<br \/>\nSteinb\u00f6cke und G\u00e4msen, riesige H\u00f6hlensysteme und Weitblicke bis hinunter zum<br \/>\nMeer lassen den Wanderer auf Schritt und Tritt immer neue Naturwunder erleben.<\/p>\n<p>Evamaria Wecker hat insgesamt 53 Touren unterschiedlicher Schwierigkeitsgrade<br \/>\nf\u00fcr dieses Rother Wanderbuch ausgesucht. Die Palette reicht von der<br \/>\ngem\u00fctlichen K\u00fcstenwanderung \u00fcber spannende Schlucht- und malerische Taltouren<br \/>\nbis hin zu anspruchsvollen, hochalpinen Unternehmungen, die den<br \/>\nkonditionsstarken Wanderer erfordern. Erklimmen Sie hohe Gipfel wie den<br \/>\nTriglav oder die Ojstrica, entdecken Sie die Weinberge von Jeruzalem oder die<br \/>\ngeheimnisvolle Rak-Schlucht und lassen Sie sich von der ausgezeichneten<br \/>\nslowenischen K\u00fcche mit ihren kulinarischen K\u00f6stlichkeiten verw\u00f6hnen.<\/p>\n<p>Eine kompakte Kurzinfo zu jeder Tour, klare Wegbeschreibungen,<br \/>\nKartenausschnitte mit eingetragenem Routenverlauf im Ma\u00dfstab 1.50.000 und<br \/>\n1:75.000, aussagekr\u00e4ftige H\u00f6henprofile sowie die praktischen Umschlagklappen<br \/>\nmit einem \u00dcberblick \u00fcber alle 53 Touren und einer \u00dcbersichtskarte machen<br \/>\ndieses Wanderbuch \u00e4u\u00dferst benutzerfreundlich und erlauben eine einfache<br \/>\nAuswahl und genussvolle Durchf\u00fchrung der Wanderungen. GPS-Daten zum Download<br \/>\nerleichtern zudem die Tourenplanung und die Orientierung vor Ort. Die<br \/>\neinmaligen Naturaufnahmen machen Lust darauf, in die faszinierende Bergwelt<br \/>\nSloweniens einzutauchen und dieses liebenswerte, kleine Land auf der<br \/>\nSonnenseite der Alpen zu Fu\u00df zu entdecken.<\/p>\n<p>5. Auflage 2022<br \/>\n184 Seiten mit 148 Farbabbildungen<br \/>\n53 Wanderk\u00e4rtchen im Ma\u00dfstab 1:50.000 und 1:75.000 mit eingezeichnetem<br \/>\nRoutenverlauf, 53 H\u00f6henprofile sowie eine \u00dcbersichtskarte<\/p>","protected":false},"excerpt":{"rendered":"<ul>\n<li><a href=\"https:\/\/pizbube.ch\/wp-content\/uploads\/attachments\/a_031\/ED7F72CBCA731DBF9F862BC0C4671683.pdf\" target=\"_blank\" rel=\"noopener\">PDF: slowenien_inhalt<\/a><\/li>\n<\/ul>","protected":false},"featured_media":161837,"template":"","meta":[],"product_brand":[],"product_cat":[21605],"product_tag":[],"class_list":{"0":"post-147539","1":"product","2":"type-product","3":"status-publish","4":"has-post-thumbnail","6":"product_cat-wanderfuehrer-trekking","7":"pa_autor-wecker","8":"pa_erscheinungsjahr-27013","9":"pa_region-osteuropa","10":"pa_sprache-de","12":"first","13":"instock","14":"taxable","15":"shipping-taxable","16":"purchasable","17":"product-type-simple"},"_links":{"self":[{"href":"https:\/\/pizbube.ch\/en\/wp-json\/wp\/v2\/product\/147539","targetHints":{"allow":["GET"]}}],"collection":[{"href":"https:\/\/pizbube.ch\/en\/wp-json\/wp\/v2\/product"}],"about":[{"href":"https:\/\/pizbube.ch\/en\/wp-json\/wp\/v2\/types\/product"}],"wp:featuredmedia":[{"embeddable":true,"href":"https:\/\/pizbube.ch\/en\/wp-json\/wp\/v2\/media\/161837"}],"wp:attachment":[{"href":"https:\/\/pizbube.ch\/en\/wp-json\/wp\/v2\/media?parent=147539"}],"wp:term":[{"taxonomy":"product_brand","embeddable":true,"href":"https:\/\/pizbube.ch\/en\/wp-json\/wp\/v2\/product_brand?post=147539"},{"taxonomy":"product_cat","embeddable":true,"href":"https:\/\/pizbube.ch\/en\/wp-json\/wp\/v2\/product_cat?post=147539"},{"taxonomy":"product_tag","embeddable":true,"href":"https:\/\/pizbube.ch\/en\/wp-json\/wp\/v2\/product_tag?post=147539"}],"curies":[{"name":"wp","href":"https:\/\/api.w.org\/{rel}","templated":true}]}}