{"id":147541,"date":"2021-01-15T10:55:31","date_gmt":"2021-01-15T10:55:31","guid":{"rendered":"https:\/\/codengine3.ch\/?product=import-placeholder-for-208725"},"modified":"2023-01-05T08:51:17","modified_gmt":"2023-01-05T07:51:17","slug":"fernwanderwege-in-europa","status":"publish","type":"product","link":"https:\/\/pizbube.ch\/en\/shop\/fernwanderwege-in-europa\/","title":{"rendered":"Fernwanderwege in Europa"},"content":{"rendered":"<p>25 Traumstrecken vom Nordkap bis zum Mittelmeer und die Wege E1-E11 im<br \/>\n\u00dcberblick<\/p>\n<p>Europa zu Fu\u00df erleben<br \/>\nWandern, so weit die F\u00fc\u00dfe tragen. Zumindest viele Hundert Kilometer und<br \/>\nmehrere Tage am St\u00fcck. Das haben alle Fernwanderwege gemein. Ansonsten k\u00f6nnen<br \/>\nsie sehr unterschiedlich sein. Von Einsamkeit gepr\u00e4gt ist beispielsweise der<br \/>\nLaugavegur auf Island, wohingegen man auf dem Spanischen Jakobsweg eher selten<br \/>\nalleine l\u00e4uft. Michael Vogeley stellt 20 Weitwanderwege vor \u0096 mit allen ihren<br \/>\nBesonderheiten.<\/p>\n<p><span class=\"value\"> Dieser Bildband stellt die besten Fernwanderwege vor &#8211; mit allen ihren Besonderheiten, erg\u00e4nzt durch praktische Tipps und inspirierende Fotos. Diese \u00fcberarbeitete Neuauflage ist erweitert um neue, reizvolle Touren. Zus\u00e4tzlich gibt es die Fernwanderwege E1 bis E12 im \u00dcberblick.<\/span><\/p>\n<p>168 Seiten, ca. 160 Abbildungen, Format 22,7 x 27,4 cm, Hardcover<\/p>","protected":false},"excerpt":{"rendered":"<p>25 Traumstrecken vom Nordkap bis zum Mittelmeer und die Wege E1-E11 im \u00dcberblick Europa zu Fu\u00df erleben Wandern, so weit die F\u00fc\u00dfe tragen. Zumindest viele Hundert Kilometer und mehrere Tage am St\u00fcck. Das haben alle Fernwanderwege gemein. Ansonsten k\u00f6nnen sie sehr unterschiedlich sein. Von Einsamkeit gepr\u00e4gt ist beispielsweise der Laugavegur auf Island, wohingegen man auf [&#8230;]\n","protected":false},"featured_media":160172,"template":"","meta":[],"product_brand":[],"product_cat":[21542],"product_tag":[27028,27027],"class_list":{"0":"post-147541","1":"product","2":"type-product","3":"status-publish","4":"has-post-thumbnail","6":"product_cat-sachbuecher-dokumentationen","7":"product_tag-weitwanderfuehrer","8":"product_tag-weitwandern","9":"pa_autor-vogeley","10":"pa_erscheinungsjahr-27013","11":"pa_region-uebrigers-europa","12":"pa_sprache-de","14":"first","15":"instock","16":"taxable","17":"shipping-taxable","18":"purchasable","19":"product-type-simple"},"_links":{"self":[{"href":"https:\/\/pizbube.ch\/en\/wp-json\/wp\/v2\/product\/147541","targetHints":{"allow":["GET"]}}],"collection":[{"href":"https:\/\/pizbube.ch\/en\/wp-json\/wp\/v2\/product"}],"about":[{"href":"https:\/\/pizbube.ch\/en\/wp-json\/wp\/v2\/types\/product"}],"wp:featuredmedia":[{"embeddable":true,"href":"https:\/\/pizbube.ch\/en\/wp-json\/wp\/v2\/media\/160172"}],"wp:attachment":[{"href":"https:\/\/pizbube.ch\/en\/wp-json\/wp\/v2\/media?parent=147541"}],"wp:term":[{"taxonomy":"product_brand","embeddable":true,"href":"https:\/\/pizbube.ch\/en\/wp-json\/wp\/v2\/product_brand?post=147541"},{"taxonomy":"product_cat","embeddable":true,"href":"https:\/\/pizbube.ch\/en\/wp-json\/wp\/v2\/product_cat?post=147541"},{"taxonomy":"product_tag","embeddable":true,"href":"https:\/\/pizbube.ch\/en\/wp-json\/wp\/v2\/product_tag?post=147541"}],"curies":[{"name":"wp","href":"https:\/\/api.w.org\/{rel}","templated":true}]}}