{"id":147542,"date":"2021-01-15T10:55:31","date_gmt":"2021-01-15T10:55:31","guid":{"rendered":"https:\/\/codengine3.ch\/?product=import-placeholder-for-206481"},"modified":"2021-01-15T14:49:15","modified_gmt":"2021-01-15T14:49:15","slug":"die-stillen-pfade-der-via-alpina","status":"publish","type":"product","link":"https:\/\/pizbube.ch\/en\/shop\/die-stillen-pfade-der-via-alpina\/","title":{"rendered":"Die stillen Pfade der Via Alpina"},"content":{"rendered":"<p>Unterwegs auf dem Violetten Weg  <\/p>\n<p>In 66 Tagen durch 3 Alpenl\u00e4nder<br \/>\nDie stille Sch\u00f6nheit der \u00f6stlichen Kalkalpen entdeckt man am besten wandernd.<br \/>\nDer Violette Weg der Via Alpina f\u00fchrt in 66 Tagesetappen abseits viel<br \/>\nbegangener Pfade von den Karawanken durch die Steirischen Alpen bis ins<br \/>\nAllg\u00e4u. Jede Tour wird ausf\u00fchrlich beschrieben, enth\u00e4lt wichtige Tipps zu<br \/>\nUnterkunft und Einkehr, und kennt die bedeutenden Attraktionen am Wegesrand<br \/>\nwie die Klosterbibliothek im Stift Admont oder die K\u00f6nigsschl\u00f6sser Ludwigs II.  <\/p>","protected":false},"excerpt":{"rendered":"<p>Unterwegs auf dem Violetten Weg In 66 Tagen durch 3 Alpenl\u00e4nder Die stille Sch\u00f6nheit der \u00f6stlichen Kalkalpen entdeckt man am besten wandernd. Der Violette Weg der Via Alpina f\u00fchrt in 66 Tagesetappen abseits viel begangener Pfade von den Karawanken durch die Steirischen Alpen bis ins Allg\u00e4u. Jede Tour wird ausf\u00fchrlich beschrieben, enth\u00e4lt wichtige Tipps zu [&#8230;]\n","protected":false},"featured_media":35529,"template":"","meta":[],"product_brand":[],"product_cat":[21605],"product_tag":[],"class_list":{"0":"post-147542","1":"product","2":"type-product","3":"status-publish","4":"has-post-thumbnail","6":"product_cat-wanderfuehrer-trekking","7":"pa_autor-wecker","8":"pa_erscheinungsjahr-21610","9":"pa_region-deutschland","10":"pa_sprache-de","12":"first","13":"outofstock","14":"taxable","15":"shipping-taxable","16":"purchasable","17":"product-type-simple"},"_links":{"self":[{"href":"https:\/\/pizbube.ch\/en\/wp-json\/wp\/v2\/product\/147542","targetHints":{"allow":["GET"]}}],"collection":[{"href":"https:\/\/pizbube.ch\/en\/wp-json\/wp\/v2\/product"}],"about":[{"href":"https:\/\/pizbube.ch\/en\/wp-json\/wp\/v2\/types\/product"}],"wp:featuredmedia":[{"embeddable":true,"href":"https:\/\/pizbube.ch\/en\/wp-json\/wp\/v2\/media\/35529"}],"wp:attachment":[{"href":"https:\/\/pizbube.ch\/en\/wp-json\/wp\/v2\/media?parent=147542"}],"wp:term":[{"taxonomy":"product_brand","embeddable":true,"href":"https:\/\/pizbube.ch\/en\/wp-json\/wp\/v2\/product_brand?post=147542"},{"taxonomy":"product_cat","embeddable":true,"href":"https:\/\/pizbube.ch\/en\/wp-json\/wp\/v2\/product_cat?post=147542"},{"taxonomy":"product_tag","embeddable":true,"href":"https:\/\/pizbube.ch\/en\/wp-json\/wp\/v2\/product_tag?post=147542"}],"curies":[{"name":"wp","href":"https:\/\/api.w.org\/{rel}","templated":true}]}}