{"id":147543,"date":"2021-01-15T10:55:31","date_gmt":"2021-01-15T10:55:31","guid":{"rendered":"https:\/\/codengine3.ch\/?product=import-placeholder-for-206757"},"modified":"2025-04-12T14:26:31","modified_gmt":"2025-04-12T12:26:31","slug":"tiefer-gehen-wandern-und-einkehren-im-karst-und-an-der-kueste","status":"publish","type":"product","link":"https:\/\/pizbube.ch\/en\/shop\/tiefer-gehen-wandern-und-einkehren-im-karst-und-an-der-kueste\/","title":{"rendered":"Tiefer gehen &#8211; Wandern und Einkehren im Karst und an der K\u00fcste"},"content":{"rendered":"<p>Wanderungen in den vergessenen D\u00f6rfern des slowenischen und italienischen<br \/>\nKarsts, die in gew\u00f6hnlichen Reisef\u00fchrern kaum erw\u00e4hnt werden.<\/p>\n<p>Der slowenische und italienische Karst, eine Landschaft von au\u00dfergew\u00f6hnlicher<br \/>\nSch\u00f6nheit und Vielfalt, steht diesmal im Blickfeld des Autorenteams um Gerhard<br \/>\nPilgram. Zu Fu\u00df erkundet werden sowohl der Nostranjski Kras, der \u00bbklassische\u00ab<br \/>\nslowenische Karst der Primorska, als auch der Carso Triestino einschlie\u00dflich<br \/>\nder K\u00fcste in Julisch Venetien. Dazu kommen mehrere Expeditionen am Kra\u0161ki rob,<br \/>\ndem Karstrand, sowie in Slovenska Istra an der Grenze zu Kroatien. Neben<br \/>\nprominenten Orten wie dem Zirknitzer See, den Grotten von \u0160kocjan oder dem Val<br \/>\nRosandra, die jeweils aus ungewohnter Perspektive betrachtet werden, widmen<br \/>\nsich die Autoren vor allem jenen abgelegenen Gegenden des Karsts, die in<br \/>\ngew\u00f6hnlichen Reisef\u00fchrern kaum erw\u00e4hnt werden.<\/p>\n<p>Das Augenmerk liegt dabei auf der wechselvollen politischen Geschichte der<br \/>\nRegion sowie der Alltagskultur der Ortschaften, die mit viel Sympathie und<br \/>\nWitz, aber keineswegs unkritisch portr\u00e4tiert werden. Zeitgeschichtliche und<br \/>\nphilosophische Essays liefern die entsprechenden Hintergrundinformationen,<br \/>\ndetaillierte Wegbeschreibungen und gastronomische Tipps den touristischen<br \/>\nGebrauchswert. Zahlreiche Farb- und Schwarzwei\u00df-Fotos spiegeln den<br \/>\nmelancholischen Reiz der Landschaft.<\/p>\n<p>30 Wanderungen und Spazierg\u00e4nge<br \/>\n100 Ortsbeschreibungen<br \/>\n10 Essays<br \/>\nZahlreiche Farb- und SW-Fotos<\/p>","protected":false},"excerpt":{"rendered":"<p>Wanderungen in den vergessenen D\u00f6rfern des slowenischen und italienischen Karsts, die in gew\u00f6hnlichen Reisef\u00fchrern kaum erw\u00e4hnt werden. Der slowenische und italienische Karst, eine Landschaft von au\u00dfergew\u00f6hnlicher Sch\u00f6nheit und Vielfalt, steht diesmal im Blickfeld des Autorenteams um Gerhard Pilgram. Zu Fu\u00df erkundet werden sowohl der Nostranjski Kras, der \u00bbklassische\u00ab slowenische Karst der Primorska, als auch der [&#8230;]\n","protected":false},"featured_media":36046,"template":"","meta":[],"product_brand":[],"product_cat":[21605],"product_tag":[],"class_list":{"0":"post-147543","1":"product","2":"type-product","3":"status-publish","4":"has-post-thumbnail","6":"product_cat-wanderfuehrer-trekking","7":"pa_autor-pilgram-berger-koroschitz","8":"pa_erscheinungsjahr-21568","9":"pa_region-osteuropa","10":"pa_sprache-de","12":"first","13":"instock","14":"taxable","15":"shipping-taxable","16":"purchasable","17":"product-type-simple"},"_links":{"self":[{"href":"https:\/\/pizbube.ch\/en\/wp-json\/wp\/v2\/product\/147543","targetHints":{"allow":["GET"]}}],"collection":[{"href":"https:\/\/pizbube.ch\/en\/wp-json\/wp\/v2\/product"}],"about":[{"href":"https:\/\/pizbube.ch\/en\/wp-json\/wp\/v2\/types\/product"}],"wp:featuredmedia":[{"embeddable":true,"href":"https:\/\/pizbube.ch\/en\/wp-json\/wp\/v2\/media\/36046"}],"wp:attachment":[{"href":"https:\/\/pizbube.ch\/en\/wp-json\/wp\/v2\/media?parent=147543"}],"wp:term":[{"taxonomy":"product_brand","embeddable":true,"href":"https:\/\/pizbube.ch\/en\/wp-json\/wp\/v2\/product_brand?post=147543"},{"taxonomy":"product_cat","embeddable":true,"href":"https:\/\/pizbube.ch\/en\/wp-json\/wp\/v2\/product_cat?post=147543"},{"taxonomy":"product_tag","embeddable":true,"href":"https:\/\/pizbube.ch\/en\/wp-json\/wp\/v2\/product_tag?post=147543"}],"curies":[{"name":"wp","href":"https:\/\/api.w.org\/{rel}","templated":true}]}}