{"id":147544,"date":"2021-01-15T10:55:31","date_gmt":"2021-01-15T10:55:31","guid":{"rendered":"https:\/\/codengine3.ch\/?product=import-placeholder-for-207578"},"modified":"2021-01-15T16:04:48","modified_gmt":"2021-01-15T16:04:48","slug":"zu-rande-kommen","status":"publish","type":"product","link":"https:\/\/pizbube.ch\/en\/shop\/zu-rande-kommen\/","title":{"rendered":"Zu Rande kommen"},"content":{"rendered":"<p>Eine Fu\u00df- und Bahnreise von Ljubljana zum Meer. Ein Wander-Reise-Lese-Buch des<br \/>\nUniversit\u00e4tskulturzentrums UNIKUM<\/p>\n<p>\u00bbZu Rande kommen\u00ab er\u00f6ffnet eine profane Alternative zu Jakobsweg &#038; Co. Es ist<br \/>\ndie Anleitung zu einer Fu\u00dfreise durch die Notranjska (Innerkrain) und<br \/>\nPrimorska (K\u00fcstenland) im S\u00fcdwesten Sloweniens sowie durch den italienischen<br \/>\nCarso Triestino im Hinterland von Triest.  <\/p>\n<p>Die rund zweiw\u00f6chige Tour beginnt am Hauptbahnhof von Ljubljana, verzweigt<br \/>\nsich bei Postojana in eine Nord- und S\u00fcdpassage und endet wahlweise in der<br \/>\nAltstadt von Koper oder im Zentrum von Triest. Die Route verbindet einige der<br \/>\nsch\u00f6nsten Naturlandschaften Sloweniens, darunter auch bisher \u00bbunentdeckte\u00ab<br \/>\nGegenden. Zu den H\u00f6hepunkten z\u00e4hlen der Regionalpark Ljubljansko barje, die<br \/>\neinsame Meni\u0161ija, der ber\u00fchmte Zirknitzer See\/Cerkni\u0161ko jezero, die<br \/>\ndramatische Schluchtenlandschaft Rakov \u0160kocjan, die stillen W\u00e4lder der<br \/>\nJavorniki, die idyllischen Almen der Vrem\u0161\u010dica, der unesco-Weltkulturerbe-Park<br \/>\n\u0160kocjanske jame, das sanfte H\u00fcgelland Brkini, die \u00bbWinnetou-Landschaften\u00ab des<br \/>\nKra\u0161ki rob, das fruchtbare Ro\u017eana-Tal, das legend\u00e4re Val Rosandra und zu guter<br \/>\nLetzt die Weinterrassen bei Triest.<\/p>\n<p>Dazu kommen zahlreiche Kulturdenkm\u00e4ler, malerische D\u00f6rfer und alte<br \/>\nKulturlandschaften, die auf historischen Saumpfaden und Wanderwegen abseits<br \/>\nder Hauptverkehrsrouten liegen. Weitere Vorz\u00fcge der Weitwanderung sind die<br \/>\nleicht zu bew\u00e4ltigenden Tagesetappen, die angenehmen<br \/>\n\u00dcbernachtungsm\u00f6glichkeiten sowie das gute kulinarische Angebot. Ein Gro\u00dfteil<br \/>\nder Etappenziele ist mit der Eisenbahn erreichbar, woraus sich mehrere<br \/>\nAbk\u00fcrzungsund Variationsm\u00f6glichkeiten ergeben.<\/p>","protected":false},"excerpt":{"rendered":"<p>Eine Fu\u00df- und Bahnreise von Ljubljana zum Meer. Ein Wander-Reise-Lese-Buch des Universit\u00e4tskulturzentrums UNIKUM \u00bbZu Rande kommen\u00ab er\u00f6ffnet eine profane Alternative zu Jakobsweg &#038; Co. Es ist die Anleitung zu einer Fu\u00dfreise durch die Notranjska (Innerkrain) und Primorska (K\u00fcstenland) im S\u00fcdwesten Sloweniens sowie durch den italienischen Carso Triestino im Hinterland von Triest. Die rund zweiw\u00f6chige Tour [&#8230;]\n","protected":false},"featured_media":37873,"template":"","meta":[],"product_brand":[],"product_cat":[21605],"product_tag":[],"class_list":{"0":"post-147544","1":"product","2":"type-product","3":"status-publish","4":"has-post-thumbnail","6":"product_cat-wanderfuehrer-trekking","7":"pa_autor-pilgram-berger-koroschitz","8":"pa_erscheinungsjahr-21597","9":"pa_region-osteuropa","10":"pa_sprache-de","12":"first","13":"instock","14":"taxable","15":"shipping-taxable","16":"purchasable","17":"product-type-simple"},"_links":{"self":[{"href":"https:\/\/pizbube.ch\/en\/wp-json\/wp\/v2\/product\/147544","targetHints":{"allow":["GET"]}}],"collection":[{"href":"https:\/\/pizbube.ch\/en\/wp-json\/wp\/v2\/product"}],"about":[{"href":"https:\/\/pizbube.ch\/en\/wp-json\/wp\/v2\/types\/product"}],"wp:featuredmedia":[{"embeddable":true,"href":"https:\/\/pizbube.ch\/en\/wp-json\/wp\/v2\/media\/37873"}],"wp:attachment":[{"href":"https:\/\/pizbube.ch\/en\/wp-json\/wp\/v2\/media?parent=147544"}],"wp:term":[{"taxonomy":"product_brand","embeddable":true,"href":"https:\/\/pizbube.ch\/en\/wp-json\/wp\/v2\/product_brand?post=147544"},{"taxonomy":"product_cat","embeddable":true,"href":"https:\/\/pizbube.ch\/en\/wp-json\/wp\/v2\/product_cat?post=147544"},{"taxonomy":"product_tag","embeddable":true,"href":"https:\/\/pizbube.ch\/en\/wp-json\/wp\/v2\/product_tag?post=147544"}],"curies":[{"name":"wp","href":"https:\/\/api.w.org\/{rel}","templated":true}]}}