{"id":147559,"date":"2021-01-15T10:55:32","date_gmt":"2021-01-15T10:55:32","guid":{"rendered":"https:\/\/codengine3.ch\/?product=import-placeholder-for-206926"},"modified":"2021-01-15T14:53:28","modified_gmt":"2021-01-15T14:53:28","slug":"150-years-150-stories","status":"publish","type":"product","link":"https:\/\/pizbube.ch\/en\/shop\/150-years-150-stories\/","title":{"rendered":"150 Years &#8211; 150 Stories"},"content":{"rendered":"<p>Offizielles Jubil\u00e4umsbuch zu 150 Jahre Mammut  <\/p>\n<p>Wenn das kein Grund zum Feiern ist: Aus dem 1862 urspr\u00fcnglich als Seilerei<br \/>\ngegr\u00fcndeten Handwerksbetrieb von Kaspar Tanner in Dintikon ist im Verlauf von<br \/>\n150 Jahren ein internationales Unternehmen mit innovativen Produkten f\u00fcr<br \/>\nOutdoor- und Alpinsport-Begeisterte geworden, die auch hinsichtlich Sicherheit<br \/>\nim Berg- und Klettersport neue Massst\u00e4be setzen. Erfolg und Beliebtheit der<br \/>\nMarke Mammut sprechen f\u00fcr sich &#8211; und lassen sich anhand dieses aufwendig<br \/>\ngestalteten Text- und Bildbandes nachvollziehen. Und miterleben: Ob bei der<br \/>\nersten Winterbegehung des Torre Egger in Patagonien oder beim Deep Water<br \/>\nSoloing in Thailand, der Leser begleitet Kletterstars wie Stephan Siegrist<br \/>\noder David Lama hautnah.  <\/p>\n<p>Schlaglichter auf die alpine Geschichte von Autoren wie Daniel Anker, Claude<br \/>\nRemy oder in historischen Originalbeitr\u00e4gen verdeutlichen die Entwicklung, die<br \/>\nder Alpinismus seit der Mitte des 19. Jahrhunderts vollzogen hat &#8211; im Klettern<br \/>\ngenauso wie beim Skitourengehen, Freeriden, H\u00f6henbergsteigen oder Trekken.<br \/>\nSpannende Blicke hinter die Kulissen zeigen, wie aus einer kreativen Idee ein<br \/>\nneues Produkt entsteht und was f\u00fcr Menschen es sind, die hinter der Marke<br \/>\nMammut stehen oder sie repr\u00e4sentieren. Namhafte Alpin- und Outdoor-Fotografen<br \/>\nwie Robert B\u00f6sch, Rainer Eder, Thomas Senf, Thomas Ulrich und Peter Mathis<br \/>\nbegeistern nicht nur mit spektakul\u00e4ren Aufnahmen, sondern berichten auch aus<br \/>\nihrem beruflichen Alltag. Aus jedem der 150 Beitr\u00e4ge aus allen Disziplinen und<br \/>\nEpochen des Bergsteigens spricht eine Philosophie, die auch als Erfolgsrezept<br \/>\ndes Unternehmens gelten darf: Bei Mammut werden nicht nur Jacken, Seile oder<br \/>\nKarabiner verkauft, sondern Tr\u00e4ume.  <\/p>","protected":false},"excerpt":{"rendered":"<p>Offizielles Jubil\u00e4umsbuch zu 150 Jahre Mammut Wenn das kein Grund zum Feiern ist: Aus dem 1862 urspr\u00fcnglich als Seilerei gegr\u00fcndeten Handwerksbetrieb von Kaspar Tanner in Dintikon ist im Verlauf von 150 Jahren ein internationales Unternehmen mit innovativen Produkten f\u00fcr Outdoor- und Alpinsport-Begeisterte geworden, die auch hinsichtlich Sicherheit im Berg- und Klettersport neue Massst\u00e4be setzen. Erfolg [&#8230;]\n","protected":false},"featured_media":36448,"template":"","meta":[],"product_brand":[],"product_cat":[21542],"product_tag":[],"class_list":{"0":"post-147559","1":"product","2":"type-product","3":"status-publish","4":"has-post-thumbnail","6":"product_cat-sachbuecher-dokumentationen","7":"pa_autor-steinbach","8":"pa_erscheinungsjahr-21610","9":"pa_region-schweiz","10":"pa_sprache-de","12":"first","13":"instock","14":"taxable","15":"shipping-taxable","16":"purchasable","17":"product-type-simple"},"_links":{"self":[{"href":"https:\/\/pizbube.ch\/en\/wp-json\/wp\/v2\/product\/147559","targetHints":{"allow":["GET"]}}],"collection":[{"href":"https:\/\/pizbube.ch\/en\/wp-json\/wp\/v2\/product"}],"about":[{"href":"https:\/\/pizbube.ch\/en\/wp-json\/wp\/v2\/types\/product"}],"wp:featuredmedia":[{"embeddable":true,"href":"https:\/\/pizbube.ch\/en\/wp-json\/wp\/v2\/media\/36448"}],"wp:attachment":[{"href":"https:\/\/pizbube.ch\/en\/wp-json\/wp\/v2\/media?parent=147559"}],"wp:term":[{"taxonomy":"product_brand","embeddable":true,"href":"https:\/\/pizbube.ch\/en\/wp-json\/wp\/v2\/product_brand?post=147559"},{"taxonomy":"product_cat","embeddable":true,"href":"https:\/\/pizbube.ch\/en\/wp-json\/wp\/v2\/product_cat?post=147559"},{"taxonomy":"product_tag","embeddable":true,"href":"https:\/\/pizbube.ch\/en\/wp-json\/wp\/v2\/product_tag?post=147559"}],"curies":[{"name":"wp","href":"https:\/\/api.w.org\/{rel}","templated":true}]}}