{"id":147561,"date":"2021-01-15T10:55:32","date_gmt":"2021-01-15T10:55:32","guid":{"rendered":"https:\/\/codengine3.ch\/?product=import-placeholder-for-205605"},"modified":"2021-01-15T14:42:31","modified_gmt":"2021-01-15T14:42:31","slug":"lightning-strike-dvd","status":"publish","type":"product","link":"https:\/\/pizbube.ch\/en\/shop\/lightning-strike-dvd\/","title":{"rendered":"Lightning Strike DVD"},"content":{"rendered":"<p>Ein Berg &#8211; Zwei Routen &#8211; Ein Erfolg &#8211; Zwei Teams!<br \/>\nDie faszinierende Dokumentation der erfolgreichen Erstbesteigung der Arwa<br \/>\nTower Nordwand im indischen Himalaja.  <\/p>\n<p>Stefan Siegrist, Thomas Senf und Denis Burdet k\u00e4mpfen sich \u00fcber 1000 m<br \/>\nanspruchsvollstes Mixedgel\u00e4nde durch die Nordwand auf den 6352 m hohen Arwa<br \/>\nTower.<br \/>\n4 Sprachen (Deutsch, Englisch, Franz\u00f6sich, Italienisch)  <\/p>\n<p>THE FILM FOLLOWS SWITZERLANDS MOST HIGHLY ACCLAIMED VERTICAL PRO STEPHAN<br \/>\nSIEGRIST AND HIS TEAM &#8211; AS THEY SET OUT TO TACKLE THE NORTH FACE OF HIMALAYAS<br \/>\nGIANT ARWA TOWER&#8230;.! WHEN &#8218;LIGHTNING STRIKES&#8217;&#8230;.<br \/>\nStephan Siegrist, Thomas Senf and Denis Burdet carried out first ascent of<br \/>\nLightning Strike (VI M5 5.9 A3 1000m) up the NE Face of Arwa Tower (6352m),<br \/>\nGarhwal Himalaya, India.  <\/p>","protected":false},"excerpt":{"rendered":"<p>Ein Berg &#8211; Zwei Routen &#8211; Ein Erfolg &#8211; Zwei Teams! Die faszinierende Dokumentation der erfolgreichen Erstbesteigung der Arwa Tower Nordwand im indischen Himalaja. Stefan Siegrist, Thomas Senf und Denis Burdet k\u00e4mpfen sich \u00fcber 1000 m anspruchsvollstes Mixedgel\u00e4nde durch die Nordwand auf den 6352 m hohen Arwa Tower. 4 Sprachen (Deutsch, Englisch, Franz\u00f6sich, Italienisch) THE [&#8230;]\n","protected":false},"featured_media":34379,"template":"","meta":[],"product_brand":[],"product_cat":[21628],"product_tag":[],"class_list":{"0":"post-147561","1":"product","2":"type-product","3":"status-publish","4":"has-post-thumbnail","6":"product_cat-video-dvd-multimedia","7":"pa_autor-siegrist-kopp-frutiger","8":"pa_erscheinungsjahr-21591","9":"pa_region-asien","10":"pa_sprache-d","11":"pa_sprache-e","12":"pa_sprache-f","13":"pa_sprache-i","15":"first","16":"instock","17":"taxable","18":"shipping-taxable","19":"purchasable","20":"product-type-simple"},"_links":{"self":[{"href":"https:\/\/pizbube.ch\/en\/wp-json\/wp\/v2\/product\/147561","targetHints":{"allow":["GET"]}}],"collection":[{"href":"https:\/\/pizbube.ch\/en\/wp-json\/wp\/v2\/product"}],"about":[{"href":"https:\/\/pizbube.ch\/en\/wp-json\/wp\/v2\/types\/product"}],"wp:featuredmedia":[{"embeddable":true,"href":"https:\/\/pizbube.ch\/en\/wp-json\/wp\/v2\/media\/34379"}],"wp:attachment":[{"href":"https:\/\/pizbube.ch\/en\/wp-json\/wp\/v2\/media?parent=147561"}],"wp:term":[{"taxonomy":"product_brand","embeddable":true,"href":"https:\/\/pizbube.ch\/en\/wp-json\/wp\/v2\/product_brand?post=147561"},{"taxonomy":"product_cat","embeddable":true,"href":"https:\/\/pizbube.ch\/en\/wp-json\/wp\/v2\/product_cat?post=147561"},{"taxonomy":"product_tag","embeddable":true,"href":"https:\/\/pizbube.ch\/en\/wp-json\/wp\/v2\/product_tag?post=147561"}],"curies":[{"name":"wp","href":"https:\/\/api.w.org\/{rel}","templated":true}]}}