{"id":147562,"date":"2021-01-15T10:55:32","date_gmt":"2021-01-15T10:55:32","guid":{"rendered":"https:\/\/codengine3.ch\/?product=import-placeholder-for-204397"},"modified":"2021-07-17T09:38:32","modified_gmt":"2021-07-17T07:38:32","slug":"harvest-moon-thalay-sagar-dvd","status":"publish","type":"product","link":"https:\/\/pizbube.ch\/en\/shop\/harvest-moon-thalay-sagar-dvd\/","title":{"rendered":"Harvest Moon Thalay Sagar DVD"},"content":{"rendered":"<p>Dokumentation \u00fcber eine Erstbesteigung am Thalay Sagar (6904m.) in Indien. Dem<br \/>\nProjekt, den unbestiegenen Nordwestgrat zu besteigen, wurden infolge der<br \/>\nbisher fast unm\u00f6glichen Kletterbedingungen in grosser H\u00f6he ab 5900 m\u00fcM. im<br \/>\nallgemeinen nicht sehr grosse Erfolgschancen zugeschrieben&#8230; D. Burdet, Th.<br \/>\nSenf, R. Weber, S. Siegrist und R. Frost stellten sich der grossen Himalaya<br \/>\nherausforderung!<\/p>\n<p>Documentary of a new route on Thalay sagar in India.<br \/>\nDVD, ca. 43 min.<\/p>","protected":false},"excerpt":{"rendered":"<p>Dokumentation \u00fcber eine Erstbesteigung am Thalay Sagar (6904m.) in Indien. Dem Projekt, den unbestiegenen Nordwestgrat zu besteigen, wurden infolge der bisher fast unm\u00f6glichen Kletterbedingungen in grosser H\u00f6he ab 5900 m\u00fcM. im allgemeinen nicht sehr grosse Erfolgschancen zugeschrieben&#8230; D. Burdet, Th. Senf, R. Weber, S. Siegrist und R. Frost stellten sich der grossen Himalaya herausforderung! Documentary [&#8230;]\n","protected":false},"featured_media":32259,"template":"","meta":[],"product_brand":[],"product_cat":[21628],"product_tag":[],"class_list":{"0":"post-147562","1":"product","2":"type-product","3":"status-publish","4":"has-post-thumbnail","6":"product_cat-video-dvd-multimedia","7":"pa_autor-frost-siegrist","8":"pa_erscheinungsjahr-21763","9":"pa_region-asien","10":"pa_sprache-d","11":"pa_sprache-e","12":"pa_sprache-f","13":"pa_sprache-i","15":"first","16":"outofstock","17":"taxable","18":"shipping-taxable","19":"purchasable","20":"product-type-simple"},"_links":{"self":[{"href":"https:\/\/pizbube.ch\/en\/wp-json\/wp\/v2\/product\/147562","targetHints":{"allow":["GET"]}}],"collection":[{"href":"https:\/\/pizbube.ch\/en\/wp-json\/wp\/v2\/product"}],"about":[{"href":"https:\/\/pizbube.ch\/en\/wp-json\/wp\/v2\/types\/product"}],"wp:featuredmedia":[{"embeddable":true,"href":"https:\/\/pizbube.ch\/en\/wp-json\/wp\/v2\/media\/32259"}],"wp:attachment":[{"href":"https:\/\/pizbube.ch\/en\/wp-json\/wp\/v2\/media?parent=147562"}],"wp:term":[{"taxonomy":"product_brand","embeddable":true,"href":"https:\/\/pizbube.ch\/en\/wp-json\/wp\/v2\/product_brand?post=147562"},{"taxonomy":"product_cat","embeddable":true,"href":"https:\/\/pizbube.ch\/en\/wp-json\/wp\/v2\/product_cat?post=147562"},{"taxonomy":"product_tag","embeddable":true,"href":"https:\/\/pizbube.ch\/en\/wp-json\/wp\/v2\/product_tag?post=147562"}],"curies":[{"name":"wp","href":"https:\/\/api.w.org\/{rel}","templated":true}]}}