{"id":147563,"date":"2021-01-15T10:55:32","date_gmt":"2021-01-15T10:55:32","guid":{"rendered":"https:\/\/codengine3.ch\/?product=import-placeholder-for-205238"},"modified":"2022-11-25T09:09:48","modified_gmt":"2022-11-25T08:09:48","slug":"extrem-am-berg","status":"publish","type":"product","link":"https:\/\/pizbube.ch\/en\/shop\/extrem-am-berg\/","title":{"rendered":"Extrem am Berg"},"content":{"rendered":"<p>Mit 20 Alpin-Stars im Gespr\u00e4ch<\/p>\n<p>Warum will Gerlinde Kaltenbrunner alle vierzehn 8000er besteigen? In welchen<br \/>\nMomenten f\u00fchlt sich Stefan Glowacz klein und dem\u00fctig? Wie sieht Reinhold<br \/>\nMessner seine Karriere &#8211; warum wurde er oft als &#8218;Kameradenschwein&#8216; beschimpft?<br \/>\nWas f\u00fchlt Ueli Steck, wenn er solo die schwierigsten W\u00e4nde durchsteigt? 20<br \/>\nExtrem-Alpinisten und -Kletterer aus drei Kontinenten traf Autor und Fotograf<br \/>\nDirk von Nayhau\u00df. Er sprach mit den aktuellen Stars wie Stephan Siegrist, den<br \/>\nHuberbuam, Hans Kammerlander, Yuji Hirayama, Steve House, Dean Potter und<br \/>\nDavid Lama, aber auch mit Bergsteiger-Legenden wie Kurt Diemberger und Chris<br \/>\nBonington.<\/p>\n<p>F\u00fcr ihr extremes Leben werden diese &#8218;Helden am Berg&#8216; bewundert, mit gewagten<br \/>\nAktionen verdienen sie ihr Geld. Aber wie sieht so ein Leben aus zwischen<br \/>\nFamilie und Abenteuer? &#8218;Beim Abschied tut mir mein Herz manchmal total weh,<br \/>\nmanchmal kommen mir die Tr\u00e4nen&#8216;, erz\u00e4hlt Thomas Huber. In sehr pers\u00f6nlichen<br \/>\nGespr\u00e4chen sp\u00fcrt Nayhau\u00df der Frage nach, warum seine sehr menschlichen Helden<br \/>\ndennoch ihr Heil in der Vertikalen suchen.<\/p>\n<p>Auch mit der Kamera hat sich Nayhau\u00df seinen &#8218;Helden am Berg&#8216; aus verschiedenen<br \/>\nPerspektiven gen\u00e4hert: Er machte Nahaufnahmen der H\u00e4nde, Kletterstars wie<br \/>\nHuber, Lama und Glowacz zeigen ihre durchtrainierten Muskeln, und von allen<br \/>\nhat er formatf\u00fcllendePortr\u00e4ts aufgenommen. &#8218;Ich bin ganz dicht herangegangen&#8216;,<br \/>\nsagt Nayhau\u00df. &#8218;Das sind ja alles ungew\u00f6hnliche Charakterk\u00f6pfe. Ich will, dass<br \/>\nder Betrachter ihnen direkt in die Augen blicken kann.&#8216;<\/p>","protected":false},"excerpt":{"rendered":"<p>Mit 20 Alpin-Stars im Gespr\u00e4ch Warum will Gerlinde Kaltenbrunner alle vierzehn 8000er besteigen? In welchen Momenten f\u00fchlt sich Stefan Glowacz klein und dem\u00fctig? Wie sieht Reinhold Messner seine Karriere &#8211; warum wurde er oft als &#8218;Kameradenschwein&#8216; beschimpft? Was f\u00fchlt Ueli Steck, wenn er solo die schwierigsten W\u00e4nde durchsteigt? 20 Extrem-Alpinisten und -Kletterer aus drei Kontinenten [&#8230;]\n","protected":false},"featured_media":164665,"template":"","meta":[],"product_brand":[],"product_cat":[21542],"product_tag":[],"class_list":{"0":"post-147563","1":"product","2":"type-product","3":"status-publish","4":"has-post-thumbnail","6":"product_cat-sachbuecher-dokumentationen","7":"pa_autor-von-nayhauss","8":"pa_erscheinungsjahr-21568","9":"pa_region-schweiz","10":"pa_sprache-de","12":"first","13":"instock","14":"taxable","15":"shipping-taxable","16":"purchasable","17":"product-type-simple"},"_links":{"self":[{"href":"https:\/\/pizbube.ch\/en\/wp-json\/wp\/v2\/product\/147563","targetHints":{"allow":["GET"]}}],"collection":[{"href":"https:\/\/pizbube.ch\/en\/wp-json\/wp\/v2\/product"}],"about":[{"href":"https:\/\/pizbube.ch\/en\/wp-json\/wp\/v2\/types\/product"}],"wp:featuredmedia":[{"embeddable":true,"href":"https:\/\/pizbube.ch\/en\/wp-json\/wp\/v2\/media\/164665"}],"wp:attachment":[{"href":"https:\/\/pizbube.ch\/en\/wp-json\/wp\/v2\/media?parent=147563"}],"wp:term":[{"taxonomy":"product_brand","embeddable":true,"href":"https:\/\/pizbube.ch\/en\/wp-json\/wp\/v2\/product_brand?post=147563"},{"taxonomy":"product_cat","embeddable":true,"href":"https:\/\/pizbube.ch\/en\/wp-json\/wp\/v2\/product_cat?post=147563"},{"taxonomy":"product_tag","embeddable":true,"href":"https:\/\/pizbube.ch\/en\/wp-json\/wp\/v2\/product_tag?post=147563"}],"curies":[{"name":"wp","href":"https:\/\/api.w.org\/{rel}","templated":true}]}}