{"id":147566,"date":"2021-01-15T10:55:32","date_gmt":"2021-01-15T10:55:32","guid":{"rendered":"https:\/\/codengine3.ch\/?product=import-placeholder-for-206777"},"modified":"2024-12-24T14:56:38","modified_gmt":"2024-12-24T13:56:38","slug":"warum-das-alles-rekorde-reflexionen-von-extremalpinist-dani-arnold","status":"publish","type":"product","link":"https:\/\/pizbube.ch\/en\/shop\/warum-das-alles-rekorde-reflexionen-von-extremalpinist-dani-arnold\/","title":{"rendered":"Warum das alles? &#8211; Rekorde &amp; Reflexionen von Extremalpinist Dani Arnold"},"content":{"rendered":"<p>H\u00f6her, schneller, riskanter \u2013 Dani Arnold sucht extreme Herausforderungen,<br \/>\nfindet und meistert sie. Es scheint, als w\u00fcrde der Urner Spitzenkletterer<br \/>\nkeine Gelegenheit auslassen, an den Felsw\u00e4nden die Grenzen des M\u00f6glichen<br \/>\nauszuloten. So knackte der 34-j\u00e4hrige B\u00fcrgler den Geschwindigkeitsrekord an<br \/>\nden drei ber\u00fchmt-ber\u00fcchtigten Nordw\u00e4nden der Alpen.<\/p>\n<p>\u00abWarum das alles?\u00bb \u2013 Dieser Frage widmet sich der Spitzenbergsteiger Arnold in<br \/>\nseinem gleichnamigen Buch. Der Urner Rekordkletterer erz\u00e4hlt, was ihn<br \/>\nantreibt, manchmal zur\u00fcckh\u00e4lt und wie er damit umgeht, wenn er auf Ueli Steck<br \/>\nangesprochen wird.<\/p>\n<p>Er findet steile Fels- und Eislinien, an denen sich noch nie ein Mensch<br \/>\nversucht hat, klettert die schwierigsten Berge der Welt hinauf, stellt<br \/>\nverr\u00fcckte Speed-Rekorde auf und ist dennoch am Boden geblieben. In seinem<br \/>\nersten Buch l\u00e4sst Extrembergsteiger Dani Arnold seine Leserinnen und Leser mit<br \/>\nFotos und einpr\u00e4gsamen Texten an besonderen Momenten in den Bergen teilhaben<br \/>\nund reflektiert Erfolg und Misserfolg eines Extremalpinisten.<\/p>","protected":false},"excerpt":{"rendered":"<ul>\n<li><strong><a href=\"https:\/\/pizbube.ch\/wp-content\/uploads\/attachments\/a_021\/6FE22DEDD65C89A5D9914C25069D8E6E.pdf\" target=\"_blank\" rel=\"noopener\">PDF: Leseprobe-Warum_das_alles.pdf<\/a><\/strong><\/li>\n<\/ul>","protected":false},"featured_media":169771,"template":"","meta":[],"product_brand":[],"product_cat":[21542],"product_tag":[],"class_list":{"0":"post-147566","1":"product","2":"type-product","3":"status-publish","4":"has-post-thumbnail","6":"product_cat-sachbuecher-dokumentationen","7":"pa_autor-arnold","8":"pa_erscheinungsjahr-21546","9":"pa_region-schweiz","10":"pa_sprache-de","12":"first","13":"outofstock","14":"taxable","15":"shipping-taxable","16":"purchasable","17":"product-type-simple"},"_links":{"self":[{"href":"https:\/\/pizbube.ch\/en\/wp-json\/wp\/v2\/product\/147566","targetHints":{"allow":["GET"]}}],"collection":[{"href":"https:\/\/pizbube.ch\/en\/wp-json\/wp\/v2\/product"}],"about":[{"href":"https:\/\/pizbube.ch\/en\/wp-json\/wp\/v2\/types\/product"}],"wp:featuredmedia":[{"embeddable":true,"href":"https:\/\/pizbube.ch\/en\/wp-json\/wp\/v2\/media\/169771"}],"wp:attachment":[{"href":"https:\/\/pizbube.ch\/en\/wp-json\/wp\/v2\/media?parent=147566"}],"wp:term":[{"taxonomy":"product_brand","embeddable":true,"href":"https:\/\/pizbube.ch\/en\/wp-json\/wp\/v2\/product_brand?post=147566"},{"taxonomy":"product_cat","embeddable":true,"href":"https:\/\/pizbube.ch\/en\/wp-json\/wp\/v2\/product_cat?post=147566"},{"taxonomy":"product_tag","embeddable":true,"href":"https:\/\/pizbube.ch\/en\/wp-json\/wp\/v2\/product_tag?post=147566"}],"curies":[{"name":"wp","href":"https:\/\/api.w.org\/{rel}","templated":true}]}}