{"id":147569,"date":"2021-01-15T10:55:32","date_gmt":"2021-01-15T10:55:32","guid":{"rendered":"https:\/\/codengine3.ch\/?product=import-placeholder-for-200232"},"modified":"2021-01-15T10:55:36","modified_gmt":"2021-01-15T10:55:36","slug":"livigno-die-schoensten-wanderungen-le-piu-belle-escursioni","status":"publish","type":"product","link":"https:\/\/pizbube.ch\/en\/shop\/livigno-die-schoensten-wanderungen-le-piu-belle-escursioni\/","title":{"rendered":"Livigno &#8211; Die sch\u00f6nsten Wanderungen \/ Le pi\u00f9 belle escursioni"},"content":{"rendered":"<p>Livigno, zwischen dem Engadin und dem oberen Veltlin gelegen, ist ein<br \/>\nzauberhaftes Tal, das sich \u00fcber 12 km erstreckt. Es liegt in einem Tal<br \/>\nzwischen zwei Bergketten, welches von 3000 auf 1800 Meter weich abf\u00e4llt.  <\/p>\n<p>Beschrieben werden:<br \/>\n&#8211; 11 Familienwanderungen<br \/>\n&#8211; 11 Spazierg\u00e4nge<br \/>\n&#8211; 11 Wanderungen<br \/>\n&#8211; 5 mehrt\u00e4gige Trekkingtouren<br \/>\n&#8211; 3 Bergtouren<br \/>\n&#8211; 8 MTB &#8211; Touren  <\/p>\n<p>La guida raccoglie i percorsi pi\u00f9 belli e affascinanti di questa incantevole<br \/>\nregione alpina, sempre pi\u00f9 capitale dell\u2019outdoor.<br \/>\nI testi (in italiano e tedesco) e le fotografie sono a cura di Matteo Galli,<br \/>\nconosciutissima guida alpina di Livigno e non mancano box con approfondimenti<br \/>\nculturali e storici.<\/p>\n<p>La guida \u00e8 strutturata in questo modo:<br \/>\n11 percorsi per famiglie<br \/>\n11 passeggiate<br \/>\n11 escursioni<br \/>\n5 trekking<br \/>\n3 ascensioni facili<br \/>\n8 percorsi Mountain Bike<\/p>","protected":false},"excerpt":{"rendered":"<p>Livigno, zwischen dem Engadin und dem oberen Veltlin gelegen, ist ein zauberhaftes Tal, das sich \u00fcber 12 km erstreckt. Es liegt in einem Tal zwischen zwei Bergketten, welches von 3000 auf 1800 Meter weich abf\u00e4llt. Beschrieben werden: &#8211; 11 Familienwanderungen &#8211; 11 Spazierg\u00e4nge &#8211; 11 Wanderungen &#8211; 5 mehrt\u00e4gige Trekkingtouren &#8211; 3 Bergtouren &#8211; 8 [&#8230;]\n","protected":false},"featured_media":26294,"template":"","meta":[],"product_brand":[],"product_cat":[21605],"product_tag":[],"class_list":{"0":"post-147569","1":"product","2":"type-product","3":"status-publish","4":"has-post-thumbnail","6":"product_cat-wanderfuehrer-trekking","7":"pa_autor-galli","8":"pa_erscheinungsjahr-21574","9":"pa_region-italien","10":"pa_sprache-de","12":"first","13":"instock","14":"taxable","15":"shipping-taxable","16":"purchasable","17":"product-type-simple"},"_links":{"self":[{"href":"https:\/\/pizbube.ch\/en\/wp-json\/wp\/v2\/product\/147569","targetHints":{"allow":["GET"]}}],"collection":[{"href":"https:\/\/pizbube.ch\/en\/wp-json\/wp\/v2\/product"}],"about":[{"href":"https:\/\/pizbube.ch\/en\/wp-json\/wp\/v2\/types\/product"}],"wp:featuredmedia":[{"embeddable":true,"href":"https:\/\/pizbube.ch\/en\/wp-json\/wp\/v2\/media\/26294"}],"wp:attachment":[{"href":"https:\/\/pizbube.ch\/en\/wp-json\/wp\/v2\/media?parent=147569"}],"wp:term":[{"taxonomy":"product_brand","embeddable":true,"href":"https:\/\/pizbube.ch\/en\/wp-json\/wp\/v2\/product_brand?post=147569"},{"taxonomy":"product_cat","embeddable":true,"href":"https:\/\/pizbube.ch\/en\/wp-json\/wp\/v2\/product_cat?post=147569"},{"taxonomy":"product_tag","embeddable":true,"href":"https:\/\/pizbube.ch\/en\/wp-json\/wp\/v2\/product_tag?post=147569"}],"curies":[{"name":"wp","href":"https:\/\/api.w.org\/{rel}","templated":true}]}}