{"id":147571,"date":"2021-01-15T10:55:32","date_gmt":"2021-01-15T10:55:32","guid":{"rendered":"https:\/\/codengine3.ch\/?product=import-placeholder-for-204973"},"modified":"2023-07-11T09:33:32","modified_gmt":"2023-07-11T07:33:32","slug":"bormio-livigno-valtellina-150000","status":"publish","type":"product","link":"https:\/\/pizbube.ch\/en\/shop\/bormio-livigno-valtellina-150000\/","title":{"rendered":"Bormio &#8211; Livigno &#8211; Valtellina 1:50`000"},"content":{"rendered":"<p>WK 96; Wander-, Bike- und Skitourenkarte.<\/p>\n<p>Die KOMPASS Wanderkarten \u00fcberzeugen durch<br \/>\n&#8211; eine GPS-genaue und aktuelle Karte zur einfachen Orientierung<br \/>\n&#8211; den beigelegten Kurzf\u00fchrer zu Wissenswerten in der Region<br \/>\n&#8211; Herstellung auf robustem rei\u00df- und wetterfesten Papier<\/p>\n<p>4in1 Wanderkarte 1:50000 mit Aktiv Guide und Detailkarten inklusive Karte zur<br \/>\noffline Verwendung in der KOMPASS-App. Fahrradfahren. Skitouren.<\/p>\n<p>In: Deutsch \/ Italienisch. In Plastikh\u00fclle. Mit Kurzf\u00fchrer.<\/p>","protected":false},"excerpt":{"rendered":"<p>WK 96; Wander-, Bike- und Skitourenkarte. Die KOMPASS Wanderkarten \u00fcberzeugen durch &#8211; eine GPS-genaue und aktuelle Karte zur einfachen Orientierung &#8211; den beigelegten Kurzf\u00fchrer zu Wissenswerten in der Region &#8211; Herstellung auf robustem rei\u00df- und wetterfesten Papier 4in1 Wanderkarte 1:50000 mit Aktiv Guide und Detailkarten inklusive Karte zur offline Verwendung in der KOMPASS-App. Fahrradfahren. Skitouren. [&#8230;]\n","protected":false},"featured_media":166021,"template":"","meta":[],"product_brand":[],"product_cat":[21543],"product_tag":[],"class_list":{"0":"post-147571","1":"product","2":"type-product","3":"status-publish","4":"has-post-thumbnail","6":"product_cat-landkarten","7":"pa_autor-kompass","8":"pa_erscheinungsjahr-27013","9":"pa_region-italien","10":"pa_sprache-de-it","12":"first","13":"instock","14":"taxable","15":"shipping-taxable","16":"purchasable","17":"product-type-simple"},"_links":{"self":[{"href":"https:\/\/pizbube.ch\/en\/wp-json\/wp\/v2\/product\/147571","targetHints":{"allow":["GET"]}}],"collection":[{"href":"https:\/\/pizbube.ch\/en\/wp-json\/wp\/v2\/product"}],"about":[{"href":"https:\/\/pizbube.ch\/en\/wp-json\/wp\/v2\/types\/product"}],"wp:featuredmedia":[{"embeddable":true,"href":"https:\/\/pizbube.ch\/en\/wp-json\/wp\/v2\/media\/166021"}],"wp:attachment":[{"href":"https:\/\/pizbube.ch\/en\/wp-json\/wp\/v2\/media?parent=147571"}],"wp:term":[{"taxonomy":"product_brand","embeddable":true,"href":"https:\/\/pizbube.ch\/en\/wp-json\/wp\/v2\/product_brand?post=147571"},{"taxonomy":"product_cat","embeddable":true,"href":"https:\/\/pizbube.ch\/en\/wp-json\/wp\/v2\/product_cat?post=147571"},{"taxonomy":"product_tag","embeddable":true,"href":"https:\/\/pizbube.ch\/en\/wp-json\/wp\/v2\/product_tag?post=147571"}],"curies":[{"name":"wp","href":"https:\/\/api.w.org\/{rel}","templated":true}]}}