{"id":147572,"date":"2021-01-15T10:55:32","date_gmt":"2021-01-15T10:55:32","guid":{"rendered":"https:\/\/codengine3.ch\/?product=import-placeholder-for-203142"},"modified":"2021-01-15T12:54:30","modified_gmt":"2021-01-15T12:54:30","slug":"mountain-bike-itinerari-in-valtellina-e-valchiavenna","status":"publish","type":"product","link":"https:\/\/pizbube.ch\/en\/shop\/mountain-bike-itinerari-in-valtellina-e-valchiavenna\/","title":{"rendered":"Mountain bike itinerari in Valtellina e Valchiavenna"},"content":{"rendered":"<p>47 itinerari per pedalare su strade sterrate, mulattiere e sentieri di<br \/>\nValtellina e Valchiavenna sono descritti e illustrati da cartine indicative<br \/>\ndel percorso e dell&#8217;altimetria. Ce ne sono di varia difficolt\u00e0, da quelli per<br \/>\nfamiglie a quelli per gli sportivi pi\u00f9 accaniti, da Madesimo a Livigno,<br \/>\npassando per la Valmalenco, l&#8217;Aprica, Bormio e Valfurva, localit\u00e0 tra le pi\u00f9<br \/>\nnote delle Alpi. Ma sono descritti anche itinerari pi\u00f9 da scoprire, come<br \/>\nquelli sulle Orobie valtellinesi e sul soleggiato versante retico della<br \/>\nValtellina, a partire dal fondovalle, attraversando i celebri vigneti e<br \/>\npercorrendo gli antichi risc (acciottolati) che in passato univano i borghi<br \/>\nvaltellinesi.<\/p>","protected":false},"excerpt":{"rendered":"<p>47 itinerari per pedalare su strade sterrate, mulattiere e sentieri di Valtellina e Valchiavenna sono descritti e illustrati da cartine indicative del percorso e dell&#8217;altimetria. Ce ne sono di varia difficolt\u00e0, da quelli per famiglie a quelli per gli sportivi pi\u00f9 accaniti, da Madesimo a Livigno, passando per la Valmalenco, l&#8217;Aprica, Bormio e Valfurva, localit\u00e0 [&#8230;]\n","protected":false},"featured_media":30678,"template":"","meta":[],"product_brand":[],"product_cat":[21606],"product_tag":[],"class_list":{"0":"post-147572","1":"product","2":"type-product","3":"status-publish","4":"has-post-thumbnail","6":"product_cat-mountainbikefuehrer","7":"pa_autor-zaroli","8":"pa_erscheinungsjahr-22151","9":"pa_region-italien","10":"pa_sprache-it","12":"first","13":"outofstock","14":"taxable","15":"shipping-taxable","16":"purchasable","17":"product-type-simple"},"_links":{"self":[{"href":"https:\/\/pizbube.ch\/en\/wp-json\/wp\/v2\/product\/147572","targetHints":{"allow":["GET"]}}],"collection":[{"href":"https:\/\/pizbube.ch\/en\/wp-json\/wp\/v2\/product"}],"about":[{"href":"https:\/\/pizbube.ch\/en\/wp-json\/wp\/v2\/types\/product"}],"wp:featuredmedia":[{"embeddable":true,"href":"https:\/\/pizbube.ch\/en\/wp-json\/wp\/v2\/media\/30678"}],"wp:attachment":[{"href":"https:\/\/pizbube.ch\/en\/wp-json\/wp\/v2\/media?parent=147572"}],"wp:term":[{"taxonomy":"product_brand","embeddable":true,"href":"https:\/\/pizbube.ch\/en\/wp-json\/wp\/v2\/product_brand?post=147572"},{"taxonomy":"product_cat","embeddable":true,"href":"https:\/\/pizbube.ch\/en\/wp-json\/wp\/v2\/product_cat?post=147572"},{"taxonomy":"product_tag","embeddable":true,"href":"https:\/\/pizbube.ch\/en\/wp-json\/wp\/v2\/product_tag?post=147572"}],"curies":[{"name":"wp","href":"https:\/\/api.w.org\/{rel}","templated":true}]}}