{"id":147573,"date":"2021-01-15T10:55:32","date_gmt":"2021-01-15T10:55:32","guid":{"rendered":"https:\/\/codengine3.ch\/?product=import-placeholder-for-205261"},"modified":"2024-03-26T12:22:21","modified_gmt":"2024-03-26T11:22:21","slug":"das-puschlav","status":"publish","type":"product","link":"https:\/\/pizbube.ch\/en\/shop\/das-puschlav\/","title":{"rendered":"Das Puschlav"},"content":{"rendered":"<p>Wanderungen zwischen Gletscherseen und Kastanienw\u00e4ldern<\/p>\n<p>Ferien im S\u00fcdb\u00fcndner Bergtal Puschlav: zwischen dem Berninapass und der<br \/>\nitalienischen Grenze verbirgt sich ein Wanderparadies.<\/p>\n<p>Tal der Gegens\u00e4tze<br \/>\nVon den eisgekr\u00f6nten Bergspitzen des Berninamassivs bis zu den ersten<br \/>\nRebh\u00e4ngen im Veltlin sind es 25 Kilometer. Dazwischen liegt das Val Poschiavo,<br \/>\ndas Puschlav. Das Tal, hinter dem Berninapass gelegen und an Italien<br \/>\nangrenzend, geh\u00f6rt zu den vier italienischsprachigen B\u00fcndner Bergt\u00e4lern &#8211; und<br \/>\ngenie\u00dft zu Recht den Ruf, ein Wanderparadies zu sein.<br \/>\n21 Wanderungen f\u00fchren rund ums Puschlav und \u00fcber seine Grenzen hinaus. Sie<br \/>\nzeigen das Tal in seiner landschaftlichen Vielfalt, die von glazialen<br \/>\nHochebenen im Norden \u00fcber verlorene Bergseen und dunkle W\u00e4lder bis hin zu den<br \/>\nKastanienw\u00e4ldern im S\u00fcden reicht. Neben der intakten Natur \u00fcberrascht das Tal<br \/>\naber auch mit dem s\u00fcdlich anmutenden Hauptort Poschiavo, in dessen Gassen und<br \/>\nH\u00e4usern sich Geschichten finden, die von der bewegten Vergangenheit des Val<br \/>\nPoschiavo erz\u00e4hlen.<br \/>\nSo bietet das Buch nicht nur attraktive Wandervorschl\u00e4ge, sondern l\u00e4dt auch zu<br \/>\nhistorischen Streifz\u00fcgen ein, welche einen Einblick in ein Tal erlauben, das<br \/>\nsich zwischen Abgeschiedenheit und Weltzugewandtheit immer schon seinen<br \/>\neigenen Weg suchte.<br \/>\n2. \u00fcberarbeit. Auflg. 2013<\/p>","protected":false},"excerpt":{"rendered":"<p>Wanderungen zwischen Gletscherseen und Kastanienw\u00e4ldern Ferien im S\u00fcdb\u00fcndner Bergtal Puschlav: zwischen dem Berninapass und der italienischen Grenze verbirgt sich ein Wanderparadies. Tal der Gegens\u00e4tze Von den eisgekr\u00f6nten Bergspitzen des Berninamassivs bis zu den ersten Rebh\u00e4ngen im Veltlin sind es 25 Kilometer. Dazwischen liegt das Val Poschiavo, das Puschlav. Das Tal, hinter dem Berninapass gelegen und [&#8230;]\n","protected":false},"featured_media":33917,"template":"","meta":[],"product_brand":[],"product_cat":[21605],"product_tag":[],"class_list":{"0":"post-147573","1":"product","2":"type-product","3":"status-publish","4":"has-post-thumbnail","6":"product_cat-wanderfuehrer-trekking","7":"pa_autor-lanfranchi","8":"pa_erscheinungsjahr-21568","9":"pa_region-schweiz","10":"pa_sprache-de","12":"first","13":"outofstock","14":"taxable","15":"shipping-taxable","16":"purchasable","17":"product-type-simple"},"_links":{"self":[{"href":"https:\/\/pizbube.ch\/en\/wp-json\/wp\/v2\/product\/147573","targetHints":{"allow":["GET"]}}],"collection":[{"href":"https:\/\/pizbube.ch\/en\/wp-json\/wp\/v2\/product"}],"about":[{"href":"https:\/\/pizbube.ch\/en\/wp-json\/wp\/v2\/types\/product"}],"wp:featuredmedia":[{"embeddable":true,"href":"https:\/\/pizbube.ch\/en\/wp-json\/wp\/v2\/media\/33917"}],"wp:attachment":[{"href":"https:\/\/pizbube.ch\/en\/wp-json\/wp\/v2\/media?parent=147573"}],"wp:term":[{"taxonomy":"product_brand","embeddable":true,"href":"https:\/\/pizbube.ch\/en\/wp-json\/wp\/v2\/product_brand?post=147573"},{"taxonomy":"product_cat","embeddable":true,"href":"https:\/\/pizbube.ch\/en\/wp-json\/wp\/v2\/product_cat?post=147573"},{"taxonomy":"product_tag","embeddable":true,"href":"https:\/\/pizbube.ch\/en\/wp-json\/wp\/v2\/product_tag?post=147573"}],"curies":[{"name":"wp","href":"https:\/\/api.w.org\/{rel}","templated":true}]}}