{"id":147574,"date":"2021-01-15T10:55:32","date_gmt":"2021-01-15T10:55:32","guid":{"rendered":"https:\/\/codengine3.ch\/?product=import-placeholder-for-205723"},"modified":"2025-06-24T09:30:00","modified_gmt":"2025-06-24T07:30:00","slug":"veltlin","status":"publish","type":"product","link":"https:\/\/pizbube.ch\/en\/shop\/veltlin\/","title":{"rendered":"Veltlin &#8211; Bergamasker Alpen"},"content":{"rendered":"<p>mit Bergamasker Alpen und Val Camonica.<\/p>\n<p>Wer alpines Italien abseits der bekannten Pfade entdecken will, wird in den<br \/>\nhier beschriebenen Regionen des Veltlins, der Bergamasker Alpen sowie des Val<br \/>\nCamonica unvergessliche Wanderferien verbringen. Dem entdeckungsfreudigen<br \/>\nWanderer wird eine Vielfalt geboten, die ihresgleichen sucht: National- und<br \/>\nNaturparks, Thermalb\u00e4der, Badeseen sowie wilde Gebirgsfl\u00fcsse &#8211; garniert mit<br \/>\nhistorischen Sehensw\u00fcrdigkeiten und einer Vielzahl lokaler kulinarischer<br \/>\nGen\u00fcsse. Neben abgelegenen Bergd\u00f6rfern in stillen Seitent\u00e4lern, in denen die<br \/>\nZeit stillzustehen scheint, laden auch touristisch gut erschlossene<br \/>\nWanderregionen ein, die Hoch- und Voralpen umfassend kennenzulernen.<\/p>\n<p>Bei den 54 beschriebenen Touren haben die beiden Schweizer Autoren<br \/>\nHerausforderungen f\u00fcr erfahrene Alpinwandernde ebenso einbezogen wie<br \/>\nkinderfreundliche, halbt\u00e4gige Wanderungen und geruhsame Bummel durch<br \/>\nsehenswerte St\u00e4dte. Der Serviceteil in der Einf\u00fchrung, Kartenausschnitte mit<br \/>\neingetragenen Routen, H\u00f6henprofile, klare Wegbeschreibungen f\u00fcr jede Wanderung<br \/>\nsowie die \u00dcbersichtskarte mit allen 54 Touren machen diesen F\u00fchrer zu einem<br \/>\nwertvollen Begleiter bei der Tourenplanung wie auch unterwegs<\/p>\n<p>54 Touren. In: Deutsch. Farb. Fotos, Karten. 175 S.<br \/>\n2., aktualisierte Auflage 2020<\/p>","protected":false},"excerpt":{"rendered":"<p>mit Bergamasker Alpen und Val Camonica. Wer alpines Italien abseits der bekannten Pfade entdecken will, wird in den hier beschriebenen Regionen des Veltlins, der Bergamasker Alpen sowie des Val Camonica unvergessliche Wanderferien verbringen. Dem entdeckungsfreudigen Wanderer wird eine Vielfalt geboten, die ihresgleichen sucht: National- und Naturparks, Thermalb\u00e4der, Badeseen sowie wilde Gebirgsfl\u00fcsse &#8211; garniert mit historischen [&#8230;]\n","protected":false},"featured_media":161607,"template":"","meta":[],"product_brand":[],"product_cat":[21605],"product_tag":[],"class_list":{"0":"post-147574","1":"product","2":"type-product","3":"status-publish","4":"has-post-thumbnail","6":"product_cat-wanderfuehrer-trekking","7":"pa_autor-soler-schabel","8":"pa_erscheinungsjahr-21558","9":"pa_region-italien","10":"pa_sprache-de","12":"first","13":"instock","14":"taxable","15":"shipping-taxable","16":"purchasable","17":"product-type-simple"},"_links":{"self":[{"href":"https:\/\/pizbube.ch\/en\/wp-json\/wp\/v2\/product\/147574","targetHints":{"allow":["GET"]}}],"collection":[{"href":"https:\/\/pizbube.ch\/en\/wp-json\/wp\/v2\/product"}],"about":[{"href":"https:\/\/pizbube.ch\/en\/wp-json\/wp\/v2\/types\/product"}],"wp:featuredmedia":[{"embeddable":true,"href":"https:\/\/pizbube.ch\/en\/wp-json\/wp\/v2\/media\/161607"}],"wp:attachment":[{"href":"https:\/\/pizbube.ch\/en\/wp-json\/wp\/v2\/media?parent=147574"}],"wp:term":[{"taxonomy":"product_brand","embeddable":true,"href":"https:\/\/pizbube.ch\/en\/wp-json\/wp\/v2\/product_brand?post=147574"},{"taxonomy":"product_cat","embeddable":true,"href":"https:\/\/pizbube.ch\/en\/wp-json\/wp\/v2\/product_cat?post=147574"},{"taxonomy":"product_tag","embeddable":true,"href":"https:\/\/pizbube.ch\/en\/wp-json\/wp\/v2\/product_tag?post=147574"}],"curies":[{"name":"wp","href":"https:\/\/api.w.org\/{rel}","templated":true}]}}