{"id":147579,"date":"2021-01-15T10:55:32","date_gmt":"2021-01-15T10:55:32","guid":{"rendered":"https:\/\/codengine3.ch\/?product=import-placeholder-for-203623"},"modified":"2021-07-27T08:52:03","modified_gmt":"2021-07-27T06:52:03","slug":"roccia-1-sportklettern-in-norditalien-west","status":"publish","type":"product","link":"https:\/\/pizbube.ch\/en\/shop\/roccia-1-sportklettern-in-norditalien-west\/","title":{"rendered":"Roccia 1 Sportklettern in Norditalien West"},"content":{"rendered":"<p>Oelze hat Roccia 1 \u00fcberarbeitet und um 15 Gebiete erg\u00e4nzt.<\/p>\n<p>Rausgefallen ist daf\u00fcr eine ausf\u00fchrliche Beschreibung von Finale.<br \/>\nAber auch andere Gebiete sind auf den neuesten Stand gebracht und um neue<br \/>\nRouten oder gar ganze Sektoren erg\u00e4nzt worden.<br \/>\nDie Gebiete werden mit\u00fcbersichtlichen Lageskizzen und Topos dargestellt, so<br \/>\ndass die Auswahl der n\u00e4chsten Reiseziele zum Kinderspiel wird. 314 Seiten.<\/p>\n<p>Folgende Gebiete werden beschrieben:<br \/>\nVal Grisenche ? Mon Ross ? Tetto di Sarre ? Donnas\/Bard\/Arnad ? Tavagnasco ?<br \/>\nTraversella ? Frachiamo ? Bosco Caprie ? Campanbiardo\/Rocca Bruna ? Foresto<br \/>\n(Gravere) ? Monte Bracco ? Andonno ? Vernante ? Loreto\/Triora\/Corte<br \/>\nCastelbianco\/Euskal\/Bausu ? Finale ? Falesia di Ara ? Ronchi ? Falesia Ronco ?<br \/>\nMontorfano ? Gravellona ? Il Nibbio ? Blocchi di Cuzzago ? Colloro ?<br \/>\nPiedimulera ?<\/p>\n<p>Villette ? Mezzegra ? Menaggio ? Sasso Pelo ? Falesia dell?occiolo ? Valbrona<br \/>\n? Scarenna ? Gajum ? Lago di Annone ? Lecco ? Cava di Nembro ? Valgua ?<br \/>\nCornalba ? Onore ? Valle dei Mulini ? Corna Rossa di Lantana ? Corna Rossa di<br \/>\nBratto ? Punto Arredo ? Madonna Della Rota ? Falesia di Predore<\/p>","protected":false},"excerpt":{"rendered":"<p>Oelze hat Roccia 1 \u00fcberarbeitet und um 15 Gebiete erg\u00e4nzt. Rausgefallen ist daf\u00fcr eine ausf\u00fchrliche Beschreibung von Finale. Aber auch andere Gebiete sind auf den neuesten Stand gebracht und um neue Routen oder gar ganze Sektoren erg\u00e4nzt worden. Die Gebiete werden mit\u00fcbersichtlichen Lageskizzen und Topos dargestellt, so dass die Auswahl der n\u00e4chsten Reiseziele zum Kinderspiel [&#8230;]\n","protected":false},"featured_media":31272,"template":"","meta":[],"product_brand":[],"product_cat":[21539],"product_tag":[],"class_list":{"0":"post-147579","1":"product","2":"type-product","3":"status-publish","4":"has-post-thumbnail","6":"product_cat-fuehrerliteratur-sportklettern-bouldern","7":"pa_autor-oelze","8":"pa_erscheinungsjahr-21776","9":"pa_region-italien","10":"pa_sprache-de","12":"first","13":"outofstock","14":"taxable","15":"shipping-taxable","16":"purchasable","17":"product-type-simple"},"_links":{"self":[{"href":"https:\/\/pizbube.ch\/en\/wp-json\/wp\/v2\/product\/147579","targetHints":{"allow":["GET"]}}],"collection":[{"href":"https:\/\/pizbube.ch\/en\/wp-json\/wp\/v2\/product"}],"about":[{"href":"https:\/\/pizbube.ch\/en\/wp-json\/wp\/v2\/types\/product"}],"wp:featuredmedia":[{"embeddable":true,"href":"https:\/\/pizbube.ch\/en\/wp-json\/wp\/v2\/media\/31272"}],"wp:attachment":[{"href":"https:\/\/pizbube.ch\/en\/wp-json\/wp\/v2\/media?parent=147579"}],"wp:term":[{"taxonomy":"product_brand","embeddable":true,"href":"https:\/\/pizbube.ch\/en\/wp-json\/wp\/v2\/product_brand?post=147579"},{"taxonomy":"product_cat","embeddable":true,"href":"https:\/\/pizbube.ch\/en\/wp-json\/wp\/v2\/product_cat?post=147579"},{"taxonomy":"product_tag","embeddable":true,"href":"https:\/\/pizbube.ch\/en\/wp-json\/wp\/v2\/product_tag?post=147579"}],"curies":[{"name":"wp","href":"https:\/\/api.w.org\/{rel}","templated":true}]}}