{"id":147580,"date":"2021-01-15T10:55:32","date_gmt":"2021-01-15T10:55:32","guid":{"rendered":"https:\/\/codengine3.ch\/?product=import-placeholder-for-208210"},"modified":"2021-08-27T17:42:14","modified_gmt":"2021-08-27T15:42:14","slug":"mountainbiken-vom-apennin-zum-meer","status":"publish","type":"product","link":"https:\/\/pizbube.ch\/en\/shop\/mountainbiken-vom-apennin-zum-meer\/","title":{"rendered":"MOUNTAINBIKEN VOM APENNIN ZUM MEER"},"content":{"rendered":"<p>36 Strecken und 2 gro\u00dfe Touren in den Bergen Liguriens, n\u00f6rdlich von Genua und<br \/>\nPortofino<\/p>\n<p>Dieses Buch entsteht nach einer pers\u00f6nlichen und professionellen Entwicklung<br \/>\nvon etwas mehr als zehn Jahren, in denen der Autor das Mountainbike und die<br \/>\nGegend in der er lebt, Vier Provinzen genannt, kennen- und lieben gelernt hat.<br \/>\n\u00dcber Jahrhunderte hinweg lagen die Vier Provinzen auf dem Weg von H\u00e4ndlern,<br \/>\nHeeren, Pilgern und Reisenden, ein Gebiet in dem sich die antike R\u00f6merstra\u00dfe<br \/>\nVia Postumia und die mittelalterlichen Stra\u00dfen Via Francigena und Via degli<br \/>\nAbati, sowie die etwas j\u00fcngere Via del Sale kreuzen.<br \/>\nDie Vier Provinzen \u2013 Alessandria, Pavia, Piacenza und Genua \u2013 erstrecken sich<br \/>\nvom Apennin bis hin zum Meer und weisen die Besonderheit kultureller<br \/>\nHomogenit\u00e4t auf.<\/p>\n<p>Der Autor hat eine Auswahl an Rundtouren zusammengestellt, die sich in L\u00e4nge,<br \/>\nsowie bei technischer und physischer Schwierigkeit unterscheiden und auch zwei<br \/>\nspektakul\u00e4re Apennin-\u00dcberquerungen beinhalten: Die Via del Sale, auf der das<br \/>\nSalz vom Ligurischen Meer in die Poebene gebracht wurde, und die Runde der<br \/>\nVier Provinzen, die uns zu der Geburtsst\u00e4tte des Ligurischen Apennin f\u00fchrt.<br \/>\nDieser F\u00fchrer hat alles, um ein st\u00e4ndiger Begleiter der Mountainbiker zu<br \/>\nwerden, die es lieben durch unber\u00fchrte Landschaften zu rollen und Geschichte,<br \/>\nKultur und, warum auch nicht, lokale Spezialit\u00e4ten der Vier Provinzen<br \/>\nkennenzulernen.<\/p>\n<p>F\u00fcr 15 der Touren gibt es Videos zu den spektakul\u00e4rsten Abschnitten, verlinkt<br \/>\nvia QR-Code und ganz einfach \u00fcber jedes Handy abzurufbar.<\/p>","protected":false},"excerpt":{"rendered":"<p>36 Strecken und 2 gro\u00dfe Touren in den Bergen Liguriens, n\u00f6rdlich von Genua und Portofino Dieses Buch entsteht nach einer pers\u00f6nlichen und professionellen Entwicklung von etwas mehr als zehn Jahren, in denen der Autor das Mountainbike und die Gegend in der er lebt, Vier Provinzen genannt, kennen- und lieben gelernt hat. \u00dcber Jahrhunderte hinweg lagen [&#8230;]\n","protected":false},"featured_media":158582,"template":"","meta":[],"product_brand":[],"product_cat":[21606],"product_tag":[],"class_list":{"0":"post-147580","1":"product","2":"type-product","3":"status-publish","4":"has-post-thumbnail","6":"product_cat-mountainbikefuehrer","7":"pa_autor-guarco","8":"pa_erscheinungsjahr-21550","9":"pa_region-italien","10":"pa_sprache-de","12":"first","13":"instock","14":"taxable","15":"shipping-taxable","16":"purchasable","17":"product-type-simple"},"_links":{"self":[{"href":"https:\/\/pizbube.ch\/en\/wp-json\/wp\/v2\/product\/147580","targetHints":{"allow":["GET"]}}],"collection":[{"href":"https:\/\/pizbube.ch\/en\/wp-json\/wp\/v2\/product"}],"about":[{"href":"https:\/\/pizbube.ch\/en\/wp-json\/wp\/v2\/types\/product"}],"wp:featuredmedia":[{"embeddable":true,"href":"https:\/\/pizbube.ch\/en\/wp-json\/wp\/v2\/media\/158582"}],"wp:attachment":[{"href":"https:\/\/pizbube.ch\/en\/wp-json\/wp\/v2\/media?parent=147580"}],"wp:term":[{"taxonomy":"product_brand","embeddable":true,"href":"https:\/\/pizbube.ch\/en\/wp-json\/wp\/v2\/product_brand?post=147580"},{"taxonomy":"product_cat","embeddable":true,"href":"https:\/\/pizbube.ch\/en\/wp-json\/wp\/v2\/product_cat?post=147580"},{"taxonomy":"product_tag","embeddable":true,"href":"https:\/\/pizbube.ch\/en\/wp-json\/wp\/v2\/product_tag?post=147580"}],"curies":[{"name":"wp","href":"https:\/\/api.w.org\/{rel}","templated":true}]}}