{"id":147581,"date":"2021-01-15T10:55:32","date_gmt":"2021-01-15T10:55:32","guid":{"rendered":"https:\/\/codengine3.ch\/?product=import-placeholder-for-204722"},"modified":"2021-01-15T14:35:44","modified_gmt":"2021-01-15T14:35:44","slug":"arrampica-parma","status":"publish","type":"product","link":"https:\/\/pizbube.ch\/en\/shop\/arrampica-parma\/","title":{"rendered":"Arrampica Parma"},"content":{"rendered":"<p>\nVie di montagna, falesie, itinerari invernali e cascate nell\u2019Appennino<br \/>\nParmense<\/p>\n<p>A distanza di sedici anni dall\u2019uscita della prima edizione di \u201cArrampica<br \/>\nParma\u201d e di otto anni dalla seconda edizione, ormai esaurita, presentiamo<br \/>\nquesto nuovo lavoro, che fornisce un quadro completo e aggiornato delle<br \/>\narrampicate su roccia e su cascate e dei pi\u00f9 interessanti percorsi invernali<br \/>\nalle cime principali.  <\/p>\n<p>Si \u00e8 cos\u00ec cercato di rappresentare sotto tutti gli aspetti la possibilit\u00e0 di<br \/>\nfrequentazione alpinistica e di arrampicata dell\u2019Appennino Parmense,<br \/>\ntralasciando volutamente gli aspetti turistici ed escursionistici, che non<br \/>\nformano oggetto della presente opera, cos\u00ec come l\u2019arrampicata sui massi, il<br \/>\nbouldering, per la quale esistono pubblicazioni specifiche.  <\/p>\n<p>Pagine: 416  <\/p>","protected":false},"excerpt":{"rendered":"<p>Vie di montagna, falesie, itinerari invernali e cascate nell\u2019Appennino Parmense A distanza di sedici anni dall\u2019uscita della prima edizione di \u201cArrampica Parma\u201d e di otto anni dalla seconda edizione, ormai esaurita, presentiamo questo nuovo lavoro, che fornisce un quadro completo e aggiornato delle arrampicate su roccia e su cascate e dei pi\u00f9 interessanti percorsi invernali [&#8230;]\n","protected":false},"featured_media":33087,"template":"","meta":[],"product_brand":[],"product_cat":[21539],"product_tag":[],"class_list":{"0":"post-147581","1":"product","2":"type-product","3":"status-publish","4":"has-post-thumbnail","6":"product_cat-fuehrerliteratur-sportklettern-bouldern","7":"pa_autor-rampini-mazzani","8":"pa_erscheinungsjahr-21586","9":"pa_region-italien","10":"pa_sprache-it","12":"first","13":"instock","14":"taxable","15":"shipping-taxable","16":"purchasable","17":"product-type-simple"},"_links":{"self":[{"href":"https:\/\/pizbube.ch\/en\/wp-json\/wp\/v2\/product\/147581","targetHints":{"allow":["GET"]}}],"collection":[{"href":"https:\/\/pizbube.ch\/en\/wp-json\/wp\/v2\/product"}],"about":[{"href":"https:\/\/pizbube.ch\/en\/wp-json\/wp\/v2\/types\/product"}],"wp:featuredmedia":[{"embeddable":true,"href":"https:\/\/pizbube.ch\/en\/wp-json\/wp\/v2\/media\/33087"}],"wp:attachment":[{"href":"https:\/\/pizbube.ch\/en\/wp-json\/wp\/v2\/media?parent=147581"}],"wp:term":[{"taxonomy":"product_brand","embeddable":true,"href":"https:\/\/pizbube.ch\/en\/wp-json\/wp\/v2\/product_brand?post=147581"},{"taxonomy":"product_cat","embeddable":true,"href":"https:\/\/pizbube.ch\/en\/wp-json\/wp\/v2\/product_cat?post=147581"},{"taxonomy":"product_tag","embeddable":true,"href":"https:\/\/pizbube.ch\/en\/wp-json\/wp\/v2\/product_tag?post=147581"}],"curies":[{"name":"wp","href":"https:\/\/api.w.org\/{rel}","templated":true}]}}