{"id":147582,"date":"2021-01-15T10:55:32","date_gmt":"2021-01-15T10:55:32","guid":{"rendered":"https:\/\/codengine3.ch\/?product=import-placeholder-for-207898"},"modified":"2024-07-11T12:26:28","modified_gmt":"2024-07-11T10:26:28","slug":"hohe-waende-bei-arco-band-1","status":"publish","type":"product","link":"https:\/\/pizbube.ch\/en\/shop\/hohe-waende-bei-arco-band-1\/","title":{"rendered":"HOHE W\u00c4NDE BEI ARCO Band 1"},"content":{"rendered":"<p>HOHE W\u00c4NDE BEI ARCO Vol. 1<br \/>\nKlassische und moderne Routen im Sarcatal<\/p>\n<p>Vol.1: Arco, Torbole, Val di Ledro, Tenno, Padaro, Dro<\/p>\n<p>Diese Ausgabe ist schon die vierte des einzigen Kletterf\u00fchrers, mehr<br \/>\nLeidenschaft hat Diego Filippi, Autor dieses Buches und wichtigster<br \/>\nProtagonist des Klettersports im Sarcatal, die vielen Fr\u00fcchte seiner Arbeit<br \/>\ndokumentiert.<\/p>\n<p>Gr\u00f6\u00dftes Novum ist die betr\u00e4chtliche Ausweitung des beschriebenen Gebiets: Es<br \/>\numfasst die gesamte Region zwischen Gardasee und Valle dei Laghi; 23 neue<br \/>\nSektoren und 260 neue Routen sind seit der vorherigen Ausgabe hinzugekommen.<br \/>\nbeschreiben zu k\u00f6nnen. Die enorme Anzahl an neuen Routen und Sektoren hat<br \/>\nselbst uns au\u00dferordentlich \u00fcberrascht. Trotz dieser F\u00fclle wollen wir Euch<br \/>\nkeine Aktenberge voller Beschreibungen an den Fels tragen lassen und haben uns<br \/>\ndeshalb entschieden, das Buch aufzuteilen und auf sinnvoll zusammenh\u00e4ngende<br \/>\nAreale einzugrenzen.<\/p>\n<p>Die meisten neuen Routen bietet aktuell die Region vom Sarcatal bei Arco bis<br \/>\nzum Gardasee; sie sind in diesem ersten Band beschrieben. In dem Gebiet sind<br \/>\nviele neue Wege entstanden, beispielsweise am Coste di Loppio bei San<br \/>\nGiovanni, im Val di Ledro oder im noch unbekannten kleinen Tal von Volta di<br \/>\nN\u00f2. Lasst Euch \u00fcberraschen. Auch in dieser Ausgabe hat der Autor alle<br \/>\nZeichnungen und Beschreibungen auf den neuesten Stand gebracht.<\/p>\n<p>Die Schwierigkeitsbewertungen sind erhalten geblieben, ebenso die Bewertung<br \/>\nder Sch\u00f6nheit einer Route und die historischen und logistischen Hinweise. In<br \/>\nkurzen Erz\u00e4hlungen lassen uns aktive und ehemalige Kletterer an ihren<br \/>\nErlebnissen und Abenteuern an den W\u00e4nden des Sarcatals teilhaben.<\/p>\n<p>Ein zweiter Band wird die Felsw\u00e4nde bei Pietramurata, Sarche und weiter bis<br \/>\nins Valle dei Laghi beschreiben. Auch dort gibt es viele neue Touren, so zum<br \/>\nBeispiel an den W\u00e4nden von Fraveggio oder in der Limar\u00f2-Schlucht \u2013 mit viel<br \/>\nPotenzial f\u00fcr mehr.<\/p>\n<p>1. Auflage 2020; 498 Seiten<\/p>","protected":false},"excerpt":{"rendered":"<p>HOHE W\u00c4NDE BEI ARCO Vol. 1 Klassische und moderne Routen im Sarcatal Vol.1: Arco, Torbole, Val di Ledro, Tenno, Padaro, Dro Diese Ausgabe ist schon die vierte des einzigen Kletterf\u00fchrers, mehr Leidenschaft hat Diego Filippi, Autor dieses Buches und wichtigster Protagonist des Klettersports im Sarcatal, die vielen Fr\u00fcchte seiner Arbeit dokumentiert. Gr\u00f6\u00dftes Novum ist die [&#8230;]\n","protected":false},"featured_media":157935,"template":"","meta":[],"product_brand":[],"product_cat":[21539],"product_tag":[],"class_list":{"0":"post-147582","1":"product","2":"type-product","3":"status-publish","4":"has-post-thumbnail","6":"product_cat-fuehrerliteratur-sportklettern-bouldern","7":"pa_autor-filippi","8":"pa_erscheinungsjahr-21558","9":"pa_region-italien","10":"pa_sprache-de","12":"first","13":"instock","14":"taxable","15":"shipping-taxable","16":"purchasable","17":"product-type-simple"},"_links":{"self":[{"href":"https:\/\/pizbube.ch\/en\/wp-json\/wp\/v2\/product\/147582","targetHints":{"allow":["GET"]}}],"collection":[{"href":"https:\/\/pizbube.ch\/en\/wp-json\/wp\/v2\/product"}],"about":[{"href":"https:\/\/pizbube.ch\/en\/wp-json\/wp\/v2\/types\/product"}],"wp:featuredmedia":[{"embeddable":true,"href":"https:\/\/pizbube.ch\/en\/wp-json\/wp\/v2\/media\/157935"}],"wp:attachment":[{"href":"https:\/\/pizbube.ch\/en\/wp-json\/wp\/v2\/media?parent=147582"}],"wp:term":[{"taxonomy":"product_brand","embeddable":true,"href":"https:\/\/pizbube.ch\/en\/wp-json\/wp\/v2\/product_brand?post=147582"},{"taxonomy":"product_cat","embeddable":true,"href":"https:\/\/pizbube.ch\/en\/wp-json\/wp\/v2\/product_cat?post=147582"},{"taxonomy":"product_tag","embeddable":true,"href":"https:\/\/pizbube.ch\/en\/wp-json\/wp\/v2\/product_tag?post=147582"}],"curies":[{"name":"wp","href":"https:\/\/api.w.org\/{rel}","templated":true}]}}