{"id":147583,"date":"2021-01-15T10:55:32","date_gmt":"2021-01-15T10:55:32","guid":{"rendered":"https:\/\/codengine3.ch\/?product=import-placeholder-for-200234"},"modified":"2021-01-15T10:55:37","modified_gmt":"2021-01-15T10:55:37","slug":"niedere-tatra-und-slowakisches-paradies","status":"publish","type":"product","link":"https:\/\/pizbube.ch\/en\/shop\/niedere-tatra-und-slowakisches-paradies\/","title":{"rendered":"Niedere Tatra und Slowakisches Paradies"},"content":{"rendered":"<p>\nUrspr\u00fcnglichkeit und fast unber\u00fchrte Natur \u2013 entdecken Sie ein unbekanntes<br \/>\nWanderparadies mitten in Europa!  <\/p>\n<p>Geheimtipps werden immer wieder und \u00fcberall proklamiert \u2013 aber diese<br \/>\nWanderregion ist in der Tat einer! Im Herzen Europas und in der Mitte der<br \/>\nSlowakei halten die Niedere Tatra und das Slowakische Paradies nahezu<br \/>\nunber\u00fchrte Einsamkeit bei Wanderungen in einer vielf\u00e4ltigen Gebirgslandschaft<br \/>\nvon knapp \u00fcber 2000 Metern H\u00f6he bereit \u2013 einzigartige Naturerlebnisse<br \/>\ninklusive. Lediglich im Kernbereich um die h\u00f6chsten Gipfel wandern teilweise<br \/>\n\u00e4hnlich viele Touristen wie im sich in Sichtweite befindlichen, weitaus<br \/>\nbekannteren Bergmassiv der Hohen Tatra.  <\/p>\n<p>62 lohnende Unternehmungen hat Martin Moder in diesem opulenten Rother<br \/>\nWanderf\u00fchrer zusammengestellt. Ob ein aussichtsreicher Spaziergang mit Blick<br \/>\nauf die h\u00f6chsten und noch schneebedeckten Gipfel im Fr\u00fchjahr, eine<br \/>\nGebirgs\u00fcberschreitung mit romantischen H\u00fctten\u00fcbernachtungen im Hochsommer,<br \/>\nabenteuerliche Schluchtendurchquerungen im Slowakischen Paradies im Herbst<br \/>\noder eine Wanderung zum umbier im Winter \u2013 zu allen Jahreszeiten lohnt sich<br \/>\nein Besuch.  <\/p>\n<p>Typisch Rother: Sorgf\u00e4ltig recherchierte Wanderstrecken, verl\u00e4ssliche<br \/>\nWegbeschreibungen, detaillierte Informationen zu Verkehrsanbindung und<br \/>\nAnforderungen sowie aussagekr\u00e4ftige H\u00f6henprofile und detaillierte<br \/>\nKartenausschnitte machen alle Tourenvorschl\u00e4ge leicht und sicher<br \/>\nnachvollziehbar. Erg\u00e4nzend stehen GPS-Daten zum Download bereit. Zahlreiche<br \/>\nFotos stimmen auf ein erlebnisreiches Wandern ein.  <\/p>\n<p>296 Seiten mit 222 Farbabbildungen.<br \/>\n62 H\u00f6henprofile, 62 Wanderk\u00e4rtchen im Ma\u00dfstab 1:50.000\/1:75.000\/1:100.000,<br \/>\nzwei \u00dcbersichtskarten, GPS-Tracks zum Download.<br \/>\n1. Auflage 2020  <\/p>","protected":false},"excerpt":{"rendered":"<ul>\n<li><a href=\"https:\/\/pizbube.ch\/wp-content\/uploads\/attachments\/a_002\/16B26C77917AF875375FC456EF2FB1F1.pdf\" target=\"_blank\" rel=\"noopener\">PDF: niedere_tatra_inhalt<\/a><\/li>\n<\/ul>","protected":false},"featured_media":26293,"template":"","meta":[],"product_brand":[],"product_cat":[21605],"product_tag":[],"class_list":{"0":"post-147583","1":"product","2":"type-product","3":"status-publish","4":"has-post-thumbnail","6":"product_cat-wanderfuehrer-trekking","7":"pa_autor-moder","8":"pa_erscheinungsjahr-21558","9":"pa_region-osteuropa","10":"pa_sprache-de","12":"first","13":"instock","14":"taxable","15":"shipping-taxable","16":"purchasable","17":"product-type-simple"},"_links":{"self":[{"href":"https:\/\/pizbube.ch\/en\/wp-json\/wp\/v2\/product\/147583","targetHints":{"allow":["GET"]}}],"collection":[{"href":"https:\/\/pizbube.ch\/en\/wp-json\/wp\/v2\/product"}],"about":[{"href":"https:\/\/pizbube.ch\/en\/wp-json\/wp\/v2\/types\/product"}],"wp:featuredmedia":[{"embeddable":true,"href":"https:\/\/pizbube.ch\/en\/wp-json\/wp\/v2\/media\/26293"}],"wp:attachment":[{"href":"https:\/\/pizbube.ch\/en\/wp-json\/wp\/v2\/media?parent=147583"}],"wp:term":[{"taxonomy":"product_brand","embeddable":true,"href":"https:\/\/pizbube.ch\/en\/wp-json\/wp\/v2\/product_brand?post=147583"},{"taxonomy":"product_cat","embeddable":true,"href":"https:\/\/pizbube.ch\/en\/wp-json\/wp\/v2\/product_cat?post=147583"},{"taxonomy":"product_tag","embeddable":true,"href":"https:\/\/pizbube.ch\/en\/wp-json\/wp\/v2\/product_tag?post=147583"}],"curies":[{"name":"wp","href":"https:\/\/api.w.org\/{rel}","templated":true}]}}