{"id":147586,"date":"2021-01-15T10:55:33","date_gmt":"2021-01-15T10:55:33","guid":{"rendered":"https:\/\/codengine3.ch\/?product=import-placeholder-for-202602"},"modified":"2025-01-15T15:57:49","modified_gmt":"2025-01-15T14:57:49","slug":"hohe-tatra-die-schoensten-tal-und-hoehenwanderungen","status":"publish","type":"product","link":"https:\/\/pizbube.ch\/en\/shop\/hohe-tatra-die-schoensten-tal-und-hoehenwanderungen\/","title":{"rendered":"Hohe Tatra &#8211; Die sch\u00f6nsten Tal- und H\u00f6henwanderungen"},"content":{"rendered":"<p>Die Hohe Tatra ist das kleinste Hochgebirge Europas, aber das h\u00f6chste im<br \/>\nlangen Bogen der Karpaten. Ihre felsigen, zerkl\u00fcfteten Grate unterscheiden<br \/>\nsich markant von den angrenzenden Gebirgen mit ihren grasbewachsenen<br \/>\nBergr\u00fccken, und ihre Gipfel ragen im Gerlachovsk\u00fd \u0161t\u00edt bis zu 2655 Meter H\u00f6he<br \/>\nauf. Die mehr als hundert, oft sagenumwobenen Seen sind die Perlen der Hohen<br \/>\nTatra. 1949 wurde dieses Gebiet im Grenzbereich zwischen der Slowakei und<br \/>\nPolen zum Nationalpark erkl\u00e4rt und unterliegt seitdem \u00e4u\u00dferst strengen<br \/>\nSchutzbestimmungen.<\/p>\n<p>Der Rother Wanderf\u00fchrer Hohe Tatra stellt f\u00fcr den gem\u00e4\u00dfigten Wanderer, aber<br \/>\nauch f\u00fcr den erfahrenen Bergsteiger 50 Touren in dieser wilden Gebirgsgegend<br \/>\nvor. Alle Wanderrouten werden ausf\u00fchrlich und detailliert beschrieben, sodass<br \/>\nsich jeder leicht zurechtfindet. Die abwechslungsreiche Tourenauswahl bietet<br \/>\nf\u00fcr alle etwas: vom einfachen Spaziergang am Fu\u00df der gro\u00dfen Felsberge \u00fcber<br \/>\nbeschauliche Seenwanderungen bis hin zu schwierigeren und anstrengenderen<br \/>\nGipfeltouren, bei denen man schon einmal Hand an den Fels legen muss. Die<br \/>\nTouren f\u00fchren in den slowakischen Teil der Hohen Tatra sowie in das polnische<br \/>\nGebiet um den traditionsreichen Ferienort Zakopane.<\/p>\n<p>Eine Kurzinfo, Wanderk\u00e4rtchen im Ma\u00dfstab 1:50.000 und 1:75.000 mit<br \/>\neingetragenem Routenverlauf, eine detaillierte Wegbeschreibung zu jeder der 50<br \/>\nvorgeschlagenen Touren sowie eine \u00dcbersichtskarte erleichtern dem Wanderer<br \/>\nsowohl die Planung als auch die Durchf\u00fchrung seiner Exkursionen. Die<br \/>\nFarbbilder vermitteln einen ersten Eindruck von der prachtvollen Gebirgswelt<br \/>\nder Hohen Tatra. Der Wanderf\u00fchrer ist auch in der aktualisierten sechsten<br \/>\nAuflage ein zuverl\u00e4ssiger Begleiter f\u00fcr alle, die dieses Kleinod in seiner<br \/>\nganzen Sch\u00f6nheit entdecken und erleben wollen.<\/p>\n<p>192 Seiten mit 129 Farbabbildungen<br \/>\n50 Wanderk\u00e4rtchen im Ma\u00dfstab 1:50.000 und 1:75.000, eine \u00dcbersichtskarte im<br \/>\nMa\u00dfstab 1:400.000, GPS-Tracks zum Download<\/p>\n<p>10., aktualisierte Auflage 2024<\/p>","protected":false},"excerpt":{"rendered":"<ul>\n<li><a href=\"https:\/\/pizbube.ch\/wp-content\/uploads\/attachments\/a_025\/96A15682A4E5323677D23C3AC4ACF865.pdf\" target=\"_blank\" rel=\"noopener\">PDF: Hohe Tatra Inhalt<\/a><\/li>\n<\/ul>","protected":false},"featured_media":162896,"template":"","meta":[],"product_brand":[],"product_cat":[21605],"product_tag":[],"class_list":{"0":"post-147586","1":"product","2":"type-product","3":"status-publish","4":"has-post-thumbnail","6":"product_cat-wanderfuehrer-trekking","7":"pa_autor-klumpar","8":"pa_erscheinungsjahr-27339","9":"pa_region-osteuropa","10":"pa_sprache-de","12":"first","13":"instock","14":"taxable","15":"shipping-taxable","16":"purchasable","17":"product-type-simple"},"_links":{"self":[{"href":"https:\/\/pizbube.ch\/en\/wp-json\/wp\/v2\/product\/147586","targetHints":{"allow":["GET"]}}],"collection":[{"href":"https:\/\/pizbube.ch\/en\/wp-json\/wp\/v2\/product"}],"about":[{"href":"https:\/\/pizbube.ch\/en\/wp-json\/wp\/v2\/types\/product"}],"wp:featuredmedia":[{"embeddable":true,"href":"https:\/\/pizbube.ch\/en\/wp-json\/wp\/v2\/media\/162896"}],"wp:attachment":[{"href":"https:\/\/pizbube.ch\/en\/wp-json\/wp\/v2\/media?parent=147586"}],"wp:term":[{"taxonomy":"product_brand","embeddable":true,"href":"https:\/\/pizbube.ch\/en\/wp-json\/wp\/v2\/product_brand?post=147586"},{"taxonomy":"product_cat","embeddable":true,"href":"https:\/\/pizbube.ch\/en\/wp-json\/wp\/v2\/product_cat?post=147586"},{"taxonomy":"product_tag","embeddable":true,"href":"https:\/\/pizbube.ch\/en\/wp-json\/wp\/v2\/product_tag?post=147586"}],"curies":[{"name":"wp","href":"https:\/\/api.w.org\/{rel}","templated":true}]}}