{"id":147588,"date":"2021-01-15T10:55:33","date_gmt":"2021-01-15T10:55:33","guid":{"rendered":"https:\/\/codengine3.ch\/?product=import-placeholder-for-200236"},"modified":"2023-07-27T10:47:20","modified_gmt":"2023-07-27T08:47:20","slug":"das-grosse-buch-der-4000er","status":"publish","type":"product","link":"https:\/\/pizbube.ch\/en\/shop\/das-grosse-buch-der-4000er\/","title":{"rendered":"Das grosse Buch der 4000er"},"content":{"rendered":"<p>Normalrouten und Klassiker<\/p>\n<p>Eine beschr\u00e4nkte Zahl von Gipfeln erreicht die Viertausendergrenze, ein paar<br \/>\nwenige \u00fcbertreffen 4500 Meter und ein einziger, der Mont Blanc, kommt nahe an<br \/>\n5000 Meter heran. Verglichen mit den meisten anderen Bergen der Alpenkette<br \/>\nweisen ihre Viertausender bedeutende Proportionen auf. Auch wenn sie, was ihre<br \/>\nH\u00f6he anbelangt, nur halb so hoch sind wie die h\u00f6chsten Himalaja-Spitzen, so<br \/>\nsind die Viertausender doch die wahren \u201eGiganten der Alpen\u201c: majest\u00e4tische,<br \/>\nber\u00fchmte und vor allem geschichtstr\u00e4chtige Gipfel.<\/p>\n<p>Der aktuelle F\u00fchrer stellt die Normalrouten und zus\u00e4tzlich viele klassische<br \/>\nAnstiege auf die Viertausender der Alpen vor: Das Werk von Marco Romelli und<br \/>\nValentino Cividini pr\u00e4sentiert die Berge und ihre wichtigsten Routen<br \/>\nangefangen vom Massiv der \u00c9crins und dem Gran Paradiso \u00fcber den ausgedehnten<br \/>\nTeil der Mont-Blanc-Viertausender; dann folgen Grand Combin, die Gruppe um<br \/>\nWeisshorn und Matterhorn, das Monte-Rosa-Massiv, Kette von Mischabel und<br \/>\nWeissmies, die Berner Alpen und schliesslich der Piz Bernina.<\/p>\n<p>Die detaillierten Beschreibungen werden erg\u00e4nzt mit Fotos mit eingezeichneten<br \/>\nRoutenverl\u00e4ufen, K\u00e4rtchen und wo n\u00f6tig Skizzen. Dar\u00fcber hinaus findet der<br \/>\nLeser eine ausf\u00fchrliche Einf\u00fchrung zur Geschichte und Faszination der<br \/>\nViertausender der Alpen und eine \u201ctechnischere\u201d mit Sicherheitstipps und<br \/>\nanderen n\u00fctzlichen Informationen.<\/p>\n<p>Weiter vervollst\u00e4ndigen ein Gipfelverzeichnis nach H\u00f6he, ein Routenverzeichnis nach Schwierigkeit sowie<br \/>\nein 4000er-Tagebuch, in dem man die eigenen Besteigungen eintragen kann, das<br \/>\numfangreiche F\u00fchrerwerk \u00fcber die Riesen der Alpen. Hier findet jeder die<br \/>\nBesteigung f\u00fcr seinen Geschmack und seine F\u00e4higkeiten: vom \u201eleichten\u201c<br \/>\nViertausender wie Breithorn oder Vincent-Pyramide bis zur grossartigen,<br \/>\nanspruchsvollen Grat\u00fcberschreitung der Jorasses-Viertausender oder des<br \/>\nBrouillard-Grats.<\/p>\n<p>2. Auflage 2021<\/p>","protected":false},"excerpt":{"rendered":"<ul>\n<li><strong><a href=\"https:\/\/pizbube.ch\/wp-content\/uploads\/attachments\/a_002\/17445E9ECD38760C7A82DC9F4B569591.pdf\" target=\"_blank\" rel=\"noopener\">PDF: Leseprobe Das grosse Buch der 4000 der Alpen.pdf<\/a><\/strong><\/li>\n<\/ul>","protected":false},"featured_media":158062,"template":"","meta":[],"product_brand":[],"product_cat":[21544],"product_tag":[],"class_list":{"0":"post-147588","1":"product","2":"type-product","3":"status-publish","4":"has-post-thumbnail","6":"product_cat-fuehrerliteratur-alpin-sommer","7":"pa_autor-romelli-cividini","8":"pa_erscheinungsjahr-25440","9":"pa_region-schweiz","10":"pa_sprache-de","12":"first","13":"instock","14":"taxable","15":"shipping-taxable","16":"purchasable","17":"product-type-simple"},"_links":{"self":[{"href":"https:\/\/pizbube.ch\/en\/wp-json\/wp\/v2\/product\/147588","targetHints":{"allow":["GET"]}}],"collection":[{"href":"https:\/\/pizbube.ch\/en\/wp-json\/wp\/v2\/product"}],"about":[{"href":"https:\/\/pizbube.ch\/en\/wp-json\/wp\/v2\/types\/product"}],"wp:featuredmedia":[{"embeddable":true,"href":"https:\/\/pizbube.ch\/en\/wp-json\/wp\/v2\/media\/158062"}],"wp:attachment":[{"href":"https:\/\/pizbube.ch\/en\/wp-json\/wp\/v2\/media?parent=147588"}],"wp:term":[{"taxonomy":"product_brand","embeddable":true,"href":"https:\/\/pizbube.ch\/en\/wp-json\/wp\/v2\/product_brand?post=147588"},{"taxonomy":"product_cat","embeddable":true,"href":"https:\/\/pizbube.ch\/en\/wp-json\/wp\/v2\/product_cat?post=147588"},{"taxonomy":"product_tag","embeddable":true,"href":"https:\/\/pizbube.ch\/en\/wp-json\/wp\/v2\/product_tag?post=147588"}],"curies":[{"name":"wp","href":"https:\/\/api.w.org\/{rel}","templated":true}]}}