{"id":147589,"date":"2021-01-15T10:55:33","date_gmt":"2021-01-15T10:55:33","guid":{"rendered":"https:\/\/codengine3.ch\/?product=import-placeholder-for-200957"},"modified":"2023-07-21T09:32:37","modified_gmt":"2023-07-21T07:32:37","slug":"4000er-tourenfuehrer","status":"publish","type":"product","link":"https:\/\/pizbube.ch\/en\/shop\/4000er-tourenfuehrer\/","title":{"rendered":"4000er Tourenf\u00fchrer"},"content":{"rendered":"<p>Die Normalrouten auf alle Viertausender in den Alpen.<br \/>\nFaszination 4000er \u2013 Tourenf\u00fchrer Alpen<\/p>\n<p>Viertausender-Bergsteigen ist gro\u00dfes Bergsteigen, und Viertausender zu \u00bbsammeln\u00ab, geh\u00f6rt zu den Leidenschaften vieler Bergsteiger. Doch schon die Normalwege auf diese Berge sind beachtliche Herausforderungen und verlangen alpine Erfahrung. Richard Goedekes Tourenf\u00fchrer bietet f\u00fcr 4000er-Aspiranten alle wichtigen Informationen zu den Normalwegen der begehrten \u00bbGro\u00dfen\u00ab \u2013 vom Piz Berninan \u00fcber das Matterhorn bis zum Barre des \u00c9crins: der ultimative F\u00fchrer f\u00fcr unterwegs und f\u00fcr jeden 4000er-Sammler ein Muss! Neuauflage, komplett aktualisiert und mit neuen, spannenden Fotos.<\/p>\n<p>Hier noch ein kurzer Auszug aus dem Inhaltsverzeichnis:<\/p>\n<ul>\n<li>Die gro\u00dfen Einzelberge<\/li>\n<li>Berner Alpen<\/li>\n<li>\u00d6stliches Berner Oberland<\/li>\n<li>Walliser Alpen<\/li>\n<li>N\u00f6rdliche Walliser Alpen &#8211; Allalingruppe<\/li>\n<li>Nordwestliche Walliser Alpen<\/li>\n<li>\u00d6stlicher Walliser Grenzkamm &#8211; Monte-Rosa-Gruppe<\/li>\n<li>Zentraler Walliser Grenzkamm<\/li>\n<li>Westlicher Walliser Grenzkamm<\/li>\n<li>Mont-Blanc-Massiv<\/li>\n<\/ul>\n<p>160 Farbfotos. 224 S.; aktualis. Neuaufl. 2022<\/p>","protected":false},"excerpt":{"rendered":"<p>Die Normalrouten auf alle Viertausender in den Alpen. Faszination 4000er \u2013 Tourenf\u00fchrer Alpen Viertausender-Bergsteigen ist gro\u00dfes Bergsteigen, und Viertausender zu \u00bbsammeln\u00ab, geh\u00f6rt zu den Leidenschaften vieler Bergsteiger. Doch schon die Normalwege auf diese Berge sind beachtliche Herausforderungen und verlangen alpine Erfahrung. Richard Goedekes Tourenf\u00fchrer bietet f\u00fcr 4000er-Aspiranten alle wichtigen Informationen zu den Normalwegen der begehrten [&#8230;]\n","protected":false},"featured_media":168669,"template":"","meta":[],"product_brand":[],"product_cat":[21544],"product_tag":[],"class_list":{"0":"post-147589","1":"product","2":"type-product","3":"status-publish","4":"has-post-thumbnail","6":"product_cat-fuehrerliteratur-alpin-sommer","7":"pa_autor-goedeke","8":"pa_erscheinungsjahr-27013","9":"pa_region-schweiz","10":"pa_sprache-de","12":"first","13":"instock","14":"taxable","15":"shipping-taxable","16":"purchasable","17":"product-type-simple"},"_links":{"self":[{"href":"https:\/\/pizbube.ch\/en\/wp-json\/wp\/v2\/product\/147589","targetHints":{"allow":["GET"]}}],"collection":[{"href":"https:\/\/pizbube.ch\/en\/wp-json\/wp\/v2\/product"}],"about":[{"href":"https:\/\/pizbube.ch\/en\/wp-json\/wp\/v2\/types\/product"}],"wp:featuredmedia":[{"embeddable":true,"href":"https:\/\/pizbube.ch\/en\/wp-json\/wp\/v2\/media\/168669"}],"wp:attachment":[{"href":"https:\/\/pizbube.ch\/en\/wp-json\/wp\/v2\/media?parent=147589"}],"wp:term":[{"taxonomy":"product_brand","embeddable":true,"href":"https:\/\/pizbube.ch\/en\/wp-json\/wp\/v2\/product_brand?post=147589"},{"taxonomy":"product_cat","embeddable":true,"href":"https:\/\/pizbube.ch\/en\/wp-json\/wp\/v2\/product_cat?post=147589"},{"taxonomy":"product_tag","embeddable":true,"href":"https:\/\/pizbube.ch\/en\/wp-json\/wp\/v2\/product_tag?post=147589"}],"curies":[{"name":"wp","href":"https:\/\/api.w.org\/{rel}","templated":true}]}}