{"id":147592,"date":"2021-01-15T10:55:33","date_gmt":"2021-01-15T10:55:33","guid":{"rendered":"https:\/\/codengine3.ch\/?product=import-placeholder-for-207452"},"modified":"2025-07-02T15:28:11","modified_gmt":"2025-07-02T13:28:11","slug":"mont-blanc-klassisch-plaisir","status":"publish","type":"product","link":"https:\/\/pizbube.ch\/en\/shop\/mont-blanc-klassisch-plaisir\/","title":{"rendered":"Mont Blanc klassisch &amp; plaisir"},"content":{"rendered":"<p>Dieser Alpin- und Kletterf\u00fchrer beschreibt insgesamt 80 Routen im gesamten<br \/>\nMont Blanc Massiv. Sowohl Hochtouren und reine Eisrouten sind beschrieben wie<br \/>\nauch nur teilweise eingerichtete alpine Routen und alpine Sportkletterrouten,<br \/>\n.<\/p>\n<p>Alle Routen werden detailliert beschrieben:<br \/>\nNeben kurzer allgemeiner Charakterisierung der Route finden sich detaillierte<br \/>\nInformationen zu ben\u00f6tigten Material, Zustieg, exakten Routenverlauf, Abstieg<br \/>\nsowie Hinweise zu g\u00fcnstigen Verh\u00e4ltnissen. Zus\u00e4tzliche Informationen sind in<br \/>\nKurzform aufgef\u00fchrt: Erstbegehung, Schwierigkeit, H\u00f6henunterschied,<br \/>\nExposition, St\u00fctzpunkte.<\/p>\n<p>Jede Tour wird mit Topo auf einer Farbfotografie sowie als detaillierte Skizze<br \/>\ndargestellt.<\/p>\n<p>80 Routen, 416 Seiten, zahlr. Abbildungen mit Routen\u00fcbersichten<\/p>","protected":false},"excerpt":{"rendered":"<ul>\n<li><strong><a href=\"https:\/\/pizbube.ch\/wp-content\/uploads\/attachments\/a_024\/8C5E2649AAB0C156E769313F3C020D53.pdf\" target=\"_blank\" rel=\"noopener\">PDF: Inhaltsverzeichnis<\/a><\/strong><\/li>\n<\/ul>","protected":false},"featured_media":162396,"template":"","meta":[],"product_brand":[],"product_cat":[21544,21539],"product_tag":[27298],"class_list":{"0":"post-147592","1":"product","2":"type-product","3":"status-publish","4":"has-post-thumbnail","6":"product_cat-fuehrerliteratur-alpin-sommer","7":"product_cat-fuehrerliteratur-sportklettern-bouldern","8":"product_tag-montblanc-klassisch-plaisir","9":"pa_autor-romelli","10":"pa_erscheinungsjahr-21597","11":"pa_region-frankreich","12":"pa_sprache-de","14":"first","15":"outofstock","16":"taxable","17":"shipping-taxable","18":"purchasable","19":"product-type-simple"},"_links":{"self":[{"href":"https:\/\/pizbube.ch\/en\/wp-json\/wp\/v2\/product\/147592","targetHints":{"allow":["GET"]}}],"collection":[{"href":"https:\/\/pizbube.ch\/en\/wp-json\/wp\/v2\/product"}],"about":[{"href":"https:\/\/pizbube.ch\/en\/wp-json\/wp\/v2\/types\/product"}],"wp:featuredmedia":[{"embeddable":true,"href":"https:\/\/pizbube.ch\/en\/wp-json\/wp\/v2\/media\/162396"}],"wp:attachment":[{"href":"https:\/\/pizbube.ch\/en\/wp-json\/wp\/v2\/media?parent=147592"}],"wp:term":[{"taxonomy":"product_brand","embeddable":true,"href":"https:\/\/pizbube.ch\/en\/wp-json\/wp\/v2\/product_brand?post=147592"},{"taxonomy":"product_cat","embeddable":true,"href":"https:\/\/pizbube.ch\/en\/wp-json\/wp\/v2\/product_cat?post=147592"},{"taxonomy":"product_tag","embeddable":true,"href":"https:\/\/pizbube.ch\/en\/wp-json\/wp\/v2\/product_tag?post=147592"}],"curies":[{"name":"wp","href":"https:\/\/api.w.org\/{rel}","templated":true}]}}