{"id":147593,"date":"2021-01-15T10:55:33","date_gmt":"2021-01-15T10:55:33","guid":{"rendered":"https:\/\/codengine3.ch\/?product=import-placeholder-for-201209"},"modified":"2024-03-22T17:06:54","modified_gmt":"2024-03-22T16:06:54","slug":"leichte-4000er-alpen","status":"publish","type":"product","link":"https:\/\/pizbube.ch\/en\/shop\/leichte-4000er-alpen\/","title":{"rendered":"Leichte 4000er Alpen"},"content":{"rendered":"<p>Die Normalwege auf 35 hohe Gipfel vom D\u00f4me de Neige bis zum Piz Bernina<\/p>\n<p>4000 Meter und mehr<br \/>\nSie sind ambitionierter Bergsteiger und ein 4000er reizt Sie schon lange?<br \/>\nWorauf warten Sie dann noch? Hier kommen 35 der leichteren und m\u00e4\u00dfig<br \/>\nschwierigen Alpengipfel, die auch 4000er-Neulinge bew\u00e4ltigen k\u00f6nnen: darunter<br \/>\nder 4015 Meter hohe D\u00f4me de Neige im \u00c9crins-Massiv, der 4061 Meter hohe Gran<br \/>\nParadiso im Aostatal und die 4563 Meter hohe Zumsteinspitze im Monte-Rosa-<br \/>\nMassiv.<\/p>\n<p>Ein Tourenf\u00fchrer mit allen n\u00f6tigen Infos f\u00fcr Ihr 4000er-Gipfelgl\u00fcck.<br \/>\n160 Seiten, ca. 150 Abbildungen, Format 16,5 x 23,5 cm, Klappenbroschur mit<br \/>\nFadenheftung<\/p>","protected":false},"excerpt":{"rendered":"<p>Die Normalwege auf 35 hohe Gipfel vom D\u00f4me de Neige bis zum Piz Bernina 4000 Meter und mehr Sie sind ambitionierter Bergsteiger und ein 4000er reizt Sie schon lange? Worauf warten Sie dann noch? Hier kommen 35 der leichteren und m\u00e4\u00dfig schwierigen Alpengipfel, die auch 4000er-Neulinge bew\u00e4ltigen k\u00f6nnen: darunter der 4015 Meter hohe D\u00f4me de [&#8230;]\n","protected":false},"featured_media":172159,"template":"","meta":[],"product_brand":[],"product_cat":[21544],"product_tag":[],"class_list":{"0":"post-147593","1":"product","2":"type-product","3":"status-publish","4":"has-post-thumbnail","6":"product_cat-fuehrerliteratur-alpin-sommer","7":"pa_autor-fink","8":"pa_erscheinungsjahr-27013","9":"pa_region-schweiz","10":"pa_sprache-de","12":"first","13":"instock","14":"taxable","15":"shipping-taxable","16":"purchasable","17":"product-type-simple"},"_links":{"self":[{"href":"https:\/\/pizbube.ch\/en\/wp-json\/wp\/v2\/product\/147593","targetHints":{"allow":["GET"]}}],"collection":[{"href":"https:\/\/pizbube.ch\/en\/wp-json\/wp\/v2\/product"}],"about":[{"href":"https:\/\/pizbube.ch\/en\/wp-json\/wp\/v2\/types\/product"}],"wp:featuredmedia":[{"embeddable":true,"href":"https:\/\/pizbube.ch\/en\/wp-json\/wp\/v2\/media\/172159"}],"wp:attachment":[{"href":"https:\/\/pizbube.ch\/en\/wp-json\/wp\/v2\/media?parent=147593"}],"wp:term":[{"taxonomy":"product_brand","embeddable":true,"href":"https:\/\/pizbube.ch\/en\/wp-json\/wp\/v2\/product_brand?post=147593"},{"taxonomy":"product_cat","embeddable":true,"href":"https:\/\/pizbube.ch\/en\/wp-json\/wp\/v2\/product_cat?post=147593"},{"taxonomy":"product_tag","embeddable":true,"href":"https:\/\/pizbube.ch\/en\/wp-json\/wp\/v2\/product_tag?post=147593"}],"curies":[{"name":"wp","href":"https:\/\/api.w.org\/{rel}","templated":true}]}}